{"id":921,"date":"2024-11-25T10:40:31","date_gmt":"2024-11-25T10:40:31","guid":{"rendered":"https:\/politica-de-cookies\/"},"modified":"2024-12-16T12:50:03","modified_gmt":"2024-12-16T12:50:03","slug":"politica-de-cookies","status":"publish","type":"page","link":"https:\/\/davidsarsanedas.com\/es\/politica-de-cookies\/","title":{"rendered":"Pol\u00edtica de cookies"},"content":{"rendered":"\t\t<div data-elementor-type=\"wp-page\" data-elementor-id=\"921\" class=\"elementor elementor-921 elementor-792\" data-elementor-post-type=\"page\">\n\t\t\t\t\t\t<section class=\"elementor-section elementor-top-section elementor-element elementor-element-927f831 elementor-section-boxed elementor-section-height-default elementor-section-height-default\" data-id=\"927f831\" data-element_type=\"section\" data-e-type=\"section\">\n\t\t\t\t\t\t<div class=\"elementor-container elementor-column-gap-wide\">\n\t\t\t\t\t<div class=\"elementor-column elementor-col-100 elementor-top-column elementor-element elementor-element-a73ade9\" data-id=\"a73ade9\" data-element_type=\"column\" data-e-type=\"column\">\n\t\t\t<div class=\"elementor-widget-wrap elementor-element-populated\">\n\t\t\t\t\t\t<div class=\"elementor-element elementor-element-f8011d9 elementor-widget elementor-widget-heading\" data-id=\"f8011d9\" data-element_type=\"widget\" data-e-type=\"widget\" data-widget_type=\"heading.default\">\n\t\t\t\t<div class=\"elementor-widget-container\">\n\t\t\t\t\t<h1 class=\"elementor-heading-title elementor-size-default\">Pol\u00edtica de cookies<\/h1>\t\t\t\t<\/div>\n\t\t\t\t<\/div>\n\t\t\t\t\t<\/div>\n\t\t<\/div>\n\t\t\t\t\t<\/div>\n\t\t<\/section>\n\t\t<div class=\"elementor-element elementor-element-d6c69da e-flex e-con-boxed e-con e-parent\" data-id=\"d6c69da\" data-element_type=\"container\" data-e-type=\"container\">\n\t\t\t\t\t<div class=\"e-con-inner\">\n\t\t<div class=\"elementor-element elementor-element-878acb5 e-con-full e-flex e-con e-child\" data-id=\"878acb5\" data-element_type=\"container\" data-e-type=\"container\">\n\t\t\t\t<div class=\"elementor-element elementor-element-16f1b88 elementor-widget__width-initial elementor-widget elementor-widget-text-editor\" data-id=\"16f1b88\" data-element_type=\"widget\" data-e-type=\"widget\" data-widget_type=\"text-editor.default\">\n\t\t\t\t<div class=\"elementor-widget-container\">\n\t\t\t\t\t\t\t\t\t<p>\u00daltima actualizaci\u00f3n: 20\/11\/2024<\/p>\n<p><strong>1. \u00bfQU\u00c9 SON LAS COOKIES?<\/strong><\/p>\n<p>Este sitio web, <a href=\"https:\/es\/\" target=\"_new\" rel=\"noopener\">https:\/<\/a> (en adelante, el \u00abSitio Web\u00bb), utiliza cookies y otras tecnolog\u00edas similares para garantizar el correcto funcionamiento del sitio, mejorar tu experiencia de navegaci\u00f3n y recoger informaci\u00f3n estad\u00edstica sobre el uso del sitio.<\/p>\n<p>Las cookies son peque\u00f1os archivos de texto que se guardan en tu dispositivo al visitar un sitio web. \u00c9stas permiten al sitio recordar informaci\u00f3n sobre tu visita, como las preferencias de idioma o configuraciones, y facilitar tu pr\u00f3xima visita. <\/p>\n<p><strong>2. TIPO DE COOKIES UTILIZADAS<\/strong><\/p>\n<p>En el Sitio Web utilizamos las siguientes categor\u00edas de cookies:<\/p>\n<ul>\n<li><strong>Cookies t\u00e9cnicas:<\/strong> Necesarias para el funcionamiento b\u00e1sico del sitio. Sin \u00e9stas, el sitio no puede funcionar correctamente. <\/li>\n<li><strong>Cookies anal\u00edticas:<\/strong> Permiten recoger informaci\u00f3n sobre c\u00f3mo los usuarios interact\u00faan con el Sitio Web para analizar el rendimiento y mejorarlo. Utilizamos <strong>herramientas como Google Analytics<\/strong> para ese prop\u00f3sito. <\/li>\n<li><strong>Cookies de Search Console:<\/strong> Nos ayudan a monitorizar y optimizar la visibilidad del Sitio Web en motores de b\u00fasqueda.<\/li>\n<\/ul>\n<div> <\/div>\n<p><strong>3. \u00bfQU\u00c9 COOKIES UTILIZAMOS?<\/strong><\/p>\n<p>A continuaci\u00f3n se detalla una lista de las cookies utilizadas en el Sitio Web:<\/p>\n<table>\n<thead>\n<tr>\n<th><strong>Nombre de la cookie<\/strong><\/th>\n<th><strong>Finalidad<\/strong><\/th>\n<th><strong>Propiedad<\/strong><\/th>\n<th><strong>Expiraci\u00f3n<\/strong><\/th>\n<\/tr>\n<\/thead>\n<tbody>\n<tr>\n<td>_ga<\/td>\n<td>Anal\u00edtica de Google Analytics<\/td>\n<td>Terceros<\/td>\n<td>2 a\u00f1os<\/td>\n<\/tr>\n<tr>\n<td>_gid<\/td>\n<td>Distinci\u00f3n entre usuarios en Analytics<\/td>\n<td>Terceros<\/td>\n<td>24 horas<\/td>\n<\/tr>\n<tr>\n<td>_gat<\/td>\n<td>Limitaci\u00f3n de solicitudes a Analytics<\/td>\n<td>Terceros<\/td>\n<td>1 minuto<\/td>\n<\/tr>\n<tr>\n<td>search_console_data<\/td>\n<td>Monitorizaci\u00f3n de motores de b\u00fasqueda<\/td>\n<td>Terceros<\/td>\n<td>Sesi\u00f3n<\/td>\n<\/tr>\n<\/tbody>\n<\/table>\n<p><strong>4. GESTI\u00d3N Y DESACTIVACI\u00d3N DE LAS COOKIES<\/strong><\/p>\n<p>Puedes configurar tu navegador para aceptar, rechazar o eliminar las cookies:<\/p>\n<ul>\n<li><strong>Google Chrome:<\/strong> <a target=\"_new\" rel=\"noopener\">Configurar cookies en Chrome<\/a><\/li>\n<li><strong>Mozilla Firefox:<\/strong> <a href=\"https:\/\/support.mozilla.org\/ca\/kb\/habilitar-i-inhabilitar-les-cookies\" target=\"_new\" rel=\"noopener\">Configurar cookies en Firefox<\/a><\/li>\n<li><strong>Safari:<\/strong> <a href=\"https:\/\/support.apple.com\/ca-es\/guide\/safari\/sfri11471\/mac\" target=\"_new\" rel=\"noopener\">Configurar cookies en Safari<\/a><\/li>\n<li><strong>Microsoft Edge:<\/strong> <a href=\"https:\/\/support.microsoft.com\/ca-es\/microsoft-edge\/suprimir-i-administrar-les-cookies-168dab11-0753-043d-7c16-ede5947fc64d\" target=\"_new\" rel=\"noopener\">Configurar cookies en Edge<\/a><\/li>\n<\/ul>\n<div> <\/div>\n<p><strong>5. ACEPTACI\u00d3N Y MODIFICACI\u00d3N DE LA POL\u00cdTICA DE COOKIES<\/strong><\/p>\n<p>Al navegar por el Sitio Web, aceptas el uso de cookies en las condiciones expuestas en esta Pol\u00edtica. Esta Pol\u00edtica puede actualizarse peri\u00f3dicamente para reflejar cambios legislativos o t\u00e9cnicos. <\/p>\n<p><strong>6. CONTACTO<\/strong><\/p>\n<p>Si tienes dudas o quieres m\u00e1s informaci\u00f3n sobre el uso de las cookies en el Sitio Web, puedes contactarnos a trav\u00e9s de:<\/p>\n<ul>\n<li><strong>Correo electr\u00f3nico:<\/strong> <a rel=\"noopener\">davidsarsanedas@gmail.com<\/a><\/li>\n<li><strong>Tel\u00e9fono:<\/strong> 697 60 47 49<\/li>\n<\/ul>\n\t\t\t\t\t\t\t\t<\/div>\n\t\t\t\t<\/div>\n\t\t\t\t<\/div>\n\t\t\t\t\t<\/div>\n\t\t\t\t<\/div>\n\t\t\t\t<\/div>\n\t\t","protected":false},"excerpt":{"rendered":"<p>Pol\u00edtica de cookies \u00daltima actualizaci\u00f3n: 20\/11\/2024 1. \u00bfQU\u00c9 SON LAS COOKIES? Este sitio web, https:\/ (en adelante, el \u00abSitio Web\u00bb), utiliza cookies y otras tecnolog\u00edas similares para garantizar el correcto funcionamiento del sitio, mejorar tu experiencia de navegaci\u00f3n y recoger informaci\u00f3n estad\u00edstica sobre el uso del sitio. Las cookies son peque\u00f1os archivos de texto que [&hellip;]<\/p>\n","protected":false},"author":3,"featured_media":0,"parent":0,"menu_order":0,"comment_status":"closed","ping_status":"closed","template":"","meta":{"footnotes":""},"class_list":["post-921","page","type-page","status-publish","hentry"],"yoast_head":"<!-- This site is optimized with the Yoast SEO plugin v27.2 - https:\/\/yoast.com\/product\/yoast-seo-wordpress\/ -->\n<title>Pol\u00edtica de cookies - David Sarsanedas<\/title>\n<meta name=\"robots\" content=\"index, follow, max-snippet:-1, max-image-preview:large, max-video-preview:-1\" \/>\n<link rel=\"canonical\" href=\"https:\/\/davidsarsanedas.com\/es\/politica-de-cookies\/\" \/>\n<meta property=\"og:locale\" content=\"es_ES\" \/>\n<meta property=\"og:type\" content=\"article\" \/>\n<meta property=\"og:title\" content=\"Pol\u00edtica de cookies - David Sarsanedas\" \/>\n<meta property=\"og:description\" content=\"Pol\u00edtica de cookies \u00daltima actualizaci\u00f3n: 20\/11\/2024 1. \u00bfQU\u00c9 SON LAS COOKIES? Este sitio web, https:\/ (en adelante, el \u00abSitio Web\u00bb), utiliza cookies y otras tecnolog\u00edas similares para garantizar el correcto funcionamiento del sitio, mejorar tu experiencia de navegaci\u00f3n y recoger informaci\u00f3n estad\u00edstica sobre el uso del sitio. Las cookies son peque\u00f1os archivos de texto que [&hellip;]\" \/>\n<meta property=\"og:url\" content=\"https:\/\/davidsarsanedas.com\/es\/politica-de-cookies\/\" \/>\n<meta property=\"og:site_name\" content=\"David Sarsanedas\" \/>\n<meta property=\"article:modified_time\" content=\"2024-12-16T12:50:03+00:00\" \/>\n<meta name=\"twitter:card\" content=\"summary_large_image\" \/>\n<meta name=\"twitter:label1\" content=\"Tiempo de lectura\" \/>\n\t<meta name=\"twitter:data1\" content=\"2 minutos\" \/>\n<script type=\"application\/ld+json\" class=\"yoast-schema-graph\">{\"@context\":\"https:\/\/schema.org\",\"@graph\":[{\"@type\":\"WebPage\",\"@id\":\"https:\/\/davidsarsanedas.com\/es\/politica-de-cookies\/\",\"url\":\"https:\/\/davidsarsanedas.com\/es\/politica-de-cookies\/\",\"name\":\"Pol\u00edtica de cookies - David Sarsanedas\",\"isPartOf\":{\"@id\":\"https:\/\/davidsarsanedas.com\/es\/#website\"},\"datePublished\":\"2024-11-25T10:40:31+00:00\",\"dateModified\":\"2024-12-16T12:50:03+00:00\",\"breadcrumb\":{\"@id\":\"https:\/\/davidsarsanedas.com\/es\/politica-de-cookies\/#breadcrumb\"},\"inLanguage\":\"es\",\"potentialAction\":[{\"@type\":\"ReadAction\",\"target\":[\"https:\/\/davidsarsanedas.com\/es\/politica-de-cookies\/\"]}]},{\"@type\":\"BreadcrumbList\",\"@id\":\"https:\/\/davidsarsanedas.com\/es\/politica-de-cookies\/#breadcrumb\",\"itemListElement\":[{\"@type\":\"ListItem\",\"position\":1,\"name\":\"Portada\",\"item\":\"https:\/\/davidsarsanedas.com\/es\/david-sarsanedas\/\"},{\"@type\":\"ListItem\",\"position\":2,\"name\":\"Pol\u00edtica de cookies\"}]},{\"@type\":\"WebSite\",\"@id\":\"https:\/\/davidsarsanedas.com\/es\/#website\",\"url\":\"https:\/\/davidsarsanedas.com\/es\/\",\"name\":\"David Sarsanedas\",\"description\":\"Un espai de trobada entre ter\u00e0pies, art, natura i tecnologia\",\"potentialAction\":[{\"@type\":\"SearchAction\",\"target\":{\"@type\":\"EntryPoint\",\"urlTemplate\":\"https:\/\/davidsarsanedas.com\/es\/?s={search_term_string}\"},\"query-input\":{\"@type\":\"PropertyValueSpecification\",\"valueRequired\":true,\"valueName\":\"search_term_string\"}}],\"inLanguage\":\"es\"}]}<\/script>\n<!-- \/ Yoast SEO plugin. -->","yoast_head_json":{"title":"Pol\u00edtica de cookies - David Sarsanedas","robots":{"index":"index","follow":"follow","max-snippet":"max-snippet:-1","max-image-preview":"max-image-preview:large","max-video-preview":"max-video-preview:-1"},"canonical":"https:\/\/davidsarsanedas.com\/es\/politica-de-cookies\/","og_locale":"es_ES","og_type":"article","og_title":"Pol\u00edtica de cookies - David Sarsanedas","og_description":"Pol\u00edtica de cookies \u00daltima actualizaci\u00f3n: 20\/11\/2024 1. \u00bfQU\u00c9 SON LAS COOKIES? Este sitio web, https:\/ (en adelante, el \u00abSitio Web\u00bb), utiliza cookies y otras tecnolog\u00edas similares para garantizar el correcto funcionamiento del sitio, mejorar tu experiencia de navegaci\u00f3n y recoger informaci\u00f3n estad\u00edstica sobre el uso del sitio. Las cookies son peque\u00f1os archivos de texto que [&hellip;]","og_url":"https:\/\/davidsarsanedas.com\/es\/politica-de-cookies\/","og_site_name":"David Sarsanedas","article_modified_time":"2024-12-16T12:50:03+00:00","twitter_card":"summary_large_image","twitter_misc":{"Tiempo de lectura":"2 minutos"},"schema":{"@context":"https:\/\/schema.org","@graph":[{"@type":"WebPage","@id":"https:\/\/davidsarsanedas.com\/es\/politica-de-cookies\/","url":"https:\/\/davidsarsanedas.com\/es\/politica-de-cookies\/","name":"Pol\u00edtica de cookies - David Sarsanedas","isPartOf":{"@id":"https:\/\/davidsarsanedas.com\/es\/#website"},"datePublished":"2024-11-25T10:40:31+00:00","dateModified":"2024-12-16T12:50:03+00:00","breadcrumb":{"@id":"https:\/\/davidsarsanedas.com\/es\/politica-de-cookies\/#breadcrumb"},"inLanguage":"es","potentialAction":[{"@type":"ReadAction","target":["https:\/\/davidsarsanedas.com\/es\/politica-de-cookies\/"]}]},{"@type":"BreadcrumbList","@id":"https:\/\/davidsarsanedas.com\/es\/politica-de-cookies\/#breadcrumb","itemListElement":[{"@type":"ListItem","position":1,"name":"Portada","item":"https:\/\/davidsarsanedas.com\/es\/david-sarsanedas\/"},{"@type":"ListItem","position":2,"name":"Pol\u00edtica de cookies"}]},{"@type":"WebSite","@id":"https:\/\/davidsarsanedas.com\/es\/#website","url":"https:\/\/davidsarsanedas.com\/es\/","name":"David Sarsanedas","description":"Un espai de trobada entre ter\u00e0pies, art, natura i tecnologia","potentialAction":[{"@type":"SearchAction","target":{"@type":"EntryPoint","urlTemplate":"https:\/\/davidsarsanedas.com\/es\/?s={search_term_string}"},"query-input":{"@type":"PropertyValueSpecification","valueRequired":true,"valueName":"search_term_string"}}],"inLanguage":"es"}]}},"_links":{"self":[{"href":"https:\/\/davidsarsanedas.com\/es\/wp-json\/wp\/v2\/pages\/921","targetHints":{"allow":["GET"]}}],"collection":[{"href":"https:\/\/davidsarsanedas.com\/es\/wp-json\/wp\/v2\/pages"}],"about":[{"href":"https:\/\/davidsarsanedas.com\/es\/wp-json\/wp\/v2\/types\/page"}],"author":[{"embeddable":true,"href":"https:\/\/davidsarsanedas.com\/es\/wp-json\/wp\/v2\/users\/3"}],"replies":[{"embeddable":true,"href":"https:\/\/davidsarsanedas.com\/es\/wp-json\/wp\/v2\/comments?post=921"}],"version-history":[{"count":1,"href":"https:\/\/davidsarsanedas.com\/es\/wp-json\/wp\/v2\/pages\/921\/revisions"}],"predecessor-version":[{"id":922,"href":"https:\/\/davidsarsanedas.com\/es\/wp-json\/wp\/v2\/pages\/921\/revisions\/922"}],"wp:attachment":[{"href":"https:\/\/davidsarsanedas.com\/es\/wp-json\/wp\/v2\/media?parent=921"}],"curies":[{"name":"wp","href":"https:\/\/api.w.org\/{rel}","templated":true}]}}