{"id":919,"date":"2024-11-25T10:40:33","date_gmt":"2024-11-25T10:40:33","guid":{"rendered":"https:\/aviso-legal\/"},"modified":"2024-12-16T12:49:39","modified_gmt":"2024-12-16T12:49:39","slug":"aviso-legal","status":"publish","type":"page","link":"https:\/\/davidsarsanedas.com\/es\/aviso-legal\/","title":{"rendered":"Aviso legal"},"content":{"rendered":"\t\t<div data-elementor-type=\"wp-page\" data-elementor-id=\"919\" class=\"elementor elementor-919 elementor-793\" data-elementor-post-type=\"page\">\n\t\t\t\t\t\t<section class=\"elementor-section elementor-top-section elementor-element elementor-element-e0702fe elementor-section-boxed elementor-section-height-default elementor-section-height-default\" data-id=\"e0702fe\" data-element_type=\"section\" data-e-type=\"section\">\n\t\t\t\t\t\t<div class=\"elementor-container elementor-column-gap-wide\">\n\t\t\t\t\t<div class=\"elementor-column elementor-col-100 elementor-top-column elementor-element elementor-element-ad6cf33\" data-id=\"ad6cf33\" data-element_type=\"column\" data-e-type=\"column\">\n\t\t\t<div class=\"elementor-widget-wrap elementor-element-populated\">\n\t\t\t\t\t\t<div class=\"elementor-element elementor-element-fb48fb6 elementor-widget elementor-widget-heading\" data-id=\"fb48fb6\" data-element_type=\"widget\" data-e-type=\"widget\" data-widget_type=\"heading.default\">\n\t\t\t\t<div class=\"elementor-widget-container\">\n\t\t\t\t\t<h1 class=\"elementor-heading-title elementor-size-default\">Aviso legal<\/h1>\t\t\t\t<\/div>\n\t\t\t\t<\/div>\n\t\t\t\t\t<\/div>\n\t\t<\/div>\n\t\t\t\t\t<\/div>\n\t\t<\/section>\n\t\t<div class=\"elementor-element elementor-element-fa5e230 e-flex e-con-boxed e-con e-parent\" data-id=\"fa5e230\" data-element_type=\"container\" data-e-type=\"container\">\n\t\t\t\t\t<div class=\"e-con-inner\">\n\t\t<div class=\"elementor-element elementor-element-b2381b9 e-con-full e-flex e-con e-child\" data-id=\"b2381b9\" data-element_type=\"container\" data-e-type=\"container\">\n\t\t\t\t<div class=\"elementor-element elementor-element-2c8cdcc elementor-widget__width-initial elementor-widget elementor-widget-text-editor\" data-id=\"2c8cdcc\" data-element_type=\"widget\" data-e-type=\"widget\" data-widget_type=\"text-editor.default\">\n\t\t\t\t<div class=\"elementor-widget-container\">\n\t\t\t\t\t\t\t\t\t<p>\u00daltima actualizaci\u00f3n: 20\/11\/2024<\/p>\n<p><strong>1. IDENTIFICACI\u00d3N DEL TITULAR<\/strong><\/p>\n<p>En cumplimiento de lo que establece la Ley 34\/2002, de 11 de julio, de servicios de la sociedad de la informaci\u00f3n y de comercio electr\u00f3nico (LSSICE), se informa que el presente sitio web <a href=\"https:\/es\/\" target=\"_new\" rel=\"noopener\">https:\/<\/a> es propiedad de:<\/p>\n<ul>\n<li><strong>Titular:<\/strong> David Sarsanedas Serrat<\/li>\n<li><strong>DNI\/NIF:<\/strong> 40342826K<\/li>\n<li><strong>Direcci\u00f3n postal:<\/strong> C\/ Brugueres, 11, 17166-El Pasteral (Bodera de Ter), Girona<\/li>\n<li><strong>Correo electr\u00f3nico:<\/strong> <a rel=\"noopener\">davidsarsanedas@gmail.com<\/a><\/li>\n<li><strong>Tel\u00e9fono:<\/strong> 697 60 47 49<\/li>\n<\/ul><div><br><\/div>\n<p><strong>2. OBJETO<\/strong><\/p>\n<p>Este Aviso Legal regula las condiciones generales de acceso y uso del sitio web (en adelante, el \u00abSitio Web\u00bb), que el titular pone a disposici\u00f3n de los usuarios de Internet con el objetivo de informar sobre los servicios, actividades y contenidos relacionados con su actividad profesional.<\/p>\n<p>El acceso y uso del Sitio Web implica la aceptaci\u00f3n plena y sin reservas de todas las disposiciones incluidas en este Aviso Legal. Si no aceptas estas condiciones, te instamos a no utilizar el Sitio Web.<\/p>\n<p><strong>3. CONDICIONES DE USO<\/strong><\/p>\n<p>El usuario se compromete a hacer un uso adecuado de los contenidos y servicios del Sitio Web ya no utilizarlos para actividades il\u00edcitas o contrarias a la buena fe y al orden p\u00fablico.<\/p>\n<p>Quedan prohibidas las siguientes acciones:<\/p>\n<ul>\n<li>Utilizar el Sitio Web para fines fraudulentos o da\u00f1inos.<\/li>\n<li>Introducir virus o cualquier otro malware que pueda perjudicar el funcionamiento del Sitio Web.<\/li>\n<li>Realizar acciones que puedan da\u00f1ar la imagen, intereses o derechos del titular o de terceros.<\/li>\n<\/ul><div><br><\/div>\n<p><strong>4. PROPIEDAD INTELECTUAL E INDUSTRIAL<\/strong><\/p>\n<p>Los contenidos del Sitio Web (textos, im\u00e1genes, gr\u00e1ficos, logotipos, dise\u00f1os, software, etc.) est\u00e1n protegidos por la normativa vigente en materia de propiedad intelectual e industrial.<\/p>\n<ul>\n<li><strong>Titularidad:<\/strong> Los derechos de propiedad intelectual sobre el contenido del Sitio Web pertenecen exclusivamente a David Sarsanedas Serrat oa sus leg\u00edtimos titulares, y no se transfiere ning\u00fan derecho de uso o explotaci\u00f3n m\u00e1s all\u00e1 de lo que sea estrictamente necesario para el uso correcto del Sitio Web.<\/li>\n<li><strong>Uso prohibido:<\/strong> Est\u00e1 prohibido reproducir, distribuir, transformar o comunicar p\u00fablicamente el contenido del Sitio Web sin la previa y expresa autorizaci\u00f3n del titular.<\/li>\n<\/ul><div><br><\/div>\n<p><strong>5. RESPONSABILIDADES<\/strong><\/p>\n<ul>\n<li><strong>Disponibilidad del servicio:<\/strong> El titular no garantiza la disponibilidad permanente del Sitio Web ni la inexistencia de errores en los contenidos, pero se compromete a llevar a cabo las acciones necesarias para corregirlos o solucionarlos lo antes posible.<\/li>\n<li><strong>Uso por parte del usuario:<\/strong> El usuario es el \u00fanico responsable del uso que haga del Sitio Web y de cualquier informaci\u00f3n o contenido que proporcione.<\/li>\n<\/ul><div><br><\/div>\n<p><strong>6. ENLACES A TERCEROS<\/strong><\/p>\n<p>El Sitio Web puede contener enlaces a p\u00e1ginas web de terceros. El titular no asume ninguna responsabilidad sobre el contenido, pol\u00edtica de privacidad o pr\u00e1cticas de estos sitios externos.<\/p>\n<p><strong>7. PRIVACIDAD Y COOKIES<\/strong><\/p>\n<p>El tratamiento de datos personales del usuario se rige por nuestra <a target=\"_new\" rel=\"noopener\">Pol\u00edtica de Privacidad<\/a> . Tambi\u00e9n puedes consultar nuestra <a href=\"https:\/politica-de-cookies\/\" target=\"_new\" rel=\"noopener\">Pol\u00edtica de Cookies<\/a> para obtener informaci\u00f3n sobre el uso de cookies en el Sitio Web.<\/p>\n<p><strong>8. MODIFICACIONES DEL AVISO LEGAL<\/strong><\/p>\n<p>El titular se reserva el derecho a modificar el presente Aviso Legal para adaptarlo a cambios legislativos o t\u00e9cnicos. Se recomienda revisarlo peri\u00f3dicamente.<\/p>\n<p><strong>9. LEGISLACI\u00d3N APLICABLE Y JURISDICCI\u00d3N<\/strong><\/p>\n<p>Este Aviso Legal se rige por la legislaci\u00f3n espa\u00f1ola. Para cualquier controversia que pueda surgir en relaci\u00f3n con el Sitio Web o este Aviso Legal, las partes se someten expresamente a los juzgados y tribunales de Girona, con renuncia a cualquier otro fuero que pueda corresponderles.<\/p>\t\t\t\t\t\t\t\t<\/div>\n\t\t\t\t<\/div>\n\t\t\t\t<\/div>\n\t\t\t\t\t<\/div>\n\t\t\t\t<\/div>\n\t\t\t\t<\/div>\n\t\t","protected":false},"excerpt":{"rendered":"<p>Aviso legal \u00daltima actualizaci\u00f3n: 20\/11\/2024 1. IDENTIFICACI\u00d3N DEL TITULAR En cumplimiento de lo que establece la Ley 34\/2002, de 11 de julio, de servicios de la sociedad de la informaci\u00f3n y de comercio electr\u00f3nico (LSSICE), se informa que el presente sitio web https:\/ es propiedad de: Titular: David Sarsanedas Serrat DNI\/NIF: 40342826K Direcci\u00f3n postal: C\/ [&hellip;]<\/p>\n","protected":false},"author":3,"featured_media":0,"parent":0,"menu_order":0,"comment_status":"closed","ping_status":"closed","template":"","meta":{"footnotes":""},"class_list":["post-919","page","type-page","status-publish","hentry"],"yoast_head":"<!-- This site is optimized with the Yoast SEO plugin v27.2 - https:\/\/yoast.com\/product\/yoast-seo-wordpress\/ -->\n<title>Aviso legal - David Sarsanedas<\/title>\n<meta name=\"robots\" content=\"index, follow, max-snippet:-1, max-image-preview:large, max-video-preview:-1\" \/>\n<link rel=\"canonical\" href=\"https:\/\/davidsarsanedas.com\/es\/aviso-legal\/\" \/>\n<meta property=\"og:locale\" content=\"es_ES\" \/>\n<meta property=\"og:type\" content=\"article\" \/>\n<meta property=\"og:title\" content=\"Aviso legal - David Sarsanedas\" \/>\n<meta property=\"og:description\" content=\"Aviso legal \u00daltima actualizaci\u00f3n: 20\/11\/2024 1. IDENTIFICACI\u00d3N DEL TITULAR En cumplimiento de lo que establece la Ley 34\/2002, de 11 de julio, de servicios de la sociedad de la informaci\u00f3n y de comercio electr\u00f3nico (LSSICE), se informa que el presente sitio web https:\/ es propiedad de: Titular: David Sarsanedas Serrat DNI\/NIF: 40342826K Direcci\u00f3n postal: C\/ [&hellip;]\" \/>\n<meta property=\"og:url\" content=\"https:\/\/davidsarsanedas.com\/es\/aviso-legal\/\" \/>\n<meta property=\"og:site_name\" content=\"David Sarsanedas\" \/>\n<meta property=\"article:modified_time\" content=\"2024-12-16T12:49:39+00:00\" \/>\n<meta name=\"twitter:card\" content=\"summary_large_image\" \/>\n<meta name=\"twitter:label1\" content=\"Tiempo de lectura\" \/>\n\t<meta name=\"twitter:data1\" content=\"3 minutos\" \/>\n<script type=\"application\/ld+json\" class=\"yoast-schema-graph\">{\"@context\":\"https:\/\/schema.org\",\"@graph\":[{\"@type\":\"WebPage\",\"@id\":\"https:\/\/davidsarsanedas.com\/es\/aviso-legal\/\",\"url\":\"https:\/\/davidsarsanedas.com\/es\/aviso-legal\/\",\"name\":\"Aviso legal - David Sarsanedas\",\"isPartOf\":{\"@id\":\"https:\/\/davidsarsanedas.com\/es\/#website\"},\"datePublished\":\"2024-11-25T10:40:33+00:00\",\"dateModified\":\"2024-12-16T12:49:39+00:00\",\"breadcrumb\":{\"@id\":\"https:\/\/davidsarsanedas.com\/es\/aviso-legal\/#breadcrumb\"},\"inLanguage\":\"es\",\"potentialAction\":[{\"@type\":\"ReadAction\",\"target\":[\"https:\/\/davidsarsanedas.com\/es\/aviso-legal\/\"]}]},{\"@type\":\"BreadcrumbList\",\"@id\":\"https:\/\/davidsarsanedas.com\/es\/aviso-legal\/#breadcrumb\",\"itemListElement\":[{\"@type\":\"ListItem\",\"position\":1,\"name\":\"Portada\",\"item\":\"https:\/\/davidsarsanedas.com\/es\/david-sarsanedas\/\"},{\"@type\":\"ListItem\",\"position\":2,\"name\":\"Aviso legal\"}]},{\"@type\":\"WebSite\",\"@id\":\"https:\/\/davidsarsanedas.com\/es\/#website\",\"url\":\"https:\/\/davidsarsanedas.com\/es\/\",\"name\":\"David Sarsanedas\",\"description\":\"Un espai de trobada entre ter\u00e0pies, art, natura i tecnologia\",\"potentialAction\":[{\"@type\":\"SearchAction\",\"target\":{\"@type\":\"EntryPoint\",\"urlTemplate\":\"https:\/\/davidsarsanedas.com\/es\/?s={search_term_string}\"},\"query-input\":{\"@type\":\"PropertyValueSpecification\",\"valueRequired\":true,\"valueName\":\"search_term_string\"}}],\"inLanguage\":\"es\"}]}<\/script>\n<!-- \/ Yoast SEO plugin. -->","yoast_head_json":{"title":"Aviso legal - David Sarsanedas","robots":{"index":"index","follow":"follow","max-snippet":"max-snippet:-1","max-image-preview":"max-image-preview:large","max-video-preview":"max-video-preview:-1"},"canonical":"https:\/\/davidsarsanedas.com\/es\/aviso-legal\/","og_locale":"es_ES","og_type":"article","og_title":"Aviso legal - David Sarsanedas","og_description":"Aviso legal \u00daltima actualizaci\u00f3n: 20\/11\/2024 1. IDENTIFICACI\u00d3N DEL TITULAR En cumplimiento de lo que establece la Ley 34\/2002, de 11 de julio, de servicios de la sociedad de la informaci\u00f3n y de comercio electr\u00f3nico (LSSICE), se informa que el presente sitio web https:\/ es propiedad de: Titular: David Sarsanedas Serrat DNI\/NIF: 40342826K Direcci\u00f3n postal: C\/ [&hellip;]","og_url":"https:\/\/davidsarsanedas.com\/es\/aviso-legal\/","og_site_name":"David Sarsanedas","article_modified_time":"2024-12-16T12:49:39+00:00","twitter_card":"summary_large_image","twitter_misc":{"Tiempo de lectura":"3 minutos"},"schema":{"@context":"https:\/\/schema.org","@graph":[{"@type":"WebPage","@id":"https:\/\/davidsarsanedas.com\/es\/aviso-legal\/","url":"https:\/\/davidsarsanedas.com\/es\/aviso-legal\/","name":"Aviso legal - David Sarsanedas","isPartOf":{"@id":"https:\/\/davidsarsanedas.com\/es\/#website"},"datePublished":"2024-11-25T10:40:33+00:00","dateModified":"2024-12-16T12:49:39+00:00","breadcrumb":{"@id":"https:\/\/davidsarsanedas.com\/es\/aviso-legal\/#breadcrumb"},"inLanguage":"es","potentialAction":[{"@type":"ReadAction","target":["https:\/\/davidsarsanedas.com\/es\/aviso-legal\/"]}]},{"@type":"BreadcrumbList","@id":"https:\/\/davidsarsanedas.com\/es\/aviso-legal\/#breadcrumb","itemListElement":[{"@type":"ListItem","position":1,"name":"Portada","item":"https:\/\/davidsarsanedas.com\/es\/david-sarsanedas\/"},{"@type":"ListItem","position":2,"name":"Aviso legal"}]},{"@type":"WebSite","@id":"https:\/\/davidsarsanedas.com\/es\/#website","url":"https:\/\/davidsarsanedas.com\/es\/","name":"David Sarsanedas","description":"Un espai de trobada entre ter\u00e0pies, art, natura i tecnologia","potentialAction":[{"@type":"SearchAction","target":{"@type":"EntryPoint","urlTemplate":"https:\/\/davidsarsanedas.com\/es\/?s={search_term_string}"},"query-input":{"@type":"PropertyValueSpecification","valueRequired":true,"valueName":"search_term_string"}}],"inLanguage":"es"}]}},"_links":{"self":[{"href":"https:\/\/davidsarsanedas.com\/es\/wp-json\/wp\/v2\/pages\/919","targetHints":{"allow":["GET"]}}],"collection":[{"href":"https:\/\/davidsarsanedas.com\/es\/wp-json\/wp\/v2\/pages"}],"about":[{"href":"https:\/\/davidsarsanedas.com\/es\/wp-json\/wp\/v2\/types\/page"}],"author":[{"embeddable":true,"href":"https:\/\/davidsarsanedas.com\/es\/wp-json\/wp\/v2\/users\/3"}],"replies":[{"embeddable":true,"href":"https:\/\/davidsarsanedas.com\/es\/wp-json\/wp\/v2\/comments?post=919"}],"version-history":[{"count":1,"href":"https:\/\/davidsarsanedas.com\/es\/wp-json\/wp\/v2\/pages\/919\/revisions"}],"predecessor-version":[{"id":920,"href":"https:\/\/davidsarsanedas.com\/es\/wp-json\/wp\/v2\/pages\/919\/revisions\/920"}],"wp:attachment":[{"href":"https:\/\/davidsarsanedas.com\/es\/wp-json\/wp\/v2\/media?parent=919"}],"curies":[{"name":"wp","href":"https:\/\/api.w.org\/{rel}","templated":true}]}}