{"id":755,"date":"2024-11-10T22:56:20","date_gmt":"2024-11-10T22:56:20","guid":{"rendered":"https:\/agricultura\/"},"modified":"2024-12-16T12:10:38","modified_gmt":"2024-12-16T12:10:38","slug":"agricultura","status":"publish","type":"page","link":"https:\/\/davidsarsanedas.com\/es\/agricultura\/","title":{"rendered":"AGRICULTURA"},"content":{"rendered":"\t\t<div data-elementor-type=\"wp-page\" data-elementor-id=\"755\" class=\"elementor elementor-755 elementor-347\" data-elementor-post-type=\"page\">\n\t\t\t\t\t\t<section class=\"elementor-section elementor-top-section elementor-element elementor-element-14fabb3 elementor-section-boxed elementor-section-height-default elementor-section-height-default\" data-id=\"14fabb3\" data-element_type=\"section\" data-e-type=\"section\">\n\t\t\t\t\t\t<div class=\"elementor-container elementor-column-gap-wide\">\n\t\t\t\t\t<div class=\"elementor-column elementor-col-100 elementor-top-column elementor-element elementor-element-ba6d8a8\" data-id=\"ba6d8a8\" data-element_type=\"column\" data-e-type=\"column\">\n\t\t\t<div class=\"elementor-widget-wrap elementor-element-populated\">\n\t\t\t\t\t\t<div class=\"elementor-element elementor-element-272d851 elementor-widget elementor-widget-heading\" data-id=\"272d851\" data-element_type=\"widget\" data-e-type=\"widget\" data-widget_type=\"heading.default\">\n\t\t\t\t<div class=\"elementor-widget-container\">\n\t\t\t\t\t<h1 class=\"elementor-heading-title elementor-size-default\">Agricultura<\/h1>\t\t\t\t<\/div>\n\t\t\t\t<\/div>\n\t\t\t\t\t<\/div>\n\t\t<\/div>\n\t\t\t\t\t<\/div>\n\t\t<\/section>\n\t\t\t\t<section class=\"elementor-section elementor-top-section elementor-element elementor-element-b32e9a5 elementor-section-boxed elementor-section-height-default elementor-section-height-default\" data-id=\"b32e9a5\" data-element_type=\"section\" data-e-type=\"section\">\n\t\t\t\t\t\t<div class=\"elementor-container elementor-column-gap-wide\">\n\t\t\t\t\t<div class=\"elementor-column elementor-col-50 elementor-top-column elementor-element elementor-element-07d36fb\" data-id=\"07d36fb\" data-element_type=\"column\" data-e-type=\"column\">\n\t\t\t<div class=\"elementor-widget-wrap elementor-element-populated\">\n\t\t\t\t\t\t<div class=\"elementor-element elementor-element-c8e45d0 elementor-widget__width-initial elementor-widget elementor-widget-text-editor\" data-id=\"c8e45d0\" data-element_type=\"widget\" data-e-type=\"widget\" data-widget_type=\"text-editor.default\">\n\t\t\t\t<div class=\"elementor-widget-container\">\n\t\t\t\t\t\t\t\t\t<p>En casa hemos hecho cantera desde el tiempo del padrino de mi abuelo. Yo s\u00e9 poco, pero tengo la suerte de poder seguir el hilo de mi padre.   <\/p>\n\t\t\t\t\t\t\t\t<\/div>\n\t\t\t\t<\/div>\n\t\t\t\t\t<\/div>\n\t\t<\/div>\n\t\t\t\t<div class=\"elementor-column elementor-col-50 elementor-top-column elementor-element elementor-element-652800d\" data-id=\"652800d\" data-element_type=\"column\" data-e-type=\"column\">\n\t\t\t<div class=\"elementor-widget-wrap\">\n\t\t\t\t\t\t\t<\/div>\n\t\t<\/div>\n\t\t\t\t\t<\/div>\n\t\t<\/section>\n\t\t<div class=\"elementor-element elementor-element-98ccdcb e-flex e-con-boxed e-con e-parent\" data-id=\"98ccdcb\" data-element_type=\"container\" data-e-type=\"container\">\n\t\t\t\t\t<div class=\"e-con-inner\">\n\t\t<div class=\"elementor-element elementor-element-50a70ae e-con-full e-flex e-con e-child\" data-id=\"50a70ae\" data-element_type=\"container\" data-e-type=\"container\">\n\t\t\t\t<div class=\"elementor-element elementor-element-ebc86c4 elementor-widget elementor-widget-heading\" data-id=\"ebc86c4\" data-element_type=\"widget\" data-e-type=\"widget\" data-widget_type=\"heading.default\">\n\t\t\t\t<div class=\"elementor-widget-container\">\n\t\t\t\t\t<h3 class=\"elementor-heading-title elementor-size-default\">\u00bfQu\u00e9 se planta ahora a finales de octubre?  <\/h3>\t\t\t\t<\/div>\n\t\t\t\t<\/div>\n\t\t\t\t<div class=\"elementor-element elementor-element-01750b7 elementor-widget__width-initial elementor-widget elementor-widget-text-editor\" data-id=\"01750b7\" data-element_type=\"widget\" data-e-type=\"widget\" data-widget_type=\"text-editor.default\">\n\t\t\t\t<div class=\"elementor-widget-container\">\n\t\t\t\t\t\t\t\t\t<p>Mira, no es la \u00e9poca que se plantan m\u00e1s cosas ahora. Habas, guisantes, ajos, cebollas, s\u00ed, <em>casi<\/em> \u2026 escarola, <em>chica<\/em> , bueno, s\u00ed, todas, fuerza de la misma familia. Tambi\u00e9n coles, coles se pueden hacer todo el a\u00f1o.    <\/p>\n\t\t\t\t\t\t\t\t<\/div>\n\t\t\t\t<\/div>\n\t\t\t\t<\/div>\n\t\t<div class=\"elementor-element elementor-element-eeb6060 e-con-full e-flex e-con e-child\" data-id=\"eeb6060\" data-element_type=\"container\" data-e-type=\"container\">\n\t\t\t\t<div class=\"elementor-element elementor-element-02df37d elementor-widget elementor-widget-heading\" data-id=\"02df37d\" data-element_type=\"widget\" data-e-type=\"widget\" data-widget_type=\"heading.default\">\n\t\t\t\t<div class=\"elementor-widget-container\">\n\t\t\t\t\t<h3 class=\"elementor-heading-title elementor-size-default\">\u00bfLa semilla te la has ido guardando o la comprabas?<\/h3>\t\t\t\t<\/div>\n\t\t\t\t<\/div>\n\t\t\t\t<div class=\"elementor-element elementor-element-295bc18 elementor-widget__width-initial elementor-widget elementor-widget-text-editor\" data-id=\"295bc18\" data-element_type=\"widget\" data-e-type=\"widget\" data-widget_type=\"text-editor.default\">\n\t\t\t\t<div class=\"elementor-widget-container\">\n\t\t\t\t\t\t\t\t\t<p>Yo ahora lo compro de <em>taco<\/em> , pero antes lo hac\u00edamos con grana. Bueno, hab\u00eda grana que me la guardaba yo la compraba la lechuga y la escarola. cabeza y hoja&#8230; Bueno, ahora tampoco es \u00e9poca de col de cabeza y ahora&#8230; el aloma. pueden hacer varias cosas. pa\u00eds. Fesols&#8230; <em>bueno<\/em> , frijoles&#8230; Mira, sol\u00edamos guardarlo del ganchillo, pero ahora los compro con <em>taco<\/em> . De cebolla yo solo guardar, y a\u00fan lo hago, de vigatana. , eso s\u00ed. Esto todav\u00eda lo guardo y mientras pueda <em>lo<\/em> har\u00e9, eso <em>s\u00ed<\/em> acelgas. , alguna vez hab\u00edamos guardado alguna de las nuestras, pero normalmente la hemos comprado. S\u00ed <em>,<\/em> hombre. el abuelo                               <\/p>\n\t\t\t\t\t\t\t\t<\/div>\n\t\t\t\t<\/div>\n\t\t\t\t<\/div>\n\t\t<div class=\"elementor-element elementor-element-786076a e-con-full e-flex e-con e-child\" data-id=\"786076a\" data-element_type=\"container\" data-e-type=\"container\">\n\t\t\t\t<div class=\"elementor-element elementor-element-8af169b elementor-widget elementor-widget-heading\" data-id=\"8af169b\" data-element_type=\"widget\" data-e-type=\"widget\" data-widget_type=\"heading.default\">\n\t\t\t\t<div class=\"elementor-widget-container\">\n\t\t\t\t\t<h3 class=\"elementor-heading-title elementor-size-default\">\u00bfCu\u00e1ndo se debe plantar qu\u00e9?  <\/h3>\t\t\t\t<\/div>\n\t\t\t\t<\/div>\n\t\t\t\t<div class=\"elementor-element elementor-element-8d9b36f elementor-widget__width-initial elementor-widget elementor-widget-text-editor\" data-id=\"8d9b36f\" data-element_type=\"widget\" data-e-type=\"widget\" data-widget_type=\"text-editor.default\">\n\t\t\t\t<div class=\"elementor-widget-container\">\n\t\t\t\t\t\t\t\t\t<p>Las patatas deben plantarse&#8230; Bueno, por San Jos\u00e9. Tiene un per\u00edodo muy corto, la patata. Dicen de San Jos\u00e9 hasta&#8230; tres semanas. <em>Y<\/em> despu\u00e9s tambi\u00e9n hacen, pero no hacen tanto. No hacen tanto, claro. Las patatas es una de las cosas que dice que tiene un per\u00edodo corto. En cambio, las coles alomas tienen un per\u00edodo mucho m\u00e1s largo. Se pueden empezar a hacer, como quien dice, ahora por ferias y hasta all\u00ed en mayo. Y duran a\u00f1o y medio. Y si no es a\u00f1o y medio, catorce o quince meses. Esto seguro. En cambio, las de cabeza y hoja no. Aquellas hechas&#8230; lo entre San Juan, San Pedro, primeros de julio, mediados de julio, y se plantan all\u00ed entre medio agosto y medio septiembre, m\u00e1ximos finales de septiembre. Y en primavera se espigan. Llevan medio a\u00f1o, no mucho m\u00e1s.               <\/p>\n\t\t\t\t\t\t\t\t<\/div>\n\t\t\t\t<\/div>\n\t\t\t\t<\/div>\n\t\t<div class=\"elementor-element elementor-element-b086ab6 e-con-full e-flex e-con e-child\" data-id=\"b086ab6\" data-element_type=\"container\" data-e-type=\"container\">\n\t\t\t\t<div class=\"elementor-element elementor-element-edf2bda elementor-widget elementor-widget-heading\" data-id=\"edf2bda\" data-element_type=\"widget\" data-e-type=\"widget\" data-widget_type=\"heading.default\">\n\t\t\t\t<div class=\"elementor-widget-container\">\n\t\t\t\t\t<h3 class=\"elementor-heading-title elementor-size-default\">Sobre otros climas y otros lugares y c\u00f3mo se riega.<\/h3>\t\t\t\t<\/div>\n\t\t\t\t<\/div>\n\t\t\t\t<div class=\"elementor-element elementor-element-dd48b50 elementor-widget__width-initial elementor-widget elementor-widget-text-editor\" data-id=\"dd48b50\" data-element_type=\"widget\" data-e-type=\"widget\" data-widget_type=\"text-editor.default\">\n\t\t\t\t<div class=\"elementor-widget-container\">\n\t\t\t\t\t\t\t\t\t<p>Claro, esto depende. Aqu\u00ed puedo decir esto, si vamos a Camprod\u00f3n ser\u00eda otra cosa. Yo en Sant Hilari, <em>hasta<\/em> t\u00fa hab\u00edas venido, a veces hab\u00eda hombres que iban a hacer patatas con el palot all\u00e1 en mayo, cuando aqu\u00ed eran medias patateras. Claro&#8230; claro, tambi\u00e9n depende. Una vez el muchacho Masachs, Toni, fuimos a Llavaneres. A\u00fan ten\u00edan esa otra furgoneta m\u00e1s vieja. <em>Bueno<\/em> , y m\u00e1s que nada fui por <em>capricho<\/em> . Y de eso. Y ah\u00ed a tocar Matar\u00f3. All\u00ed en una monta\u00f1a que era de esos chicos, de unos hermanos que ahora ya deben ser jubilados y rejubilados, que por la edad pueden estar vivos. Y ten\u00edan trabajadores y yo qu\u00e9 s\u00e9 qu\u00e9. Y ya ten\u00edan all\u00ed patatas. Esto era all\u00ed en el mes de marzo o as\u00ed. A medias. Dice las hicimos all\u00ed, entre Navidad y Reyes. Aqu\u00ed no hela nunca. Aqu\u00ed cuando hela duele, dice, porque&#8230; Como no hela nunca o casi nunca por el agua del mar, porque el agua del mar priva de que hielo. Y se ve\u00eda el mar abajo, la carretera, la v\u00eda, pasar el <em>desv\u00edo<\/em> , y claro, aquello era como, como lo dir\u00e9 yo, como si el mar estuviera aqu\u00ed en el llano del Pasteral y entonces esa monta\u00f1a fuera como hacia la casa Monero y todo aquello, bancales, bancales, bancales, bancales. Y para regar all\u00e1, uy, unos pozos de estos con <em>tubos<\/em> , motores, <em>tuber\u00edas<\/em> , y ui, ui. Regar como aqu\u00ed ni pensar en ello. S\u00ed, dice all\u00ed, dice, riega mejor. Una tierra muy arena, mucho. Dice, acaba de llover y ya podemos ir. Mira, en Canarias, Josep hizo la mili y dice que all\u00ed haciendo guardia hab\u00eda un campo y vio dos veces patatas. O sea que las arrancaron y volvieron a hacerlas. Pero all\u00ed dice, las regaban con unas tuber\u00edas, uy, uy, uy, all\u00e1 por regar. Y entonces all\u00ed, esp\u00e9rate, con Salau, Camps, a Malgrat, una vez fuimos y entonces fui yo solo con aquel Josep de Can Vells que ya est\u00e1 muerto. \u00c9l cog\u00eda la cebolla y eso. Una vez fui a buscar cebolla, m\u00e1s de una vez, tres o cuatro o cinco veces. Hab\u00eda un chico, un chico de color, negro, y regaba. Pero regaba de una manera que&#8230; que aqu\u00ed no nos hubi\u00e9ramos sabido porvenir. Regaba unas pestillas de cebolla, semillero de cebolla, semillero de cebolla, <em>pud\u00e9<\/em> quince o veinte metros de largas y metro veinte, metro treinta de anchos. Y all\u00ed pendiente, pendiente, pendiente con la azada, pendiente con la azada, pendiente con la azada, unos caminitos de obra, de Portland. Y cuando el agua llegaba abajo, cerrarla. Y eso era llano. Llano. Y el agua all\u00ed se fund\u00eda. El agua all\u00ed se fund\u00eda. Y ese chico hablaba catal\u00e1n y dijo que cada dos o tres d\u00edas, tres o cuatro d\u00edas, hay que regar esto.                          <\/p>\n\t\t\t\t\t\t\t\t<\/div>\n\t\t\t\t<\/div>\n\t\t\t\t<\/div>\n\t\t<div class=\"elementor-element elementor-element-9410474 e-con-full e-flex e-con e-child\" data-id=\"9410474\" data-element_type=\"container\" data-e-type=\"container\">\n\t\t\t\t<div class=\"elementor-element elementor-element-336fb4f elementor-widget elementor-widget-heading\" data-id=\"336fb4f\" data-element_type=\"widget\" data-e-type=\"widget\" data-widget_type=\"heading.default\">\n\t\t\t\t<div class=\"elementor-widget-container\">\n\t\t\t\t\t<h3 class=\"elementor-heading-title elementor-size-default\">\u00bfTe las miras las lunas?<\/h3>\t\t\t\t<\/div>\n\t\t\t\t<\/div>\n\t\t\t\t<div class=\"elementor-element elementor-element-f25360a elementor-widget__width-initial elementor-widget elementor-widget-text-editor\" data-id=\"f25360a\" data-element_type=\"widget\" data-e-type=\"widget\" data-widget_type=\"text-editor.default\">\n\t\t\t\t<div class=\"elementor-widget-container\">\n\t\t\t\t\t\t\t\t\t<p>Las lunas, bueno, hay cosas que s\u00ed, cosas que no. <em>Vemos<\/em> . Las lunas&#8230; S\u00ed, algo s\u00ed. La cebolla dice que es mejor hacerla de luna vieja, que cabeza m\u00e1s. Faves dice que tambi\u00e9n carga m\u00e1s. Los guisantes dice que es mejor de luna nueva. Dice que labrador lucernario nunca llena el granero. Mira, <em>vemos<\/em> , no s\u00e9. Las patatas dice que va mejor hacerlas de luna vieja, dice que cabeza m\u00e1s. Dicen&#8230;         <\/p>\n\t\t\t\t\t\t\t\t<\/div>\n\t\t\t\t<\/div>\n\t\t\t\t<\/div>\n\t\t<div class=\"elementor-element elementor-element-62fb854 e-con-full e-flex e-con e-child\" data-id=\"62fb854\" data-element_type=\"container\" data-e-type=\"container\">\n\t\t\t\t<div class=\"elementor-element elementor-element-bc3a045 elementor-widget elementor-widget-heading\" data-id=\"bc3a045\" data-element_type=\"widget\" data-e-type=\"widget\" data-widget_type=\"heading.default\">\n\t\t\t\t<div class=\"elementor-widget-container\">\n\t\t\t\t\t<h3 class=\"elementor-heading-title elementor-size-default\">\u00bfVa bien que hielo en invierno?  <\/h3>\t\t\t\t<\/div>\n\t\t\t\t<\/div>\n\t\t\t\t<div class=\"elementor-element elementor-element-b81f62c elementor-widget__width-initial elementor-widget elementor-widget-text-editor\" data-id=\"b81f62c\" data-element_type=\"widget\" data-e-type=\"widget\" data-widget_type=\"text-editor.default\">\n\t\t\t\t<div class=\"elementor-widget-container\">\n\t\t\t\t\t\t\t\t\t<p>Hombre, va bien&#8230; nunca hace ning\u00fan bien, ni en invierno, hombre, qu\u00e9 quieres que te diga yo, mira, el helar no hace nunca ning\u00fan bien, es como hacer mucho calor en el <em>istivo<\/em> .<\/p>\n\t\t\t\t\t\t\t\t<\/div>\n\t\t\t\t<\/div>\n\t\t\t\t<\/div>\n\t\t<div class=\"elementor-element elementor-element-cb2a079 e-con-full e-flex e-con e-child\" data-id=\"cb2a079\" data-element_type=\"container\" data-e-type=\"container\">\n\t\t\t\t<div class=\"elementor-element elementor-element-dabd0d5 elementor-widget elementor-widget-heading\" data-id=\"dabd0d5\" data-element_type=\"widget\" data-e-type=\"widget\" data-widget_type=\"heading.default\">\n\t\t\t\t<div class=\"elementor-widget-container\">\n\t\t\t\t\t<h3 class=\"elementor-heading-title elementor-size-default\">Mientras esparce frijoles en la paliza para que se sequen, a finales de octubre.<\/h3>\t\t\t\t<\/div>\n\t\t\t\t<\/div>\n\t\t\t\t<div class=\"elementor-element elementor-element-97c39d0 elementor-widget__width-initial elementor-widget elementor-widget-text-editor\" data-id=\"97c39d0\" data-element_type=\"widget\" data-e-type=\"widget\" data-widget_type=\"text-editor.default\">\n\t\t\t\t<div class=\"elementor-widget-container\">\n\t\t\t\t\t\t\t\t\t<p>Tu madre esta ma\u00f1ana les ha venido a cosechar. \u00bfCu\u00e1nto tiempo deben estar? Bueno, unos d\u00edas, que se sequen. Ahora todav\u00eda en el campo hay unos pocos, oh, este a\u00f1o no hay muy buena cosecha en ninguna parte. <em>Empreso<\/em> deben batirse esto. Bueno, esto duran todo el a\u00f1o. \u00bfCu\u00e1ndo se plantan? \u00c9ste es del ganchillo. Final de junio, primero de julio. Muy pronto no, porque entonces se carcomen, se graban. Claro, todo tiene el suyo&#8230; S\u00ed, hombre, <em>grabarse<\/em> , que se pone una carcoma&#8230; \u00a1co\u00f1o, un grado! S\u00ed, hombre. Es como, mira, las aceitunas tambi\u00e9n se <em>graban<\/em> . Estas aceitunas, este a\u00f1o, no s\u00e9, <em>vemos<\/em> , de hecho.             <\/p>\n\t\t\t\t\t\t\t\t<\/div>\n\t\t\t\t<\/div>\n\t\t\t\t<\/div>\n\t\t\t\t\t<\/div>\n\t\t\t\t<\/div>\n\t\t\t\t<\/div>\n\t\t","protected":false},"excerpt":{"rendered":"<p>Agricultura En casa hemos hecho cantera desde el tiempo del padrino de mi abuelo. Yo s\u00e9 poco, pero tengo la suerte de poder seguir el hilo de mi padre. \u00bfQu\u00e9 se planta ahora a finales de octubre? Mira, no es la \u00e9poca que se plantan m\u00e1s cosas ahora. Habas, guisantes, ajos, cebollas, s\u00ed, casi \u2026 [&hellip;]<\/p>\n","protected":false},"author":3,"featured_media":0,"parent":0,"menu_order":0,"comment_status":"closed","ping_status":"closed","template":"","meta":{"footnotes":""},"class_list":["post-755","page","type-page","status-publish","hentry"],"yoast_head":"<!-- This site is optimized with the Yoast SEO plugin v27.2 - https:\/\/yoast.com\/product\/yoast-seo-wordpress\/ -->\n<title>AGRICULTURA - David Sarsanedas<\/title>\n<meta name=\"description\" content=\"Descubre los conocimientos sobre la agricultura de David Sarsanedas, preservando la biodiversidad y fomentando pr\u00e1cticas sostenibles.\" \/>\n<meta name=\"robots\" content=\"index, follow, max-snippet:-1, max-image-preview:large, max-video-preview:-1\" \/>\n<link rel=\"canonical\" href=\"https:\/\/davidsarsanedas.com\/es\/agricultura\/\" \/>\n<meta property=\"og:locale\" content=\"es_ES\" \/>\n<meta property=\"og:type\" content=\"article\" \/>\n<meta property=\"og:title\" content=\"AGRICULTURA - David Sarsanedas\" \/>\n<meta property=\"og:description\" content=\"Descubre los conocimientos sobre la agricultura de David Sarsanedas, preservando la biodiversidad y fomentando pr\u00e1cticas sostenibles.\" \/>\n<meta property=\"og:url\" content=\"https:\/\/davidsarsanedas.com\/es\/agricultura\/\" \/>\n<meta property=\"og:site_name\" content=\"David Sarsanedas\" \/>\n<meta property=\"article:modified_time\" content=\"2024-12-16T12:10:38+00:00\" \/>\n<meta name=\"twitter:card\" content=\"summary_large_image\" \/>\n<meta name=\"twitter:label1\" content=\"Tiempo de lectura\" \/>\n\t<meta name=\"twitter:data1\" content=\"6 minutos\" \/>\n<script type=\"application\/ld+json\" class=\"yoast-schema-graph\">{\"@context\":\"https:\/\/schema.org\",\"@graph\":[{\"@type\":\"WebPage\",\"@id\":\"https:\/\/davidsarsanedas.com\/es\/agricultura\/\",\"url\":\"https:\/\/davidsarsanedas.com\/es\/agricultura\/\",\"name\":\"AGRICULTURA - David Sarsanedas\",\"isPartOf\":{\"@id\":\"https:\/\/davidsarsanedas.com\/es\/#website\"},\"datePublished\":\"2024-11-10T22:56:20+00:00\",\"dateModified\":\"2024-12-16T12:10:38+00:00\",\"description\":\"Descubre los conocimientos sobre la agricultura de David Sarsanedas, preservando la biodiversidad y fomentando pr\u00e1cticas sostenibles.\",\"breadcrumb\":{\"@id\":\"https:\/\/davidsarsanedas.com\/es\/agricultura\/#breadcrumb\"},\"inLanguage\":\"es\",\"potentialAction\":[{\"@type\":\"ReadAction\",\"target\":[\"https:\/\/davidsarsanedas.com\/es\/agricultura\/\"]}]},{\"@type\":\"BreadcrumbList\",\"@id\":\"https:\/\/davidsarsanedas.com\/es\/agricultura\/#breadcrumb\",\"itemListElement\":[{\"@type\":\"ListItem\",\"position\":1,\"name\":\"Portada\",\"item\":\"https:\/\/davidsarsanedas.com\/es\/david-sarsanedas\/\"},{\"@type\":\"ListItem\",\"position\":2,\"name\":\"AGRICULTURA\"}]},{\"@type\":\"WebSite\",\"@id\":\"https:\/\/davidsarsanedas.com\/es\/#website\",\"url\":\"https:\/\/davidsarsanedas.com\/es\/\",\"name\":\"David Sarsanedas\",\"description\":\"Un espai de trobada entre ter\u00e0pies, art, natura i tecnologia\",\"potentialAction\":[{\"@type\":\"SearchAction\",\"target\":{\"@type\":\"EntryPoint\",\"urlTemplate\":\"https:\/\/davidsarsanedas.com\/es\/?s={search_term_string}\"},\"query-input\":{\"@type\":\"PropertyValueSpecification\",\"valueRequired\":true,\"valueName\":\"search_term_string\"}}],\"inLanguage\":\"es\"}]}<\/script>\n<!-- \/ Yoast SEO plugin. -->","yoast_head_json":{"title":"AGRICULTURA - David Sarsanedas","description":"Descubre los conocimientos sobre la agricultura de David Sarsanedas, preservando la biodiversidad y fomentando pr\u00e1cticas sostenibles.","robots":{"index":"index","follow":"follow","max-snippet":"max-snippet:-1","max-image-preview":"max-image-preview:large","max-video-preview":"max-video-preview:-1"},"canonical":"https:\/\/davidsarsanedas.com\/es\/agricultura\/","og_locale":"es_ES","og_type":"article","og_title":"AGRICULTURA - David Sarsanedas","og_description":"Descubre los conocimientos sobre la agricultura de David Sarsanedas, preservando la biodiversidad y fomentando pr\u00e1cticas sostenibles.","og_url":"https:\/\/davidsarsanedas.com\/es\/agricultura\/","og_site_name":"David Sarsanedas","article_modified_time":"2024-12-16T12:10:38+00:00","twitter_card":"summary_large_image","twitter_misc":{"Tiempo de lectura":"6 minutos"},"schema":{"@context":"https:\/\/schema.org","@graph":[{"@type":"WebPage","@id":"https:\/\/davidsarsanedas.com\/es\/agricultura\/","url":"https:\/\/davidsarsanedas.com\/es\/agricultura\/","name":"AGRICULTURA - David Sarsanedas","isPartOf":{"@id":"https:\/\/davidsarsanedas.com\/es\/#website"},"datePublished":"2024-11-10T22:56:20+00:00","dateModified":"2024-12-16T12:10:38+00:00","description":"Descubre los conocimientos sobre la agricultura de David Sarsanedas, preservando la biodiversidad y fomentando pr\u00e1cticas sostenibles.","breadcrumb":{"@id":"https:\/\/davidsarsanedas.com\/es\/agricultura\/#breadcrumb"},"inLanguage":"es","potentialAction":[{"@type":"ReadAction","target":["https:\/\/davidsarsanedas.com\/es\/agricultura\/"]}]},{"@type":"BreadcrumbList","@id":"https:\/\/davidsarsanedas.com\/es\/agricultura\/#breadcrumb","itemListElement":[{"@type":"ListItem","position":1,"name":"Portada","item":"https:\/\/davidsarsanedas.com\/es\/david-sarsanedas\/"},{"@type":"ListItem","position":2,"name":"AGRICULTURA"}]},{"@type":"WebSite","@id":"https:\/\/davidsarsanedas.com\/es\/#website","url":"https:\/\/davidsarsanedas.com\/es\/","name":"David Sarsanedas","description":"Un espai de trobada entre ter\u00e0pies, art, natura i tecnologia","potentialAction":[{"@type":"SearchAction","target":{"@type":"EntryPoint","urlTemplate":"https:\/\/davidsarsanedas.com\/es\/?s={search_term_string}"},"query-input":{"@type":"PropertyValueSpecification","valueRequired":true,"valueName":"search_term_string"}}],"inLanguage":"es"}]}},"_links":{"self":[{"href":"https:\/\/davidsarsanedas.com\/es\/wp-json\/wp\/v2\/pages\/755","targetHints":{"allow":["GET"]}}],"collection":[{"href":"https:\/\/davidsarsanedas.com\/es\/wp-json\/wp\/v2\/pages"}],"about":[{"href":"https:\/\/davidsarsanedas.com\/es\/wp-json\/wp\/v2\/types\/page"}],"author":[{"embeddable":true,"href":"https:\/\/davidsarsanedas.com\/es\/wp-json\/wp\/v2\/users\/3"}],"replies":[{"embeddable":true,"href":"https:\/\/davidsarsanedas.com\/es\/wp-json\/wp\/v2\/comments?post=755"}],"version-history":[{"count":2,"href":"https:\/\/davidsarsanedas.com\/es\/wp-json\/wp\/v2\/pages\/755\/revisions"}],"predecessor-version":[{"id":898,"href":"https:\/\/davidsarsanedas.com\/es\/wp-json\/wp\/v2\/pages\/755\/revisions\/898"}],"wp:attachment":[{"href":"https:\/\/davidsarsanedas.com\/es\/wp-json\/wp\/v2\/media?parent=755"}],"curies":[{"name":"wp","href":"https:\/\/api.w.org\/{rel}","templated":true}]}}