{"id":753,"date":"2024-11-03T18:32:18","date_gmt":"2024-11-03T18:32:18","guid":{"rendered":"https:\/artes\/letras\/"},"modified":"2024-11-25T09:00:03","modified_gmt":"2024-11-25T09:00:03","slug":"letras","status":"publish","type":"page","link":"https:\/\/davidsarsanedas.com\/es\/artes\/letras\/","title":{"rendered":"LETRAS"},"content":{"rendered":"\t\t<div data-elementor-type=\"wp-page\" data-elementor-id=\"753\" class=\"elementor elementor-753 elementor-245\" data-elementor-post-type=\"page\">\n\t\t\t\t\t\t<section class=\"elementor-section elementor-top-section elementor-element elementor-element-0c006cd elementor-section-boxed elementor-section-height-default elementor-section-height-default\" data-id=\"0c006cd\" data-element_type=\"section\" data-e-type=\"section\">\n\t\t\t\t\t\t<div class=\"elementor-container elementor-column-gap-wide\">\n\t\t\t\t\t<div class=\"elementor-column elementor-col-100 elementor-top-column elementor-element elementor-element-be3b8b8\" data-id=\"be3b8b8\" data-element_type=\"column\" data-e-type=\"column\">\n\t\t\t<div class=\"elementor-widget-wrap elementor-element-populated\">\n\t\t\t\t\t\t<div class=\"elementor-element elementor-element-a2b6be2 elementor-widget elementor-widget-heading\" data-id=\"a2b6be2\" data-element_type=\"widget\" data-e-type=\"widget\" data-widget_type=\"heading.default\">\n\t\t\t\t<div class=\"elementor-widget-container\">\n\t\t\t\t\t<h1 class=\"elementor-heading-title elementor-size-default\">Letras<\/h1>\t\t\t\t<\/div>\n\t\t\t\t<\/div>\n\t\t\t\t\t<\/div>\n\t\t<\/div>\n\t\t\t\t\t<\/div>\n\t\t<\/section>\n\t\t\t\t<section class=\"elementor-section elementor-top-section elementor-element elementor-element-4dc7f97 elementor-section-boxed elementor-section-height-default elementor-section-height-default\" data-id=\"4dc7f97\" data-element_type=\"section\" data-e-type=\"section\">\n\t\t\t\t\t\t<div class=\"elementor-container elementor-column-gap-wide\">\n\t\t\t\t\t<div class=\"elementor-column elementor-col-50 elementor-top-column elementor-element elementor-element-678112f\" data-id=\"678112f\" data-element_type=\"column\" data-e-type=\"column\">\n\t\t\t<div class=\"elementor-widget-wrap elementor-element-populated\">\n\t\t\t\t\t\t<div class=\"elementor-element elementor-element-f3ba2bb elementor-widget elementor-widget-text-editor\" data-id=\"f3ba2bb\" data-element_type=\"widget\" data-e-type=\"widget\" data-widget_type=\"text-editor.default\">\n\t\t\t\t<div class=\"elementor-widget-container\">\n\t\t\t\t\t\t\t\t\t<p>Escribo desde que, en la guarder\u00eda, la hermana nos picaba si no hac\u00edamos buena letra y mi madre nos compraba un Zipi y Zape antes de entrar en oficio para que no charl\u00e1ramos. Escribo, he escrito o el escrito me ha utilizado, va como va y depende del d\u00eda.<\/p>\n\t\t\t\t\t\t\t\t<\/div>\n\t\t\t\t<\/div>\n\t\t\t\t\t<\/div>\n\t\t<\/div>\n\t\t\t\t<div class=\"elementor-column elementor-col-50 elementor-top-column elementor-element elementor-element-2805b97\" data-id=\"2805b97\" data-element_type=\"column\" data-e-type=\"column\">\n\t\t\t<div class=\"elementor-widget-wrap\">\n\t\t\t\t\t\t\t<\/div>\n\t\t<\/div>\n\t\t\t\t\t<\/div>\n\t\t<\/section>\n\t\t<div class=\"elementor-element elementor-element-9a734bc e-flex e-con-boxed e-con e-parent\" data-id=\"9a734bc\" data-element_type=\"container\" data-e-type=\"container\">\n\t\t\t\t\t<div class=\"e-con-inner\">\n\t\t<div class=\"elementor-element elementor-element-f3b0d61 e-con-full e-flex e-con e-child\" data-id=\"f3b0d61\" data-element_type=\"container\" data-e-type=\"container\">\n\t\t\t\t<div class=\"elementor-element elementor-element-5e23ee6 elementor-widget elementor-widget-heading\" data-id=\"5e23ee6\" data-element_type=\"widget\" data-e-type=\"widget\" data-widget_type=\"heading.default\">\n\t\t\t\t<div class=\"elementor-widget-container\">\n\t\t\t\t\t<h3 class=\"elementor-heading-title elementor-size-default\">Sube a beso<\/h3>\t\t\t\t<\/div>\n\t\t\t\t<\/div>\n\t\t\t\t<div class=\"elementor-element elementor-element-6946d98 elementor-widget__width-initial elementor-widget elementor-widget-text-editor\" data-id=\"6946d98\" data-element_type=\"widget\" data-e-type=\"widget\" data-widget_type=\"text-editor.default\">\n\t\t\t\t<div class=\"elementor-widget-container\">\n\t\t\t\t\t\t\t\t\t<p>En el disco Ataraxia, de la Orchestra Fireluche, 2022.  <br \/>Edita U98 Music.<\/p>\n\t\t\t\t\t\t\t\t<\/div>\n\t\t\t\t<\/div>\n\t\t\t\t<\/div>\n\t\t<div class=\"elementor-element elementor-element-4c63758 e-con-full e-flex e-con e-child\" data-id=\"4c63758\" data-element_type=\"container\" data-e-type=\"container\">\n\t\t\t\t<div class=\"elementor-element elementor-element-636345d elementor-widget elementor-widget-heading\" data-id=\"636345d\" data-element_type=\"widget\" data-e-type=\"widget\" data-widget_type=\"heading.default\">\n\t\t\t\t<div class=\"elementor-widget-container\">\n\t\t\t\t\t<h3 class=\"elementor-heading-title elementor-size-default\">Ma\u00f1ana del s\u00e1bado (o Uno ante el otro)<\/h3>\t\t\t\t<\/div>\n\t\t\t\t<\/div>\n\t\t\t\t<div class=\"elementor-element elementor-element-9b0dc6b elementor-widget__width-initial elementor-widget elementor-widget-text-editor\" data-id=\"9b0dc6b\" data-element_type=\"widget\" data-e-type=\"widget\" data-widget_type=\"text-editor.default\">\n\t\t\t\t<div class=\"elementor-widget-container\">\n\t\t\t\t\t\t\t\t\t<p>En el disco Ataraxia, de la Orchestra Fireluche, 2019.<br \/> Edita U98 Music.<\/p>\n\t\t\t\t\t\t\t\t<\/div>\n\t\t\t\t<\/div>\n\t\t\t\t<\/div>\n\t\t<div class=\"elementor-element elementor-element-de641d0 e-con-full e-flex e-con e-child\" data-id=\"de641d0\" data-element_type=\"container\" data-e-type=\"container\">\n\t\t\t\t<div class=\"elementor-element elementor-element-b9c9f13 elementor-widget elementor-widget-heading\" data-id=\"b9c9f13\" data-element_type=\"widget\" data-e-type=\"widget\" data-widget_type=\"heading.default\">\n\t\t\t\t<div class=\"elementor-widget-container\">\n\t\t\t\t\t<h3 class=\"elementor-heading-title elementor-size-default\">Un trago de mar y Mu\u00f1eca de miraguano<\/h3>\t\t\t\t<\/div>\n\t\t\t\t<\/div>\n\t\t\t\t<div class=\"elementor-element elementor-element-337d16a elementor-widget__width-initial elementor-widget elementor-widget-text-editor\" data-id=\"337d16a\" data-element_type=\"widget\" data-e-type=\"widget\" data-widget_type=\"text-editor.default\">\n\t\t\t\t<div class=\"elementor-widget-container\">\n\t\t\t\t\t\t\t\t\t<p>En el disco Tantes caps, tantos juguetes de la Orchestra Fireluche, 2013.<br \/> Edita U98 Music.<\/p>\n\t\t\t\t\t\t\t\t<\/div>\n\t\t\t\t<\/div>\n\t\t\t\t<\/div>\n\t\t<div class=\"elementor-element elementor-element-33985e5 e-con-full e-flex e-con e-child\" data-id=\"33985e5\" data-element_type=\"container\" data-e-type=\"container\">\n\t\t\t\t<div class=\"elementor-element elementor-element-0ab8a03 elementor-widget elementor-widget-heading\" data-id=\"0ab8a03\" data-element_type=\"widget\" data-e-type=\"widget\" data-widget_type=\"heading.default\">\n\t\t\t\t<div class=\"elementor-widget-container\">\n\t\t\t\t\t<h3 class=\"elementor-heading-title elementor-size-default\">Jacam<\/h3>\t\t\t\t<\/div>\n\t\t\t\t<\/div>\n\t\t\t\t<div class=\"elementor-element elementor-element-cba16de elementor-widget__width-initial elementor-widget elementor-widget-text-editor\" data-id=\"cba16de\" data-element_type=\"widget\" data-e-type=\"widget\" data-widget_type=\"text-editor.default\">\n\t\t\t\t<div class=\"elementor-widget-container\">\n\t\t\t\t\t\t\t\t\t<p>Letras de la segunda maqueta de Xacam, 2011.<br \/> Autoedici\u00f3n.<\/p>\n\t\t\t\t\t\t\t\t<\/div>\n\t\t\t\t<\/div>\n\t\t\t\t<\/div>\n\t\t<div class=\"elementor-element elementor-element-d480fbb e-con-full e-flex e-con e-child\" data-id=\"d480fbb\" data-element_type=\"container\" data-e-type=\"container\">\n\t\t\t\t<div class=\"elementor-element elementor-element-b3b1874 elementor-widget elementor-widget-heading\" data-id=\"b3b1874\" data-element_type=\"widget\" data-e-type=\"widget\" data-widget_type=\"heading.default\">\n\t\t\t\t<div class=\"elementor-widget-container\">\n\t\t\t\t\t<h3 class=\"elementor-heading-title elementor-size-default\">Herramientas de sonidos inexplicables  <\/h3>\t\t\t\t<\/div>\n\t\t\t\t<\/div>\n\t\t\t\t<div class=\"elementor-element elementor-element-a31e8b8 elementor-widget__width-initial elementor-widget elementor-widget-text-editor\" data-id=\"a31e8b8\" data-element_type=\"widget\" data-e-type=\"widget\" data-widget_type=\"text-editor.default\">\n\t\t\t\t<div class=\"elementor-widget-container\">\n\t\t\t\t\t\t\t\t\t<p>Parte de los textos, 2008.<br \/> Edita AMC Orchestra Fireluche y Rigau Editors.<\/p>\n\t\t\t\t\t\t\t\t<\/div>\n\t\t\t\t<\/div>\n\t\t\t\t<\/div>\n\t\t<div class=\"elementor-element elementor-element-bf66bce e-con-full e-flex e-con e-child\" data-id=\"bf66bce\" data-element_type=\"container\" data-e-type=\"container\">\n\t\t\t\t<div class=\"elementor-element elementor-element-5c8387a elementor-widget elementor-widget-heading\" data-id=\"5c8387a\" data-element_type=\"widget\" data-e-type=\"widget\" data-widget_type=\"heading.default\">\n\t\t\t\t<div class=\"elementor-widget-container\">\n\t\t\t\t\t<h3 class=\"elementor-heading-title elementor-size-default\">Xiao<\/h3>\t\t\t\t<\/div>\n\t\t\t\t<\/div>\n\t\t\t\t<div class=\"elementor-element elementor-element-6d41bb1 elementor-widget__width-initial elementor-widget elementor-widget-text-editor\" data-id=\"6d41bb1\" data-element_type=\"widget\" data-e-type=\"widget\" data-widget_type=\"text-editor.default\">\n\t\t\t\t<div class=\"elementor-widget-container\">\n\t\t\t\t\t\t\t\t\t<p>Recopilaci\u00f3n de letras de Xiao, 2002.  <br \/>In\u00e9dito.<\/p>\n\t\t\t\t\t\t\t\t<\/div>\n\t\t\t\t<\/div>\n\t\t\t\t<\/div>\n\t\t<div class=\"elementor-element elementor-element-3f01123 e-con-full e-flex e-con e-child\" data-id=\"3f01123\" data-element_type=\"container\" data-e-type=\"container\">\n\t\t\t\t<div class=\"elementor-element elementor-element-6c0d024 elementor-widget elementor-widget-heading\" data-id=\"6c0d024\" data-element_type=\"widget\" data-e-type=\"widget\" data-widget_type=\"heading.default\">\n\t\t\t\t<div class=\"elementor-widget-container\">\n\t\t\t\t\t<h3 class=\"elementor-heading-title elementor-size-default\">Poes\u00eda para ni\u00f1os<\/h3>\t\t\t\t<\/div>\n\t\t\t\t<\/div>\n\t\t\t\t<div class=\"elementor-element elementor-element-4f22c63 elementor-widget__width-initial elementor-widget elementor-widget-text-editor\" data-id=\"4f22c63\" data-element_type=\"widget\" data-e-type=\"widget\" data-widget_type=\"text-editor.default\">\n\t\t\t\t<div class=\"elementor-widget-container\">\n\t\t\t\t\t\t\t\t\t<p>Letras de la primera maqueta de Jacam, 1997.<br \/> Autoedici\u00f3n.<\/p>\n\t\t\t\t\t\t\t\t<\/div>\n\t\t\t\t<\/div>\n\t\t\t\t<\/div>\n\t\t<div class=\"elementor-element elementor-element-30a06b6 e-con-full e-flex e-con e-child\" data-id=\"30a06b6\" data-element_type=\"container\" data-e-type=\"container\">\n\t\t\t\t<div class=\"elementor-element elementor-element-e2e5e49 elementor-widget elementor-widget-heading\" data-id=\"e2e5e49\" data-element_type=\"widget\" data-e-type=\"widget\" data-widget_type=\"heading.default\">\n\t\t\t\t<div class=\"elementor-widget-container\">\n\t\t\t\t\t<h3 class=\"elementor-heading-title elementor-size-default\">El perchero<\/h3>\t\t\t\t<\/div>\n\t\t\t\t<\/div>\n\t\t\t\t<div class=\"elementor-element elementor-element-51c9d30 elementor-widget__width-initial elementor-widget elementor-widget-text-editor\" data-id=\"51c9d30\" data-element_type=\"widget\" data-e-type=\"widget\" data-widget_type=\"text-editor.default\">\n\t\t\t\t<div class=\"elementor-widget-container\">\n\t\t\t\t\t\t\t\t\t<p>Obra colectiva, 1995.  <br \/>Autoedici\u00f3n.<\/p>\n\t\t\t\t\t\t\t\t<\/div>\n\t\t\t\t<\/div>\n\t\t\t\t<\/div>\n\t\t\t\t\t<\/div>\n\t\t\t\t<\/div>\n\t\t\t\t<\/div>\n\t\t","protected":false},"excerpt":{"rendered":"<p>Letras Escribo desde que, en la guarder\u00eda, la hermana nos picaba si no hac\u00edamos buena letra y mi madre nos compraba un Zipi y Zape antes de entrar en oficio para que no charl\u00e1ramos. Escribo, he escrito o el escrito me ha utilizado, va como va y depende del d\u00eda. Sube a beso En el [&hellip;]<\/p>\n","protected":false},"author":3,"featured_media":0,"parent":737,"menu_order":0,"comment_status":"closed","ping_status":"closed","template":"","meta":{"footnotes":""},"class_list":["post-753","page","type-page","status-publish","hentry"],"yoast_head":"<!-- This site is optimized with the Yoast SEO plugin v27.2 - https:\/\/yoast.com\/product\/yoast-seo-wordpress\/ -->\n<title>LETRAS - David Sarsanedas<\/title>\n<meta name=\"description\" content=\"Las letras tambi\u00e9n son arte. Explora los proyectos literarios de David Sarsanedas, donde las palabras cobran vida.\" \/>\n<meta name=\"robots\" content=\"index, follow, max-snippet:-1, max-image-preview:large, max-video-preview:-1\" \/>\n<link rel=\"canonical\" href=\"https:\/\/davidsarsanedas.com\/es\/artes\/letras\/\" \/>\n<meta property=\"og:locale\" content=\"es_ES\" \/>\n<meta property=\"og:type\" content=\"article\" \/>\n<meta property=\"og:title\" content=\"LETRAS - David Sarsanedas\" \/>\n<meta property=\"og:description\" content=\"Las letras tambi\u00e9n son arte. Explora los proyectos literarios de David Sarsanedas, donde las palabras cobran vida.\" \/>\n<meta property=\"og:url\" content=\"https:\/\/davidsarsanedas.com\/es\/artes\/letras\/\" \/>\n<meta property=\"og:site_name\" content=\"David Sarsanedas\" \/>\n<meta property=\"article:modified_time\" content=\"2024-11-25T09:00:03+00:00\" \/>\n<meta name=\"twitter:card\" content=\"summary_large_image\" \/>\n<meta name=\"twitter:label1\" content=\"Tiempo de lectura\" \/>\n\t<meta name=\"twitter:data1\" content=\"1 minuto\" \/>\n<script type=\"application\/ld+json\" class=\"yoast-schema-graph\">{\"@context\":\"https:\/\/schema.org\",\"@graph\":[{\"@type\":\"WebPage\",\"@id\":\"https:\/\/davidsarsanedas.com\/es\/artes\/letras\/\",\"url\":\"https:\/\/davidsarsanedas.com\/es\/artes\/letras\/\",\"name\":\"LETRAS - David Sarsanedas\",\"isPartOf\":{\"@id\":\"https:\/\/davidsarsanedas.com\/es\/#website\"},\"datePublished\":\"2024-11-03T18:32:18+00:00\",\"dateModified\":\"2024-11-25T09:00:03+00:00\",\"description\":\"Las letras tambi\u00e9n son arte. Explora los proyectos literarios de David Sarsanedas, donde las palabras cobran vida.\",\"breadcrumb\":{\"@id\":\"https:\/\/davidsarsanedas.com\/es\/artes\/letras\/#breadcrumb\"},\"inLanguage\":\"es\",\"potentialAction\":[{\"@type\":\"ReadAction\",\"target\":[\"https:\/\/davidsarsanedas.com\/es\/artes\/letras\/\"]}]},{\"@type\":\"BreadcrumbList\",\"@id\":\"https:\/\/davidsarsanedas.com\/es\/artes\/letras\/#breadcrumb\",\"itemListElement\":[{\"@type\":\"ListItem\",\"position\":1,\"name\":\"Portada\",\"item\":\"https:\/\/davidsarsanedas.com\/es\/david-sarsanedas\/\"},{\"@type\":\"ListItem\",\"position\":2,\"name\":\"ARTES\",\"item\":\"https:\/\/davidsarsanedas.com\/es\/artes\/\"},{\"@type\":\"ListItem\",\"position\":3,\"name\":\"LETRAS\"}]},{\"@type\":\"WebSite\",\"@id\":\"https:\/\/davidsarsanedas.com\/es\/#website\",\"url\":\"https:\/\/davidsarsanedas.com\/es\/\",\"name\":\"David Sarsanedas\",\"description\":\"Un espai de trobada entre ter\u00e0pies, art, natura i tecnologia\",\"potentialAction\":[{\"@type\":\"SearchAction\",\"target\":{\"@type\":\"EntryPoint\",\"urlTemplate\":\"https:\/\/davidsarsanedas.com\/es\/?s={search_term_string}\"},\"query-input\":{\"@type\":\"PropertyValueSpecification\",\"valueRequired\":true,\"valueName\":\"search_term_string\"}}],\"inLanguage\":\"es\"}]}<\/script>\n<!-- \/ Yoast SEO plugin. -->","yoast_head_json":{"title":"LETRAS - David Sarsanedas","description":"Las letras tambi\u00e9n son arte. Explora los proyectos literarios de David Sarsanedas, donde las palabras cobran vida.","robots":{"index":"index","follow":"follow","max-snippet":"max-snippet:-1","max-image-preview":"max-image-preview:large","max-video-preview":"max-video-preview:-1"},"canonical":"https:\/\/davidsarsanedas.com\/es\/artes\/letras\/","og_locale":"es_ES","og_type":"article","og_title":"LETRAS - David Sarsanedas","og_description":"Las letras tambi\u00e9n son arte. Explora los proyectos literarios de David Sarsanedas, donde las palabras cobran vida.","og_url":"https:\/\/davidsarsanedas.com\/es\/artes\/letras\/","og_site_name":"David Sarsanedas","article_modified_time":"2024-11-25T09:00:03+00:00","twitter_card":"summary_large_image","twitter_misc":{"Tiempo de lectura":"1 minuto"},"schema":{"@context":"https:\/\/schema.org","@graph":[{"@type":"WebPage","@id":"https:\/\/davidsarsanedas.com\/es\/artes\/letras\/","url":"https:\/\/davidsarsanedas.com\/es\/artes\/letras\/","name":"LETRAS - David Sarsanedas","isPartOf":{"@id":"https:\/\/davidsarsanedas.com\/es\/#website"},"datePublished":"2024-11-03T18:32:18+00:00","dateModified":"2024-11-25T09:00:03+00:00","description":"Las letras tambi\u00e9n son arte. Explora los proyectos literarios de David Sarsanedas, donde las palabras cobran vida.","breadcrumb":{"@id":"https:\/\/davidsarsanedas.com\/es\/artes\/letras\/#breadcrumb"},"inLanguage":"es","potentialAction":[{"@type":"ReadAction","target":["https:\/\/davidsarsanedas.com\/es\/artes\/letras\/"]}]},{"@type":"BreadcrumbList","@id":"https:\/\/davidsarsanedas.com\/es\/artes\/letras\/#breadcrumb","itemListElement":[{"@type":"ListItem","position":1,"name":"Portada","item":"https:\/\/davidsarsanedas.com\/es\/david-sarsanedas\/"},{"@type":"ListItem","position":2,"name":"ARTES","item":"https:\/\/davidsarsanedas.com\/es\/artes\/"},{"@type":"ListItem","position":3,"name":"LETRAS"}]},{"@type":"WebSite","@id":"https:\/\/davidsarsanedas.com\/es\/#website","url":"https:\/\/davidsarsanedas.com\/es\/","name":"David Sarsanedas","description":"Un espai de trobada entre ter\u00e0pies, art, natura i tecnologia","potentialAction":[{"@type":"SearchAction","target":{"@type":"EntryPoint","urlTemplate":"https:\/\/davidsarsanedas.com\/es\/?s={search_term_string}"},"query-input":{"@type":"PropertyValueSpecification","valueRequired":true,"valueName":"search_term_string"}}],"inLanguage":"es"}]}},"_links":{"self":[{"href":"https:\/\/davidsarsanedas.com\/es\/wp-json\/wp\/v2\/pages\/753","targetHints":{"allow":["GET"]}}],"collection":[{"href":"https:\/\/davidsarsanedas.com\/es\/wp-json\/wp\/v2\/pages"}],"about":[{"href":"https:\/\/davidsarsanedas.com\/es\/wp-json\/wp\/v2\/types\/page"}],"author":[{"embeddable":true,"href":"https:\/\/davidsarsanedas.com\/es\/wp-json\/wp\/v2\/users\/3"}],"replies":[{"embeddable":true,"href":"https:\/\/davidsarsanedas.com\/es\/wp-json\/wp\/v2\/comments?post=753"}],"version-history":[{"count":1,"href":"https:\/\/davidsarsanedas.com\/es\/wp-json\/wp\/v2\/pages\/753\/revisions"}],"predecessor-version":[{"id":754,"href":"https:\/\/davidsarsanedas.com\/es\/wp-json\/wp\/v2\/pages\/753\/revisions\/754"}],"up":[{"embeddable":true,"href":"https:\/\/davidsarsanedas.com\/es\/wp-json\/wp\/v2\/pages\/737"}],"wp:attachment":[{"href":"https:\/\/davidsarsanedas.com\/es\/wp-json\/wp\/v2\/media?parent=753"}],"curies":[{"name":"wp","href":"https:\/\/api.w.org\/{rel}","templated":true}]}}