{"id":749,"date":"2024-10-29T10:20:39","date_gmt":"2024-10-29T10:20:39","guid":{"rendered":"https:\/terapias-chinas\/"},"modified":"2026-02-07T16:55:43","modified_gmt":"2026-02-07T16:55:43","slug":"terapias-chinas","status":"publish","type":"page","link":"https:\/\/davidsarsanedas.com\/es\/terapias-chinas\/","title":{"rendered":"TERAPIAS CHINAS"},"content":{"rendered":"\t\t<div data-elementor-type=\"wp-page\" data-elementor-id=\"749\" class=\"elementor elementor-749 elementor-68\" data-elementor-post-type=\"page\">\n\t\t\t\t\t\t<section class=\"elementor-section elementor-top-section elementor-element elementor-element-7dba826 elementor-section-boxed elementor-section-height-default elementor-section-height-default\" data-id=\"7dba826\" data-element_type=\"section\" data-e-type=\"section\">\n\t\t\t\t\t\t<div class=\"elementor-container elementor-column-gap-wide\">\n\t\t\t\t\t<div class=\"elementor-column elementor-col-100 elementor-top-column elementor-element elementor-element-04fdf07\" data-id=\"04fdf07\" data-element_type=\"column\" data-e-type=\"column\">\n\t\t\t<div class=\"elementor-widget-wrap elementor-element-populated\">\n\t\t\t\t\t\t<div class=\"elementor-element elementor-element-a46793b elementor-widget elementor-widget-heading\" data-id=\"a46793b\" data-element_type=\"widget\" data-e-type=\"widget\" data-widget_type=\"heading.default\">\n\t\t\t\t<div class=\"elementor-widget-container\">\n\t\t\t\t\t<h2 class=\"elementor-heading-title elementor-size-default\">Terapias chinas <\/h2>\t\t\t\t<\/div>\n\t\t\t\t<\/div>\n\t\t\t\t\t<\/div>\n\t\t<\/div>\n\t\t\t\t\t<\/div>\n\t\t<\/section>\n\t\t\t\t<section class=\"elementor-section elementor-top-section elementor-element elementor-element-92e470e elementor-section-boxed elementor-section-height-default elementor-section-height-default\" data-id=\"92e470e\" data-element_type=\"section\" data-e-type=\"section\">\n\t\t\t\t\t\t<div class=\"elementor-container elementor-column-gap-wide\">\n\t\t\t\t\t<div class=\"elementor-column elementor-col-50 elementor-top-column elementor-element elementor-element-d09735d\" data-id=\"d09735d\" data-element_type=\"column\" data-e-type=\"column\">\n\t\t\t<div class=\"elementor-widget-wrap elementor-element-populated\">\n\t\t\t\t\t\t<div class=\"elementor-element elementor-element-9e8edc6 elementor-widget elementor-widget-heading\" data-id=\"9e8edc6\" data-element_type=\"widget\" data-e-type=\"widget\" data-widget_type=\"heading.default\">\n\t\t\t\t<div class=\"elementor-widget-container\">\n\t\t\t\t\t<h3 class=\"elementor-heading-title elementor-size-default\">Acupuntura, masaje tuina y farmacopea tradicional china<\/h3>\t\t\t\t<\/div>\n\t\t\t\t<\/div>\n\t\t\t\t<div class=\"elementor-element elementor-element-f8e2c97 elementor-widget__width-initial elementor-widget elementor-widget-text-editor\" data-id=\"f8e2c97\" data-element_type=\"widget\" data-e-type=\"widget\" data-widget_type=\"text-editor.default\">\n\t\t\t\t<div class=\"elementor-widget-container\">\n\t\t\t\t\t\t\t\t\t<p>En 1996 empec\u00e9 a estudiar de forma informal en diversas escuelas de Catalu\u00f1a, Francia y Suiza. Los cursos 2003-2004 y 2004-2005 los pas\u00e9 en Beijing, el primero en la Universidad de Lengua y Cultura y el segundo en la Universidad de Medicina China, donde termin\u00e9 la formaci\u00f3n intensiva <em>Jin Xiu<\/em> en acupuntura, masaje tuina y farmacopea tradicional. Desde entonces he combinado la pr\u00e1ctica profesional con la formaci\u00f3n autodidacta en estos \u00e1mbitos.<\/p>\t\t\t\t\t\t\t\t<\/div>\n\t\t\t\t<\/div>\n\t\t\t\t\t<\/div>\n\t\t<\/div>\n\t\t\t\t<div class=\"elementor-column elementor-col-50 elementor-top-column elementor-element elementor-element-84f45b5\" data-id=\"84f45b5\" data-element_type=\"column\" data-e-type=\"column\">\n\t\t\t<div class=\"elementor-widget-wrap elementor-element-populated\">\n\t\t\t\t\t\t<div class=\"elementor-element elementor-element-5cdc384 elementor-widget elementor-widget-image\" data-id=\"5cdc384\" data-element_type=\"widget\" data-e-type=\"widget\" data-widget_type=\"image.default\">\n\t\t\t\t<div class=\"elementor-widget-container\">\n\t\t\t\t\t\t\t\t\t\t\t\t\t\t\t<img fetchpriority=\"high\" decoding=\"async\" width=\"800\" height=\"725\" src=\"https:\/\/davidsarsanedas.com\/wp-content\/uploads\/2024\/11\/tera\u2560Cpies-xineses-1024x928.jpg\" class=\"attachment-large size-large wp-image-712\" alt=\"\" srcset=\"https:\/\/davidsarsanedas.com\/wp-content\/uploads\/2024\/11\/tera\u2560Cpies-xineses-1024x928.jpg 1024w, https:\/\/davidsarsanedas.com\/wp-content\/uploads\/2024\/11\/tera\u2560Cpies-xineses-300x272.jpg 300w, https:\/\/davidsarsanedas.com\/wp-content\/uploads\/2024\/11\/tera\u2560Cpies-xineses-768x696.jpg 768w, https:\/\/davidsarsanedas.com\/wp-content\/uploads\/2024\/11\/tera\u2560Cpies-xineses-1536x1392.jpg 1536w, https:\/\/davidsarsanedas.com\/wp-content\/uploads\/2024\/11\/tera\u2560Cpies-xineses-2048x1856.jpg 2048w\" sizes=\"(max-width: 800px) 100vw, 800px\" \/>\t\t\t\t\t\t\t\t\t\t\t\t\t\t\t<\/div>\n\t\t\t\t<\/div>\n\t\t\t\t\t<\/div>\n\t\t<\/div>\n\t\t\t\t\t<\/div>\n\t\t<\/section>\n\t\t\t\t<\/div>\n\t\t","protected":false},"excerpt":{"rendered":"<p>Terapias chinas Acupuntura, masaje tuina y farmacopea tradicional china En 1996 empec\u00e9 a estudiar de forma informal en diversas escuelas de Catalu\u00f1a, Francia y Suiza. Los cursos 2003-2004 y 2004-2005 los pas\u00e9 en Beijing, el primero en la Universidad de Lengua y Cultura y el segundo en la Universidad de Medicina China, donde termin\u00e9 la [&hellip;]<\/p>\n","protected":false},"author":3,"featured_media":0,"parent":0,"menu_order":0,"comment_status":"closed","ping_status":"closed","template":"","meta":{"footnotes":""},"class_list":["post-749","page","type-page","status-publish","hentry"],"yoast_head":"<!-- This site is optimized with the Yoast SEO plugin v27.2 - https:\/\/yoast.com\/product\/yoast-seo-wordpress\/ -->\n<title>TERAPIAS CHINAS - David Sarsanedas<\/title>\n<meta name=\"description\" content=\"Explora el universo de las terapias chinas con David Sarsanedas, un enfoque hol\u00edstico para el bienestar. TERAPIAS CHINAS\" \/>\n<meta name=\"robots\" content=\"index, follow, max-snippet:-1, max-image-preview:large, max-video-preview:-1\" \/>\n<link rel=\"canonical\" href=\"https:\/\/davidsarsanedas.com\/es\/terapias-chinas\/\" \/>\n<meta property=\"og:locale\" content=\"es_ES\" \/>\n<meta property=\"og:type\" content=\"article\" \/>\n<meta property=\"og:title\" content=\"TERAPIAS CHINAS - David Sarsanedas\" \/>\n<meta property=\"og:description\" content=\"Explora el universo de las terapias chinas con David Sarsanedas, un enfoque hol\u00edstico para el bienestar. TERAPIAS CHINAS\" \/>\n<meta property=\"og:url\" content=\"https:\/\/davidsarsanedas.com\/es\/terapias-chinas\/\" \/>\n<meta property=\"og:site_name\" content=\"David Sarsanedas\" \/>\n<meta property=\"article:modified_time\" content=\"2026-02-07T16:55:43+00:00\" \/>\n<meta name=\"twitter:card\" content=\"summary_large_image\" \/>\n<script type=\"application\/ld+json\" class=\"yoast-schema-graph\">{\"@context\":\"https:\/\/schema.org\",\"@graph\":[{\"@type\":\"WebPage\",\"@id\":\"https:\/\/davidsarsanedas.com\/es\/terapias-chinas\/\",\"url\":\"https:\/\/davidsarsanedas.com\/es\/terapias-chinas\/\",\"name\":\"TERAPIAS CHINAS - David Sarsanedas\",\"isPartOf\":{\"@id\":\"https:\/\/davidsarsanedas.com\/es\/#website\"},\"datePublished\":\"2024-10-29T10:20:39+00:00\",\"dateModified\":\"2026-02-07T16:55:43+00:00\",\"description\":\"Explora el universo de las terapias chinas con David Sarsanedas, un enfoque hol\u00edstico para el bienestar. TERAPIAS CHINAS\",\"breadcrumb\":{\"@id\":\"https:\/\/davidsarsanedas.com\/es\/terapias-chinas\/#breadcrumb\"},\"inLanguage\":\"es\",\"potentialAction\":[{\"@type\":\"ReadAction\",\"target\":[\"https:\/\/davidsarsanedas.com\/es\/terapias-chinas\/\"]}]},{\"@type\":\"BreadcrumbList\",\"@id\":\"https:\/\/davidsarsanedas.com\/es\/terapias-chinas\/#breadcrumb\",\"itemListElement\":[{\"@type\":\"ListItem\",\"position\":1,\"name\":\"Portada\",\"item\":\"https:\/\/davidsarsanedas.com\/es\/david-sarsanedas\/\"},{\"@type\":\"ListItem\",\"position\":2,\"name\":\"TERAPIAS CHINAS\"}]},{\"@type\":\"WebSite\",\"@id\":\"https:\/\/davidsarsanedas.com\/es\/#website\",\"url\":\"https:\/\/davidsarsanedas.com\/es\/\",\"name\":\"David Sarsanedas\",\"description\":\"Un espai de trobada entre ter\u00e0pies, art, natura i tecnologia\",\"potentialAction\":[{\"@type\":\"SearchAction\",\"target\":{\"@type\":\"EntryPoint\",\"urlTemplate\":\"https:\/\/davidsarsanedas.com\/es\/?s={search_term_string}\"},\"query-input\":{\"@type\":\"PropertyValueSpecification\",\"valueRequired\":true,\"valueName\":\"search_term_string\"}}],\"inLanguage\":\"es\"}]}<\/script>\n<!-- \/ Yoast SEO plugin. -->","yoast_head_json":{"title":"TERAPIAS CHINAS - David Sarsanedas","description":"Explora el universo de las terapias chinas con David Sarsanedas, un enfoque hol\u00edstico para el bienestar. TERAPIAS CHINAS","robots":{"index":"index","follow":"follow","max-snippet":"max-snippet:-1","max-image-preview":"max-image-preview:large","max-video-preview":"max-video-preview:-1"},"canonical":"https:\/\/davidsarsanedas.com\/es\/terapias-chinas\/","og_locale":"es_ES","og_type":"article","og_title":"TERAPIAS CHINAS - David Sarsanedas","og_description":"Explora el universo de las terapias chinas con David Sarsanedas, un enfoque hol\u00edstico para el bienestar. TERAPIAS CHINAS","og_url":"https:\/\/davidsarsanedas.com\/es\/terapias-chinas\/","og_site_name":"David Sarsanedas","article_modified_time":"2026-02-07T16:55:43+00:00","twitter_card":"summary_large_image","schema":{"@context":"https:\/\/schema.org","@graph":[{"@type":"WebPage","@id":"https:\/\/davidsarsanedas.com\/es\/terapias-chinas\/","url":"https:\/\/davidsarsanedas.com\/es\/terapias-chinas\/","name":"TERAPIAS CHINAS - David Sarsanedas","isPartOf":{"@id":"https:\/\/davidsarsanedas.com\/es\/#website"},"datePublished":"2024-10-29T10:20:39+00:00","dateModified":"2026-02-07T16:55:43+00:00","description":"Explora el universo de las terapias chinas con David Sarsanedas, un enfoque hol\u00edstico para el bienestar. TERAPIAS CHINAS","breadcrumb":{"@id":"https:\/\/davidsarsanedas.com\/es\/terapias-chinas\/#breadcrumb"},"inLanguage":"es","potentialAction":[{"@type":"ReadAction","target":["https:\/\/davidsarsanedas.com\/es\/terapias-chinas\/"]}]},{"@type":"BreadcrumbList","@id":"https:\/\/davidsarsanedas.com\/es\/terapias-chinas\/#breadcrumb","itemListElement":[{"@type":"ListItem","position":1,"name":"Portada","item":"https:\/\/davidsarsanedas.com\/es\/david-sarsanedas\/"},{"@type":"ListItem","position":2,"name":"TERAPIAS CHINAS"}]},{"@type":"WebSite","@id":"https:\/\/davidsarsanedas.com\/es\/#website","url":"https:\/\/davidsarsanedas.com\/es\/","name":"David Sarsanedas","description":"Un espai de trobada entre ter\u00e0pies, art, natura i tecnologia","potentialAction":[{"@type":"SearchAction","target":{"@type":"EntryPoint","urlTemplate":"https:\/\/davidsarsanedas.com\/es\/?s={search_term_string}"},"query-input":{"@type":"PropertyValueSpecification","valueRequired":true,"valueName":"search_term_string"}}],"inLanguage":"es"}]}},"_links":{"self":[{"href":"https:\/\/davidsarsanedas.com\/es\/wp-json\/wp\/v2\/pages\/749","targetHints":{"allow":["GET"]}}],"collection":[{"href":"https:\/\/davidsarsanedas.com\/es\/wp-json\/wp\/v2\/pages"}],"about":[{"href":"https:\/\/davidsarsanedas.com\/es\/wp-json\/wp\/v2\/types\/page"}],"author":[{"embeddable":true,"href":"https:\/\/davidsarsanedas.com\/es\/wp-json\/wp\/v2\/users\/3"}],"replies":[{"embeddable":true,"href":"https:\/\/davidsarsanedas.com\/es\/wp-json\/wp\/v2\/comments?post=749"}],"version-history":[{"count":6,"href":"https:\/\/davidsarsanedas.com\/es\/wp-json\/wp\/v2\/pages\/749\/revisions"}],"predecessor-version":[{"id":968,"href":"https:\/\/davidsarsanedas.com\/es\/wp-json\/wp\/v2\/pages\/749\/revisions\/968"}],"wp:attachment":[{"href":"https:\/\/davidsarsanedas.com\/es\/wp-json\/wp\/v2\/media?parent=749"}],"curies":[{"name":"wp","href":"https:\/\/api.w.org\/{rel}","templated":true}]}}