{"id":740,"date":"2024-11-03T17:49:48","date_gmt":"2024-11-03T17:49:48","guid":{"rendered":"https:\/talleres-de-ciencia-y-tecnologia\/"},"modified":"2024-11-25T08:59:35","modified_gmt":"2024-11-25T08:59:35","slug":"talleres-de-ciencia-y-tecnologia","status":"publish","type":"page","link":"https:\/\/davidsarsanedas.com\/es\/talleres-de-ciencia-y-tecnologia\/","title":{"rendered":"TALLERES DE CIENCIA Y TECNOLOG\u00cdA"},"content":{"rendered":"\t\t<div data-elementor-type=\"wp-page\" data-elementor-id=\"740\" class=\"elementor elementor-740 elementor-190\" data-elementor-post-type=\"page\">\n\t\t\t\t\t\t<section class=\"elementor-section elementor-top-section elementor-element elementor-element-ae49fa2 elementor-section-boxed elementor-section-height-default elementor-section-height-default\" data-id=\"ae49fa2\" data-element_type=\"section\" data-e-type=\"section\">\n\t\t\t\t\t\t<div class=\"elementor-container elementor-column-gap-wide\">\n\t\t\t\t\t<div class=\"elementor-column elementor-col-100 elementor-top-column elementor-element elementor-element-a940001\" data-id=\"a940001\" data-element_type=\"column\" data-e-type=\"column\">\n\t\t\t<div class=\"elementor-widget-wrap elementor-element-populated\">\n\t\t\t\t\t\t<div class=\"elementor-element elementor-element-7efa8ef elementor-widget elementor-widget-heading\" data-id=\"7efa8ef\" data-element_type=\"widget\" data-e-type=\"widget\" data-widget_type=\"heading.default\">\n\t\t\t\t<div class=\"elementor-widget-container\">\n\t\t\t\t\t<h1 class=\"elementor-heading-title elementor-size-default\">Charlas, talleres y cursos de ciencia y tecnolog\u00eda<\/h1>\t\t\t\t<\/div>\n\t\t\t\t<\/div>\n\t\t\t\t\t<\/div>\n\t\t<\/div>\n\t\t\t\t\t<\/div>\n\t\t<\/section>\n\t\t\t\t<section class=\"elementor-section elementor-top-section elementor-element elementor-element-53172d1 elementor-section-boxed elementor-section-height-default elementor-section-height-default\" data-id=\"53172d1\" data-element_type=\"section\" data-e-type=\"section\">\n\t\t\t\t\t\t<div class=\"elementor-container elementor-column-gap-wide\">\n\t\t\t\t\t<div class=\"elementor-column elementor-col-50 elementor-top-column elementor-element elementor-element-38ebe94\" data-id=\"38ebe94\" data-element_type=\"column\" data-e-type=\"column\">\n\t\t\t<div class=\"elementor-widget-wrap elementor-element-populated\">\n\t\t\t\t\t\t<div class=\"elementor-element elementor-element-ebd99af elementor-widget elementor-widget-text-editor\" data-id=\"ebd99af\" data-element_type=\"widget\" data-e-type=\"widget\" data-widget_type=\"text-editor.default\">\n\t\t\t\t<div class=\"elementor-widget-container\">\n\t\t\t\t\t\t\t\t\t<p>En 2009 fundamos la Orquesta de los Luthiers Drapaires, un grupo dedicado al reciclaje creativo de desechos tecnol\u00f3gicos vinculado al colectivo Telenoika. Desde entonces he continuado estudiando de forma autodidacta, he ofrecido numerosos talleres de introducci\u00f3n a la ciencia y la tecnolog\u00eda para personas de todas las edades, y he trabajado como t\u00e9cnico en la construcci\u00f3n de elementos esc\u00e9nicos interactivos para diferentes compa\u00f1\u00edas de danza y teatro. <\/p>\n\t\t\t\t\t\t\t\t<\/div>\n\t\t\t\t<\/div>\n\t\t\t\t\t<\/div>\n\t\t<\/div>\n\t\t\t\t<div class=\"elementor-column elementor-col-50 elementor-top-column elementor-element elementor-element-5e84e91\" data-id=\"5e84e91\" data-element_type=\"column\" data-e-type=\"column\">\n\t\t\t<div class=\"elementor-widget-wrap elementor-element-populated\">\n\t\t\t\t\t\t<div class=\"elementor-element elementor-element-53d1a99 elementor-widget elementor-widget-image\" data-id=\"53d1a99\" data-element_type=\"widget\" data-e-type=\"widget\" data-widget_type=\"image.default\">\n\t\t\t\t<div class=\"elementor-widget-container\">\n\t\t\t\t\t\t\t\t\t\t\t\t\t\t\t<img fetchpriority=\"high\" decoding=\"async\" width=\"800\" height=\"600\" src=\"https:\/\/davidsarsanedas.com\/wp-content\/uploads\/2024\/11\/pinzells-sonors.jpg-1024x768.webp\" class=\"attachment-large size-large wp-image-713\" alt=\"\" srcset=\"https:\/\/davidsarsanedas.com\/wp-content\/uploads\/2024\/11\/pinzells-sonors.jpg-1024x768.webp 1024w, https:\/\/davidsarsanedas.com\/wp-content\/uploads\/2024\/11\/pinzells-sonors.jpg-300x225.webp 300w, https:\/\/davidsarsanedas.com\/wp-content\/uploads\/2024\/11\/pinzells-sonors.jpg-768x576.webp 768w, https:\/\/davidsarsanedas.com\/wp-content\/uploads\/2024\/11\/pinzells-sonors.jpg-1536x1152.webp 1536w, https:\/\/davidsarsanedas.com\/wp-content\/uploads\/2024\/11\/pinzells-sonors.jpg.webp 1900w\" sizes=\"(max-width: 800px) 100vw, 800px\" \/>\t\t\t\t\t\t\t\t\t\t\t\t\t\t\t<\/div>\n\t\t\t\t<\/div>\n\t\t\t\t\t<\/div>\n\t\t<\/div>\n\t\t\t\t\t<\/div>\n\t\t<\/section>\n\t\t\t\t<section class=\"elementor-section elementor-top-section elementor-element elementor-element-cce2c2e elementor-section-boxed elementor-section-height-default elementor-section-height-default\" data-id=\"cce2c2e\" data-element_type=\"section\" data-e-type=\"section\">\n\t\t\t\t\t\t<div class=\"elementor-container elementor-column-gap-wide\">\n\t\t\t\t\t<div class=\"elementor-column elementor-col-100 elementor-top-column elementor-element elementor-element-5d93044\" data-id=\"5d93044\" data-element_type=\"column\" data-e-type=\"column\">\n\t\t\t<div class=\"elementor-widget-wrap elementor-element-populated\">\n\t\t\t\t\t\t<div class=\"elementor-element elementor-element-0d05d13 elementor-widget elementor-widget-heading\" data-id=\"0d05d13\" data-element_type=\"widget\" data-e-type=\"widget\" data-widget_type=\"heading.default\">\n\t\t\t\t<div class=\"elementor-widget-container\">\n\t\t\t\t\t<h3 class=\"elementor-heading-title elementor-size-default\">Talleres de ciencia<\/h3>\t\t\t\t<\/div>\n\t\t\t\t<\/div>\n\t\t<div class=\"elementor-element elementor-element-6aa46e7 e-flex e-con-boxed e-con e-parent\" data-id=\"6aa46e7\" data-element_type=\"container\" data-e-type=\"container\">\n\t\t\t\t\t<div class=\"e-con-inner\">\n\t\t<div class=\"elementor-element elementor-element-206dec8 e-con-full e-flex e-con e-child\" data-id=\"206dec8\" data-element_type=\"container\" data-e-type=\"container\">\n\t\t\t\t<div class=\"elementor-element elementor-element-0a93cc8 elementor-widget elementor-widget-text-editor\" data-id=\"0a93cc8\" data-element_type=\"widget\" data-e-type=\"widget\" data-widget_type=\"text-editor.default\">\n\t\t\t\t<div class=\"elementor-widget-container\">\n\t\t\t\t\t\t\t\t\t<p><strong>Construcci\u00f3n de cajas oscuras y cajas de luz<\/strong><\/p>\n<p>\u00bfC\u00f3mo se comporta la luz cuando pasa por un agujero muy peque\u00f1o? \u00bfC\u00f3mo funcionan las c\u00e1maras de fotografiar? \u00bfY los proyectores? En este taller descubriremos esto y mucho m\u00e1s y nos llevaremos a casa una m\u00e1quina sorprendente para ver el mundo boca abajo!   <\/p>\n\t\t\t\t\t\t\t\t<\/div>\n\t\t\t\t<\/div>\n\t\t\t\t<\/div>\n\t\t<div class=\"elementor-element elementor-element-868a1b5 e-con-full e-flex e-con e-child\" data-id=\"868a1b5\" data-element_type=\"container\" data-e-type=\"container\">\n\t\t\t\t<div class=\"elementor-element elementor-element-fb2f6ae elementor-widget elementor-widget-text-editor\" data-id=\"fb2f6ae\" data-element_type=\"widget\" data-e-type=\"widget\" data-widget_type=\"text-editor.default\">\n\t\t\t\t<div class=\"elementor-widget-container\">\n\t\t\t\t\t\t\t\t\t<p><strong>Construcci\u00f3n de cohetes de agua y aire comprimido<\/strong><\/p>\n<p>\u00bfPodemos construir un cohete con una botella de pl\u00e1stico, agua y aire comprimido? \u00bfY podemos hacer que despegue cinco, diez o quince metros de una manera espectacular? \u00a1S\u00ed! En este taller descubriremos c\u00f3mo hacerlo y entenderemos la ciencia que se esconde detr\u00e1s de su funcionamiento.   <\/p>\n\t\t\t\t\t\t\t\t<\/div>\n\t\t\t\t<\/div>\n\t\t\t\t<\/div>\n\t\t<div class=\"elementor-element elementor-element-bb9c618 e-con-full e-flex e-con e-child\" data-id=\"bb9c618\" data-element_type=\"container\" data-e-type=\"container\">\n\t\t\t\t<\/div>\n\t\t\t\t\t<\/div>\n\t\t\t\t<\/div>\n\t\t\t\t\t<\/div>\n\t\t<\/div>\n\t\t\t\t\t<\/div>\n\t\t<\/section>\n\t\t\t\t<section class=\"elementor-section elementor-top-section elementor-element elementor-element-72a1777 elementor-section-boxed elementor-section-height-default elementor-section-height-default\" data-id=\"72a1777\" data-element_type=\"section\" data-e-type=\"section\">\n\t\t\t\t\t\t<div class=\"elementor-container elementor-column-gap-wide\">\n\t\t\t\t\t<div class=\"elementor-column elementor-col-100 elementor-top-column elementor-element elementor-element-32c1f41\" data-id=\"32c1f41\" data-element_type=\"column\" data-e-type=\"column\">\n\t\t\t<div class=\"elementor-widget-wrap elementor-element-populated\">\n\t\t\t\t\t\t<div class=\"elementor-element elementor-element-f4e4ab6 elementor-widget elementor-widget-heading\" data-id=\"f4e4ab6\" data-element_type=\"widget\" data-e-type=\"widget\" data-widget_type=\"heading.default\">\n\t\t\t\t<div class=\"elementor-widget-container\">\n\t\t\t\t\t<h3 class=\"elementor-heading-title elementor-size-default\">Talleres de electr\u00f3nica b\u00e1sica<\/h3>\t\t\t\t<\/div>\n\t\t\t\t<\/div>\n\t\t<div class=\"elementor-element elementor-element-4f8ca31 e-flex e-con-boxed e-con e-parent\" data-id=\"4f8ca31\" data-element_type=\"container\" data-e-type=\"container\">\n\t\t\t\t\t<div class=\"e-con-inner\">\n\t\t<div class=\"elementor-element elementor-element-6d9ca1a e-con-full e-flex e-con e-child\" data-id=\"6d9ca1a\" data-element_type=\"container\" data-e-type=\"container\">\n\t\t\t\t<div class=\"elementor-element elementor-element-c86347d elementor-widget elementor-widget-text-editor\" data-id=\"c86347d\" data-element_type=\"widget\" data-e-type=\"widget\" data-widget_type=\"text-editor.default\">\n\t\t\t\t<div class=\"elementor-widget-container\">\n\t\t\t\t\t\t\t\t\t<p><strong>Construcci\u00f3n de peque\u00f1os sintetizadores musicales<\/strong><\/p>\n<p>\u00bfC\u00f3mo funciona la electricidad? \u00bfQu\u00e9 es una resistencia? \u00bfCu\u00e1ntos tipos hay? En este taller construiremos instrumentos musicales sorprendentes que funcionan cuando nos tocamos entre nosotros, cuando pintamos o jugamos con la luz.   <\/p>\n\t\t\t\t\t\t\t\t<\/div>\n\t\t\t\t<\/div>\n\t\t\t\t<\/div>\n\t\t<div class=\"elementor-element elementor-element-1fca917 e-con-full e-flex e-con e-child\" data-id=\"1fca917\" data-element_type=\"container\" data-e-type=\"container\">\n\t\t\t\t<div class=\"elementor-element elementor-element-d1ea020 elementor-widget elementor-widget-text-editor\" data-id=\"d1ea020\" data-element_type=\"widget\" data-e-type=\"widget\" data-widget_type=\"text-editor.default\">\n\t\t\t\t<div class=\"elementor-widget-container\">\n\t\t\t\t\t\t\t\t\t<p><strong>Modificaci\u00f3n de juguetes electr\u00f3nicos (circuito bending)<\/strong><\/p>\n<p>\u00bfOs imagin\u00e1is coger un juguete electr\u00f3nico, desmontarlo y convertirlo en un sintetizador musical capaz de producir los sonidos m\u00e1s formidables e inesperados? En este taller aprenderemos c\u00f3mo hacerlo de forma divertida y did\u00e1ctica. <\/p>\n\t\t\t\t\t\t\t\t<\/div>\n\t\t\t\t<\/div>\n\t\t\t\t<\/div>\n\t\t<div class=\"elementor-element elementor-element-02ed399 e-con-full e-flex e-con e-child\" data-id=\"02ed399\" data-element_type=\"container\" data-e-type=\"container\">\n\t\t\t\t<div class=\"elementor-element elementor-element-e3067c7 elementor-widget elementor-widget-text-editor\" data-id=\"e3067c7\" data-element_type=\"widget\" data-e-type=\"widget\" data-widget_type=\"text-editor.default\">\n\t\t\t\t<div class=\"elementor-widget-container\">\n\t\t\t\t\t\t\t\t\t<p><strong>Construcci\u00f3n de robots hormiga<\/strong><\/p>\n<p>Taller de construcci\u00f3n de robots hormiga. Formidables animales del tama\u00f1o de un dedo, hechos con ramas secas, materiales reciclados, motores y la imaginaci\u00f3n de cada participante. <\/p>\n\t\t\t\t\t\t\t\t<\/div>\n\t\t\t\t<\/div>\n\t\t\t\t<\/div>\n\t\t\t\t\t<\/div>\n\t\t\t\t<\/div>\n\t\t\t\t\t<\/div>\n\t\t<\/div>\n\t\t\t\t\t<\/div>\n\t\t<\/section>\n\t\t\t\t<section class=\"elementor-section elementor-top-section elementor-element elementor-element-7ea7982 elementor-section-boxed elementor-section-height-default elementor-section-height-default\" data-id=\"7ea7982\" data-element_type=\"section\" data-e-type=\"section\">\n\t\t\t\t\t\t<div class=\"elementor-container elementor-column-gap-wide\">\n\t\t\t\t\t<div class=\"elementor-column elementor-col-100 elementor-top-column elementor-element elementor-element-ff0cac8\" data-id=\"ff0cac8\" data-element_type=\"column\" data-e-type=\"column\">\n\t\t\t<div class=\"elementor-widget-wrap elementor-element-populated\">\n\t\t\t\t\t\t<div class=\"elementor-element elementor-element-2f9dad5 elementor-widget elementor-widget-heading\" data-id=\"2f9dad5\" data-element_type=\"widget\" data-e-type=\"widget\" data-widget_type=\"heading.default\">\n\t\t\t\t<div class=\"elementor-widget-container\">\n\t\t\t\t\t<h3 class=\"elementor-heading-title elementor-size-default\">Introducci\u00f3n a Arduino<\/h3>\t\t\t\t<\/div>\n\t\t\t\t<\/div>\n\t\t<div class=\"elementor-element elementor-element-36ecc5c e-flex e-con-boxed e-con e-parent\" data-id=\"36ecc5c\" data-element_type=\"container\" data-e-type=\"container\">\n\t\t\t\t\t<div class=\"e-con-inner\">\n\t\t<div class=\"elementor-element elementor-element-442fc0b e-con-full e-flex e-con e-child\" data-id=\"442fc0b\" data-element_type=\"container\" data-e-type=\"container\">\n\t\t\t\t<div class=\"elementor-element elementor-element-c1294d6 elementor-widget elementor-widget-text-editor\" data-id=\"c1294d6\" data-element_type=\"widget\" data-e-type=\"widget\" data-widget_type=\"text-editor.default\">\n\t\t\t\t<div class=\"elementor-widget-container\">\n\t\t\t\t\t\t\t\t\t<p><strong>Construcci\u00f3n de un arpa l\u00e1ser<\/strong><\/p>\n<p>Arduino es una peque\u00f1a placa de programaci\u00f3n que puede recibir e interactuar con se\u00f1ales del mundo exterior. En este taller, descubriremos su funcionamiento y posibilidades al tiempo que, cada participante, construye su propia garra l\u00e1ser. <\/p>\n\t\t\t\t\t\t\t\t<\/div>\n\t\t\t\t<\/div>\n\t\t\t\t<\/div>\n\t\t<div class=\"elementor-element elementor-element-d3c2a8a e-con-full e-flex e-con e-child\" data-id=\"d3c2a8a\" data-element_type=\"container\" data-e-type=\"container\">\n\t\t\t\t<\/div>\n\t\t<div class=\"elementor-element elementor-element-d115dbc e-con-full e-flex e-con e-child\" data-id=\"d115dbc\" data-element_type=\"container\" data-e-type=\"container\">\n\t\t\t\t<\/div>\n\t\t\t\t\t<\/div>\n\t\t\t\t<\/div>\n\t\t\t\t\t<\/div>\n\t\t<\/div>\n\t\t\t\t\t<\/div>\n\t\t<\/section>\n\t\t\t\t<section class=\"elementor-section elementor-top-section elementor-element elementor-element-778e6dd elementor-section-boxed elementor-section-height-default elementor-section-height-default\" data-id=\"778e6dd\" data-element_type=\"section\" data-e-type=\"section\">\n\t\t\t\t\t\t<div class=\"elementor-container elementor-column-gap-wide\">\n\t\t\t\t\t<div class=\"elementor-column elementor-col-100 elementor-top-column elementor-element elementor-element-b11e4ab\" data-id=\"b11e4ab\" data-element_type=\"column\" data-e-type=\"column\">\n\t\t\t<div class=\"elementor-widget-wrap elementor-element-populated\">\n\t\t\t\t\t\t<div class=\"elementor-element elementor-element-bb9336f elementor-widget elementor-widget-heading\" data-id=\"bb9336f\" data-element_type=\"widget\" data-e-type=\"widget\" data-widget_type=\"heading.default\">\n\t\t\t\t<div class=\"elementor-widget-container\">\n\t\t\t\t\t<h3 class=\"elementor-heading-title elementor-size-default\">Talleres con Inteligencia Artificial generativa<\/h3>\t\t\t\t<\/div>\n\t\t\t\t<\/div>\n\t\t<div class=\"elementor-element elementor-element-403d089 e-flex e-con-boxed e-con e-parent\" data-id=\"403d089\" data-element_type=\"container\" data-e-type=\"container\">\n\t\t\t\t\t<div class=\"e-con-inner\">\n\t\t<div class=\"elementor-element elementor-element-08c0cbe e-con-full e-flex e-con e-child\" data-id=\"08c0cbe\" data-element_type=\"container\" data-e-type=\"container\">\n\t\t\t\t<div class=\"elementor-element elementor-element-cb8ebcd elementor-widget elementor-widget-text-editor\" data-id=\"cb8ebcd\" data-element_type=\"widget\" data-e-type=\"widget\" data-widget_type=\"text-editor.default\">\n\t\t\t\t<div class=\"elementor-widget-container\">\n\t\t\t\t\t\t\t\t\t<p><strong>Creaci\u00f3n de mapping con inteligencia artificial<\/strong><\/p>\n<p>El curso profundiza en el uso de herramientas de generaci\u00f3n de imagen, v\u00eddeo y m\u00fasica basadas en inteligencia artificial para crear un espect\u00e1culo de mapping de gran formato.<\/p>\n\t\t\t\t\t\t\t\t<\/div>\n\t\t\t\t<\/div>\n\t\t\t\t<\/div>\n\t\t<div class=\"elementor-element elementor-element-5e4c126 e-con-full e-flex e-con e-child\" data-id=\"5e4c126\" data-element_type=\"container\" data-e-type=\"container\">\n\t\t\t\t<\/div>\n\t\t<div class=\"elementor-element elementor-element-86cea37 e-con-full e-flex e-con e-child\" data-id=\"86cea37\" data-element_type=\"container\" data-e-type=\"container\">\n\t\t\t\t<\/div>\n\t\t\t\t\t<\/div>\n\t\t\t\t<\/div>\n\t\t\t\t\t<\/div>\n\t\t<\/div>\n\t\t\t\t\t<\/div>\n\t\t<\/section>\n\t\t\t\t<\/div>\n\t\t","protected":false},"excerpt":{"rendered":"<p>Charlas, talleres y cursos de ciencia y tecnolog\u00eda En 2009 fundamos la Orquesta de los Luthiers Drapaires, un grupo dedicado al reciclaje creativo de desechos tecnol\u00f3gicos vinculado al colectivo Telenoika. Desde entonces he continuado estudiando de forma autodidacta, he ofrecido numerosos talleres de introducci\u00f3n a la ciencia y la tecnolog\u00eda para personas de todas las [&hellip;]<\/p>\n","protected":false},"author":3,"featured_media":0,"parent":0,"menu_order":0,"comment_status":"closed","ping_status":"closed","template":"","meta":{"footnotes":""},"class_list":["post-740","page","type-page","status-publish","hentry"],"yoast_head":"<!-- This site is optimized with the Yoast SEO plugin v27.2 - https:\/\/yoast.com\/product\/yoast-seo-wordpress\/ -->\n<title>TALLERES DE CIENCIA Y TECNOLOG\u00cdA - David Sarsanedas<\/title>\n<meta name=\"description\" content=\"Participa en talleres art\u00edsticos con David Sarsanedas. Aprende y crea en un TALLERES DE CIENCIA Y TECNOLOG\u00cdA inspirador y colaborativo.\" \/>\n<meta name=\"robots\" content=\"index, follow, max-snippet:-1, max-image-preview:large, max-video-preview:-1\" \/>\n<link rel=\"canonical\" href=\"https:\/\/davidsarsanedas.com\/es\/talleres-de-ciencia-y-tecnologia\/\" \/>\n<meta property=\"og:locale\" content=\"es_ES\" \/>\n<meta property=\"og:type\" content=\"article\" \/>\n<meta property=\"og:title\" content=\"TALLERES DE CIENCIA Y TECNOLOG\u00cdA - David Sarsanedas\" \/>\n<meta property=\"og:description\" content=\"Participa en talleres art\u00edsticos con David Sarsanedas. Aprende y crea en un TALLERES DE CIENCIA Y TECNOLOG\u00cdA inspirador y colaborativo.\" \/>\n<meta property=\"og:url\" content=\"https:\/\/davidsarsanedas.com\/es\/talleres-de-ciencia-y-tecnologia\/\" \/>\n<meta property=\"og:site_name\" content=\"David Sarsanedas\" \/>\n<meta property=\"article:modified_time\" content=\"2024-11-25T08:59:35+00:00\" \/>\n<meta property=\"og:image\" content=\"http:\/\/davidsarsanedas.com\/wp-content\/uploads\/2024\/11\/pinzells-sonors.jpg-1024x768.webp\" \/>\n<meta name=\"twitter:card\" content=\"summary_large_image\" \/>\n<meta name=\"twitter:label1\" content=\"Tiempo de lectura\" \/>\n\t<meta name=\"twitter:data1\" content=\"2 minutos\" \/>\n<script type=\"application\/ld+json\" class=\"yoast-schema-graph\">{\"@context\":\"https:\/\/schema.org\",\"@graph\":[{\"@type\":\"WebPage\",\"@id\":\"https:\/\/davidsarsanedas.com\/es\/talleres-de-ciencia-y-tecnologia\/\",\"url\":\"https:\/\/davidsarsanedas.com\/es\/talleres-de-ciencia-y-tecnologia\/\",\"name\":\"TALLERES DE CIENCIA Y TECNOLOG\u00cdA - David Sarsanedas\",\"isPartOf\":{\"@id\":\"https:\/\/davidsarsanedas.com\/es\/#website\"},\"primaryImageOfPage\":{\"@id\":\"https:\/\/davidsarsanedas.com\/es\/talleres-de-ciencia-y-tecnologia\/#primaryimage\"},\"image\":{\"@id\":\"https:\/\/davidsarsanedas.com\/es\/talleres-de-ciencia-y-tecnologia\/#primaryimage\"},\"thumbnailUrl\":\"http:\/\/davidsarsanedas.com\/wp-content\/uploads\/2024\/11\/pinzells-sonors.jpg-1024x768.webp\",\"datePublished\":\"2024-11-03T17:49:48+00:00\",\"dateModified\":\"2024-11-25T08:59:35+00:00\",\"description\":\"Participa en talleres art\u00edsticos con David Sarsanedas. Aprende y crea en un TALLERES DE CIENCIA Y TECNOLOG\u00cdA inspirador y colaborativo.\",\"breadcrumb\":{\"@id\":\"https:\/\/davidsarsanedas.com\/es\/talleres-de-ciencia-y-tecnologia\/#breadcrumb\"},\"inLanguage\":\"es\",\"potentialAction\":[{\"@type\":\"ReadAction\",\"target\":[\"https:\/\/davidsarsanedas.com\/es\/talleres-de-ciencia-y-tecnologia\/\"]}]},{\"@type\":\"ImageObject\",\"inLanguage\":\"es\",\"@id\":\"https:\/\/davidsarsanedas.com\/es\/talleres-de-ciencia-y-tecnologia\/#primaryimage\",\"url\":\"http:\/\/davidsarsanedas.com\/wp-content\/uploads\/2024\/11\/pinzells-sonors.jpg-1024x768.webp\",\"contentUrl\":\"http:\/\/davidsarsanedas.com\/wp-content\/uploads\/2024\/11\/pinzells-sonors.jpg-1024x768.webp\"},{\"@type\":\"BreadcrumbList\",\"@id\":\"https:\/\/davidsarsanedas.com\/es\/talleres-de-ciencia-y-tecnologia\/#breadcrumb\",\"itemListElement\":[{\"@type\":\"ListItem\",\"position\":1,\"name\":\"Portada\",\"item\":\"https:\/\/davidsarsanedas.com\/es\/david-sarsanedas\/\"},{\"@type\":\"ListItem\",\"position\":2,\"name\":\"TALLERES DE CIENCIA Y TECNOLOG\u00cdA\"}]},{\"@type\":\"WebSite\",\"@id\":\"https:\/\/davidsarsanedas.com\/es\/#website\",\"url\":\"https:\/\/davidsarsanedas.com\/es\/\",\"name\":\"David Sarsanedas\",\"description\":\"Un espai de trobada entre ter\u00e0pies, art, natura i tecnologia\",\"potentialAction\":[{\"@type\":\"SearchAction\",\"target\":{\"@type\":\"EntryPoint\",\"urlTemplate\":\"https:\/\/davidsarsanedas.com\/es\/?s={search_term_string}\"},\"query-input\":{\"@type\":\"PropertyValueSpecification\",\"valueRequired\":true,\"valueName\":\"search_term_string\"}}],\"inLanguage\":\"es\"}]}<\/script>\n<!-- \/ Yoast SEO plugin. -->","yoast_head_json":{"title":"TALLERES DE CIENCIA Y TECNOLOG\u00cdA - David Sarsanedas","description":"Participa en talleres art\u00edsticos con David Sarsanedas. Aprende y crea en un TALLERES DE CIENCIA Y TECNOLOG\u00cdA inspirador y colaborativo.","robots":{"index":"index","follow":"follow","max-snippet":"max-snippet:-1","max-image-preview":"max-image-preview:large","max-video-preview":"max-video-preview:-1"},"canonical":"https:\/\/davidsarsanedas.com\/es\/talleres-de-ciencia-y-tecnologia\/","og_locale":"es_ES","og_type":"article","og_title":"TALLERES DE CIENCIA Y TECNOLOG\u00cdA - David Sarsanedas","og_description":"Participa en talleres art\u00edsticos con David Sarsanedas. Aprende y crea en un TALLERES DE CIENCIA Y TECNOLOG\u00cdA inspirador y colaborativo.","og_url":"https:\/\/davidsarsanedas.com\/es\/talleres-de-ciencia-y-tecnologia\/","og_site_name":"David Sarsanedas","article_modified_time":"2024-11-25T08:59:35+00:00","og_image":[{"url":"http:\/\/davidsarsanedas.com\/wp-content\/uploads\/2024\/11\/pinzells-sonors.jpg-1024x768.webp","type":"","width":"","height":""}],"twitter_card":"summary_large_image","twitter_misc":{"Tiempo de lectura":"2 minutos"},"schema":{"@context":"https:\/\/schema.org","@graph":[{"@type":"WebPage","@id":"https:\/\/davidsarsanedas.com\/es\/talleres-de-ciencia-y-tecnologia\/","url":"https:\/\/davidsarsanedas.com\/es\/talleres-de-ciencia-y-tecnologia\/","name":"TALLERES DE CIENCIA Y TECNOLOG\u00cdA - David Sarsanedas","isPartOf":{"@id":"https:\/\/davidsarsanedas.com\/es\/#website"},"primaryImageOfPage":{"@id":"https:\/\/davidsarsanedas.com\/es\/talleres-de-ciencia-y-tecnologia\/#primaryimage"},"image":{"@id":"https:\/\/davidsarsanedas.com\/es\/talleres-de-ciencia-y-tecnologia\/#primaryimage"},"thumbnailUrl":"http:\/\/davidsarsanedas.com\/wp-content\/uploads\/2024\/11\/pinzells-sonors.jpg-1024x768.webp","datePublished":"2024-11-03T17:49:48+00:00","dateModified":"2024-11-25T08:59:35+00:00","description":"Participa en talleres art\u00edsticos con David Sarsanedas. Aprende y crea en un TALLERES DE CIENCIA Y TECNOLOG\u00cdA inspirador y colaborativo.","breadcrumb":{"@id":"https:\/\/davidsarsanedas.com\/es\/talleres-de-ciencia-y-tecnologia\/#breadcrumb"},"inLanguage":"es","potentialAction":[{"@type":"ReadAction","target":["https:\/\/davidsarsanedas.com\/es\/talleres-de-ciencia-y-tecnologia\/"]}]},{"@type":"ImageObject","inLanguage":"es","@id":"https:\/\/davidsarsanedas.com\/es\/talleres-de-ciencia-y-tecnologia\/#primaryimage","url":"http:\/\/davidsarsanedas.com\/wp-content\/uploads\/2024\/11\/pinzells-sonors.jpg-1024x768.webp","contentUrl":"http:\/\/davidsarsanedas.com\/wp-content\/uploads\/2024\/11\/pinzells-sonors.jpg-1024x768.webp"},{"@type":"BreadcrumbList","@id":"https:\/\/davidsarsanedas.com\/es\/talleres-de-ciencia-y-tecnologia\/#breadcrumb","itemListElement":[{"@type":"ListItem","position":1,"name":"Portada","item":"https:\/\/davidsarsanedas.com\/es\/david-sarsanedas\/"},{"@type":"ListItem","position":2,"name":"TALLERES DE CIENCIA Y TECNOLOG\u00cdA"}]},{"@type":"WebSite","@id":"https:\/\/davidsarsanedas.com\/es\/#website","url":"https:\/\/davidsarsanedas.com\/es\/","name":"David Sarsanedas","description":"Un espai de trobada entre ter\u00e0pies, art, natura i tecnologia","potentialAction":[{"@type":"SearchAction","target":{"@type":"EntryPoint","urlTemplate":"https:\/\/davidsarsanedas.com\/es\/?s={search_term_string}"},"query-input":{"@type":"PropertyValueSpecification","valueRequired":true,"valueName":"search_term_string"}}],"inLanguage":"es"}]}},"_links":{"self":[{"href":"https:\/\/davidsarsanedas.com\/es\/wp-json\/wp\/v2\/pages\/740","targetHints":{"allow":["GET"]}}],"collection":[{"href":"https:\/\/davidsarsanedas.com\/es\/wp-json\/wp\/v2\/pages"}],"about":[{"href":"https:\/\/davidsarsanedas.com\/es\/wp-json\/wp\/v2\/types\/page"}],"author":[{"embeddable":true,"href":"https:\/\/davidsarsanedas.com\/es\/wp-json\/wp\/v2\/users\/3"}],"replies":[{"embeddable":true,"href":"https:\/\/davidsarsanedas.com\/es\/wp-json\/wp\/v2\/comments?post=740"}],"version-history":[{"count":1,"href":"https:\/\/davidsarsanedas.com\/es\/wp-json\/wp\/v2\/pages\/740\/revisions"}],"predecessor-version":[{"id":746,"href":"https:\/\/davidsarsanedas.com\/es\/wp-json\/wp\/v2\/pages\/740\/revisions\/746"}],"wp:attachment":[{"href":"https:\/\/davidsarsanedas.com\/es\/wp-json\/wp\/v2\/media?parent=740"}],"curies":[{"name":"wp","href":"https:\/\/api.w.org\/{rel}","templated":true}]}}