{"id":739,"date":"2024-11-03T18:07:48","date_gmt":"2024-11-03T18:07:48","guid":{"rendered":"https:\/artes\/arte-digital\/"},"modified":"2024-12-16T12:26:30","modified_gmt":"2024-12-16T12:26:30","slug":"arte-digital","status":"publish","type":"page","link":"https:\/\/davidsarsanedas.com\/es\/artes\/arte-digital\/","title":{"rendered":"ARTE DIGITAL"},"content":{"rendered":"\t\t<div data-elementor-type=\"wp-page\" data-elementor-id=\"739\" class=\"elementor elementor-739 elementor-213\" data-elementor-post-type=\"page\">\n\t\t\t\t\t\t<section class=\"elementor-section elementor-top-section elementor-element elementor-element-6377cb9 elementor-section-boxed elementor-section-height-default elementor-section-height-default\" data-id=\"6377cb9\" data-element_type=\"section\" data-e-type=\"section\">\n\t\t\t\t\t\t<div class=\"elementor-container elementor-column-gap-wide\">\n\t\t\t\t\t<div class=\"elementor-column elementor-col-100 elementor-top-column elementor-element elementor-element-c95b26d\" data-id=\"c95b26d\" data-element_type=\"column\" data-e-type=\"column\">\n\t\t\t<div class=\"elementor-widget-wrap elementor-element-populated\">\n\t\t\t\t\t\t<div class=\"elementor-element elementor-element-628915b elementor-widget elementor-widget-heading\" data-id=\"628915b\" data-element_type=\"widget\" data-e-type=\"widget\" data-widget_type=\"heading.default\">\n\t\t\t\t<div class=\"elementor-widget-container\">\n\t\t\t\t\t<h1 class=\"elementor-heading-title elementor-size-default\">Arte digital<\/h1>\t\t\t\t<\/div>\n\t\t\t\t<\/div>\n\t\t\t\t\t<\/div>\n\t\t<\/div>\n\t\t\t\t\t<\/div>\n\t\t<\/section>\n\t\t\t\t<section class=\"elementor-section elementor-top-section elementor-element elementor-element-fb3e116 elementor-section-boxed elementor-section-height-default elementor-section-height-default\" data-id=\"fb3e116\" data-element_type=\"section\" data-e-type=\"section\">\n\t\t\t\t\t\t<div class=\"elementor-container elementor-column-gap-wide\">\n\t\t\t\t\t<div class=\"elementor-column elementor-col-100 elementor-top-column elementor-element elementor-element-3b284c0\" data-id=\"3b284c0\" data-element_type=\"column\" data-e-type=\"column\">\n\t\t\t<div class=\"elementor-widget-wrap elementor-element-populated\">\n\t\t\t\t\t\t<div class=\"elementor-element elementor-element-d7f9a64 elementor-widget elementor-widget-text-editor\" data-id=\"d7f9a64\" data-element_type=\"widget\" data-e-type=\"widget\" data-widget_type=\"text-editor.default\">\n\t\t\t\t<div class=\"elementor-widget-container\">\n\t\t\t\t\t\t\t\t\t<p>Entr\u00e9 en contacto con el arte digital en 2009. Desde entonces, he formado parte de la organizaci\u00f3n del FADE (Festival de Arte Digital y Electr\u00f3nica de la Bodega de Ter), he conducido varios proyectos personales y he colaborado \u00b7laborado en espect\u00e1culos de gran formato con artistas como Playmodes, MID Studio o Xavi Lloses. <\/p>\n\t\t\t\t\t\t\t\t<\/div>\n\t\t\t\t<\/div>\n\t\t\t\t\t<\/div>\n\t\t<\/div>\n\t\t\t\t\t<\/div>\n\t\t<\/section>\n\t\t<div class=\"elementor-element elementor-element-42ea7d4 e-flex e-con-boxed e-con e-parent\" data-id=\"42ea7d4\" data-element_type=\"container\" data-e-type=\"container\">\n\t\t\t\t\t<div class=\"e-con-inner\">\n\t\t<div class=\"elementor-element elementor-element-60076e1 e-con-full e-flex e-con e-child\" data-id=\"60076e1\" data-element_type=\"container\" data-e-type=\"container\">\n\t\t\t\t<div class=\"elementor-element elementor-element-ce0e866 elementor-widget elementor-widget-heading\" data-id=\"ce0e866\" data-element_type=\"widget\" data-e-type=\"widget\" data-widget_type=\"heading.default\">\n\t\t\t\t<div class=\"elementor-widget-container\">\n\t\t\t\t\t<h3 class=\"elementor-heading-title elementor-size-default\">Susp\u00e8s:<\/h3>\t\t\t\t<\/div>\n\t\t\t\t<\/div>\n\t\t\t\t<div class=\"elementor-element elementor-element-f9d4a61 elementor-widget elementor-widget-image\" data-id=\"f9d4a61\" data-element_type=\"widget\" data-e-type=\"widget\" data-widget_type=\"image.default\">\n\t\t\t\t<div class=\"elementor-widget-container\">\n\t\t\t\t\t\t\t\t\t\t\t\t\t\t\t<img fetchpriority=\"high\" decoding=\"async\" width=\"765\" height=\"580\" src=\"https:\/\/davidsarsanedas.com\/wp-content\/uploads\/2024\/11\/Suspe\u2560Cs.png\" class=\"attachment-large size-large wp-image-723\" alt=\"\" srcset=\"https:\/\/davidsarsanedas.com\/wp-content\/uploads\/2024\/11\/Suspe\u2560Cs.png 765w, https:\/\/davidsarsanedas.com\/wp-content\/uploads\/2024\/11\/Suspe\u2560Cs-300x227.png 300w\" sizes=\"(max-width: 765px) 100vw, 765px\" \/>\t\t\t\t\t\t\t\t\t\t\t\t\t\t\t<\/div>\n\t\t\t\t<\/div>\n\t\t\t\t<\/div>\n\t\t<div class=\"elementor-element elementor-element-ad1b051 e-con-full e-flex e-con e-child\" data-id=\"ad1b051\" data-element_type=\"container\" data-e-type=\"container\">\n\t\t\t\t<div class=\"elementor-element elementor-element-8d58647 elementor-widget elementor-widget-text-editor\" data-id=\"8d58647\" data-element_type=\"widget\" data-e-type=\"widget\" data-widget_type=\"text-editor.default\">\n\t\t\t\t<div class=\"elementor-widget-container\">\n\t\t\t\t\t\t\t\t\t<p>Susp\u00e8s nace como un espect\u00e1culo de gran formato en el que, estrellas y constelaciones, laten en una enorme coreograf\u00eda a\u00e9rea. El espect\u00e1culo se basa en una matriz de 100 globos de helio con un led y un sistema de control interior, suspendidos a gran altura en forma de c\u00fapula arquitect\u00f3nica, que se encienden y apagan de forma sincronizada con la m\u00fasica gracias a un proceso de pixelmapping, creando un espect\u00e1culo audiovisual inmersivo e hipn\u00f3tico. <\/p>\n\t\t\t\t\t\t\t\t<\/div>\n\t\t\t\t<\/div>\n\t\t\t\t<div class=\"elementor-element elementor-element-f20d0ad elementor-widget elementor-widget-heading\" data-id=\"f20d0ad\" data-element_type=\"widget\" data-e-type=\"widget\" data-widget_type=\"heading.default\">\n\t\t\t\t<div class=\"elementor-widget-container\">\n\t\t\t\t\t<p class=\"elementor-heading-title elementor-size-default\"><a href=\"https:\/\/www.playmodes.com\/home\/suspes\/\">VER OBRA<\/a><\/p>\t\t\t\t<\/div>\n\t\t\t\t<\/div>\n\t\t\t\t<\/div>\n\t\t\t\t\t<\/div>\n\t\t\t\t<\/div>\n\t\t<div class=\"elementor-element elementor-element-67a361c e-flex e-con-boxed e-con e-parent\" data-id=\"67a361c\" data-element_type=\"container\" data-e-type=\"container\">\n\t\t\t\t\t<div class=\"e-con-inner\">\n\t\t<div class=\"elementor-element elementor-element-6dfc76e e-con-full e-flex e-con e-child\" data-id=\"6dfc76e\" data-element_type=\"container\" data-e-type=\"container\">\n\t\t\t\t<div class=\"elementor-element elementor-element-26ec705 elementor-widget elementor-widget-heading\" data-id=\"26ec705\" data-element_type=\"widget\" data-e-type=\"widget\" data-widget_type=\"heading.default\">\n\t\t\t\t<div class=\"elementor-widget-container\">\n\t\t\t\t\t<h3 class=\"elementor-heading-title elementor-size-default\">Mapping fet a m\u00e0:<\/h3>\t\t\t\t<\/div>\n\t\t\t\t<\/div>\n\t\t\t\t<div class=\"elementor-element elementor-element-9092c7b elementor-widget elementor-widget-image\" data-id=\"9092c7b\" data-element_type=\"widget\" data-e-type=\"widget\" data-widget_type=\"image.default\">\n\t\t\t\t<div class=\"elementor-widget-container\">\n\t\t\t\t\t\t\t\t\t\t\t\t\t\t\t<img decoding=\"async\" width=\"800\" height=\"607\" src=\"https:\/\/davidsarsanedas.com\/wp-content\/uploads\/2024\/11\/Ma\u2560Cpping-fet-a-ma\u2560C.jpeg\" class=\"attachment-large size-large wp-image-721\" alt=\"\" srcset=\"https:\/\/davidsarsanedas.com\/wp-content\/uploads\/2024\/11\/Ma\u2560Cpping-fet-a-ma\u2560C.jpeg 922w, https:\/\/davidsarsanedas.com\/wp-content\/uploads\/2024\/11\/Ma\u2560Cpping-fet-a-ma\u2560C-300x228.jpeg 300w, https:\/\/davidsarsanedas.com\/wp-content\/uploads\/2024\/11\/Ma\u2560Cpping-fet-a-ma\u2560C-768x583.jpeg 768w\" sizes=\"(max-width: 800px) 100vw, 800px\" \/>\t\t\t\t\t\t\t\t\t\t\t\t\t\t\t<\/div>\n\t\t\t\t<\/div>\n\t\t\t\t<\/div>\n\t\t<div class=\"elementor-element elementor-element-71374f8 e-con-full e-flex e-con e-child\" data-id=\"71374f8\" data-element_type=\"container\" data-e-type=\"container\">\n\t\t\t\t<div class=\"elementor-element elementor-element-399bfc2 elementor-widget elementor-widget-text-editor\" data-id=\"399bfc2\" data-element_type=\"widget\" data-e-type=\"widget\" data-widget_type=\"text-editor.default\">\n\t\t\t\t<div class=\"elementor-widget-container\">\n\t\t\t\t\t\t\t\t\t<p>Espect\u00e1culo de mapping dirigido a p\u00fablico familiar y confeccionado a partir de los dibujos y pinturas de peque\u00f1os y mayores. Mezcla de taller, actividad de animaci\u00f3n sociocultural y espect\u00e1culo de calle, Mapping Fet a M\u00e0 es una propuesta audiovisual de gran formato en la que el p\u00fablico, acompa\u00f1ado de un equipo de profesionales, se convierte en creador. <\/p>\n\t\t\t\t\t\t\t\t<\/div>\n\t\t\t\t<\/div>\n\t\t\t\t<div class=\"elementor-element elementor-element-bb509c5 elementor-widget elementor-widget-heading\" data-id=\"bb509c5\" data-element_type=\"widget\" data-e-type=\"widget\" data-widget_type=\"heading.default\">\n\t\t\t\t<div class=\"elementor-widget-container\">\n\t\t\t\t\t<p class=\"elementor-heading-title elementor-size-default\"><a href=\"https:\/\/www.playmodes.com\/home\/mapping-fet-a-ma\/\u200b\">VER OBRA<\/a><\/p>\t\t\t\t<\/div>\n\t\t\t\t<\/div>\n\t\t\t\t<\/div>\n\t\t\t\t\t<\/div>\n\t\t\t\t<\/div>\n\t\t<div class=\"elementor-element elementor-element-c0a78a3 e-flex e-con-boxed e-con e-parent\" data-id=\"c0a78a3\" data-element_type=\"container\" data-e-type=\"container\">\n\t\t\t\t\t<div class=\"e-con-inner\">\n\t\t<div class=\"elementor-element elementor-element-178e368 e-con-full e-flex e-con e-child\" data-id=\"178e368\" data-element_type=\"container\" data-e-type=\"container\">\n\t\t\t\t<div class=\"elementor-element elementor-element-05dcbda elementor-widget elementor-widget-heading\" data-id=\"05dcbda\" data-element_type=\"widget\" data-e-type=\"widget\" data-widget_type=\"heading.default\">\n\t\t\t\t<div class=\"elementor-widget-container\">\n\t\t\t\t\t<h3 class=\"elementor-heading-title elementor-size-default\">Despertaferro Tocatta:<\/h3>\t\t\t\t<\/div>\n\t\t\t\t<\/div>\n\t\t\t\t<div class=\"elementor-element elementor-element-9d9500e elementor-widget elementor-widget-image\" data-id=\"9d9500e\" data-element_type=\"widget\" data-e-type=\"widget\" data-widget_type=\"image.default\">\n\t\t\t\t<div class=\"elementor-widget-container\">\n\t\t\t\t\t\t\t\t\t\t\t\t\t\t\t<img decoding=\"async\" width=\"800\" height=\"600\" src=\"https:\/\/davidsarsanedas.com\/wp-content\/uploads\/2024\/11\/Despertaferro-Tocata-opcio\u2560u-2.jpeg\" class=\"attachment-large size-large wp-image-720\" alt=\"\" srcset=\"https:\/\/davidsarsanedas.com\/wp-content\/uploads\/2024\/11\/Despertaferro-Tocata-opcio\u2560u-2.jpeg 1024w, https:\/\/davidsarsanedas.com\/wp-content\/uploads\/2024\/11\/Despertaferro-Tocata-opcio\u2560u-2-300x225.jpeg 300w, https:\/\/davidsarsanedas.com\/wp-content\/uploads\/2024\/11\/Despertaferro-Tocata-opcio\u2560u-2-768x576.jpeg 768w\" sizes=\"(max-width: 800px) 100vw, 800px\" \/>\t\t\t\t\t\t\t\t\t\t\t\t\t\t\t<\/div>\n\t\t\t\t<\/div>\n\t\t\t\t<\/div>\n\t\t<div class=\"elementor-element elementor-element-19022af e-con-full e-flex e-con e-child\" data-id=\"19022af\" data-element_type=\"container\" data-e-type=\"container\">\n\t\t\t\t<div class=\"elementor-element elementor-element-17d5f0e elementor-widget elementor-widget-text-editor\" data-id=\"17d5f0e\" data-element_type=\"widget\" data-e-type=\"widget\" data-widget_type=\"text-editor.default\">\n\t\t\t\t<div class=\"elementor-widget-container\">\n\t\t\t\t\t\t\t\t\t<p>Despertaferro tocatta recupera, de la forma m\u00e1s actual, uno de los instrumentos m\u00e1s antiguos, poderosos y emblem\u00e1ticos de nuestros pueblos y ciudades: el campanario. Mediante la toma de control del mecanismo de las campanas, su conexi\u00f3n a un ordenador y la composici\u00f3n de una partitura que combina sus notas con una base de m\u00fasica electr\u00f3nica, cada espect\u00e1culo de Despertaferro Tocatta se convierte en una experiencia \u00fanica que hace revivir uno de los sonidos m\u00e1s ancestrales que guarda nuestra memoria colectiva. <\/p>\n\t\t\t\t\t\t\t\t<\/div>\n\t\t\t\t<\/div>\n\t\t\t\t<div class=\"elementor-element elementor-element-193fa7b elementor-widget elementor-widget-heading\" data-id=\"193fa7b\" data-element_type=\"widget\" data-e-type=\"widget\" data-widget_type=\"heading.default\">\n\t\t\t\t<div class=\"elementor-widget-container\">\n\t\t\t\t\t<p class=\"elementor-heading-title elementor-size-default\"><a href=\"https:\/\/www.youtube.com\/watch?v=Je7DcgUQFZ0&#038;t=15s\u200b\">VEURE OBRA<\/a><\/p>\t\t\t\t<\/div>\n\t\t\t\t<\/div>\n\t\t\t\t<\/div>\n\t\t\t\t\t<\/div>\n\t\t\t\t<\/div>\n\t\t\t\t<\/div>\n\t\t","protected":false},"excerpt":{"rendered":"<p>Arte digital Entr\u00e9 en contacto con el arte digital en 2009. Desde entonces, he formado parte de la organizaci\u00f3n del FADE (Festival de Arte Digital y Electr\u00f3nica de la Bodega de Ter), he conducido varios proyectos personales y he colaborado \u00b7laborado en espect\u00e1culos de gran formato con artistas como Playmodes, MID Studio o Xavi Lloses. [&hellip;]<\/p>\n","protected":false},"author":3,"featured_media":0,"parent":737,"menu_order":0,"comment_status":"closed","ping_status":"closed","template":"","meta":{"footnotes":""},"class_list":["post-739","page","type-page","status-publish","hentry"],"yoast_head":"<!-- This site is optimized with the Yoast SEO plugin v27.2 - https:\/\/yoast.com\/product\/yoast-seo-wordpress\/ -->\n<title>ARTE DIGITAL - David Sarsanedas<\/title>\n<meta name=\"description\" content=\"Explora las innovadoras creaciones de arte digital de David Sarsanedas, un espacio en el que la tecnolog\u00eda y el arte convergen.\" \/>\n<meta name=\"robots\" content=\"index, follow, max-snippet:-1, max-image-preview:large, max-video-preview:-1\" \/>\n<link rel=\"canonical\" href=\"https:\/\/davidsarsanedas.com\/es\/artes\/arte-digital\/\" \/>\n<meta property=\"og:locale\" content=\"es_ES\" \/>\n<meta property=\"og:type\" content=\"article\" \/>\n<meta property=\"og:title\" content=\"ARTE DIGITAL - David Sarsanedas\" \/>\n<meta property=\"og:description\" content=\"Explora las innovadoras creaciones de arte digital de David Sarsanedas, un espacio en el que la tecnolog\u00eda y el arte convergen.\" \/>\n<meta property=\"og:url\" content=\"https:\/\/davidsarsanedas.com\/es\/artes\/arte-digital\/\" \/>\n<meta property=\"og:site_name\" content=\"David Sarsanedas\" \/>\n<meta property=\"article:modified_time\" content=\"2024-12-16T12:26:30+00:00\" \/>\n<meta name=\"twitter:card\" content=\"summary_large_image\" \/>\n<meta name=\"twitter:label1\" content=\"Tiempo de lectura\" \/>\n\t<meta name=\"twitter:data1\" content=\"2 minutos\" \/>\n<script type=\"application\/ld+json\" class=\"yoast-schema-graph\">{\"@context\":\"https:\/\/schema.org\",\"@graph\":[{\"@type\":\"WebPage\",\"@id\":\"https:\/\/davidsarsanedas.com\/es\/artes\/arte-digital\/\",\"url\":\"https:\/\/davidsarsanedas.com\/es\/artes\/arte-digital\/\",\"name\":\"ARTE DIGITAL - David Sarsanedas\",\"isPartOf\":{\"@id\":\"https:\/\/davidsarsanedas.com\/es\/#website\"},\"datePublished\":\"2024-11-03T18:07:48+00:00\",\"dateModified\":\"2024-12-16T12:26:30+00:00\",\"description\":\"Explora las innovadoras creaciones de arte digital de David Sarsanedas, un espacio en el que la tecnolog\u00eda y el arte convergen.\",\"breadcrumb\":{\"@id\":\"https:\/\/davidsarsanedas.com\/es\/artes\/arte-digital\/#breadcrumb\"},\"inLanguage\":\"es\",\"potentialAction\":[{\"@type\":\"ReadAction\",\"target\":[\"https:\/\/davidsarsanedas.com\/es\/artes\/arte-digital\/\"]}]},{\"@type\":\"BreadcrumbList\",\"@id\":\"https:\/\/davidsarsanedas.com\/es\/artes\/arte-digital\/#breadcrumb\",\"itemListElement\":[{\"@type\":\"ListItem\",\"position\":1,\"name\":\"Portada\",\"item\":\"https:\/\/davidsarsanedas.com\/es\/david-sarsanedas\/\"},{\"@type\":\"ListItem\",\"position\":2,\"name\":\"ARTES\",\"item\":\"https:\/\/davidsarsanedas.com\/es\/artes\/\"},{\"@type\":\"ListItem\",\"position\":3,\"name\":\"ARTE DIGITAL\"}]},{\"@type\":\"WebSite\",\"@id\":\"https:\/\/davidsarsanedas.com\/es\/#website\",\"url\":\"https:\/\/davidsarsanedas.com\/es\/\",\"name\":\"David Sarsanedas\",\"description\":\"Un espai de trobada entre ter\u00e0pies, art, natura i tecnologia\",\"potentialAction\":[{\"@type\":\"SearchAction\",\"target\":{\"@type\":\"EntryPoint\",\"urlTemplate\":\"https:\/\/davidsarsanedas.com\/es\/?s={search_term_string}\"},\"query-input\":{\"@type\":\"PropertyValueSpecification\",\"valueRequired\":true,\"valueName\":\"search_term_string\"}}],\"inLanguage\":\"es\"}]}<\/script>\n<!-- \/ Yoast SEO plugin. -->","yoast_head_json":{"title":"ARTE DIGITAL - David Sarsanedas","description":"Explora las innovadoras creaciones de arte digital de David Sarsanedas, un espacio en el que la tecnolog\u00eda y el arte convergen.","robots":{"index":"index","follow":"follow","max-snippet":"max-snippet:-1","max-image-preview":"max-image-preview:large","max-video-preview":"max-video-preview:-1"},"canonical":"https:\/\/davidsarsanedas.com\/es\/artes\/arte-digital\/","og_locale":"es_ES","og_type":"article","og_title":"ARTE DIGITAL - David Sarsanedas","og_description":"Explora las innovadoras creaciones de arte digital de David Sarsanedas, un espacio en el que la tecnolog\u00eda y el arte convergen.","og_url":"https:\/\/davidsarsanedas.com\/es\/artes\/arte-digital\/","og_site_name":"David Sarsanedas","article_modified_time":"2024-12-16T12:26:30+00:00","twitter_card":"summary_large_image","twitter_misc":{"Tiempo de lectura":"2 minutos"},"schema":{"@context":"https:\/\/schema.org","@graph":[{"@type":"WebPage","@id":"https:\/\/davidsarsanedas.com\/es\/artes\/arte-digital\/","url":"https:\/\/davidsarsanedas.com\/es\/artes\/arte-digital\/","name":"ARTE DIGITAL - David Sarsanedas","isPartOf":{"@id":"https:\/\/davidsarsanedas.com\/es\/#website"},"datePublished":"2024-11-03T18:07:48+00:00","dateModified":"2024-12-16T12:26:30+00:00","description":"Explora las innovadoras creaciones de arte digital de David Sarsanedas, un espacio en el que la tecnolog\u00eda y el arte convergen.","breadcrumb":{"@id":"https:\/\/davidsarsanedas.com\/es\/artes\/arte-digital\/#breadcrumb"},"inLanguage":"es","potentialAction":[{"@type":"ReadAction","target":["https:\/\/davidsarsanedas.com\/es\/artes\/arte-digital\/"]}]},{"@type":"BreadcrumbList","@id":"https:\/\/davidsarsanedas.com\/es\/artes\/arte-digital\/#breadcrumb","itemListElement":[{"@type":"ListItem","position":1,"name":"Portada","item":"https:\/\/davidsarsanedas.com\/es\/david-sarsanedas\/"},{"@type":"ListItem","position":2,"name":"ARTES","item":"https:\/\/davidsarsanedas.com\/es\/artes\/"},{"@type":"ListItem","position":3,"name":"ARTE DIGITAL"}]},{"@type":"WebSite","@id":"https:\/\/davidsarsanedas.com\/es\/#website","url":"https:\/\/davidsarsanedas.com\/es\/","name":"David Sarsanedas","description":"Un espai de trobada entre ter\u00e0pies, art, natura i tecnologia","potentialAction":[{"@type":"SearchAction","target":{"@type":"EntryPoint","urlTemplate":"https:\/\/davidsarsanedas.com\/es\/?s={search_term_string}"},"query-input":{"@type":"PropertyValueSpecification","valueRequired":true,"valueName":"search_term_string"}}],"inLanguage":"es"}]}},"_links":{"self":[{"href":"https:\/\/davidsarsanedas.com\/es\/wp-json\/wp\/v2\/pages\/739","targetHints":{"allow":["GET"]}}],"collection":[{"href":"https:\/\/davidsarsanedas.com\/es\/wp-json\/wp\/v2\/pages"}],"about":[{"href":"https:\/\/davidsarsanedas.com\/es\/wp-json\/wp\/v2\/types\/page"}],"author":[{"embeddable":true,"href":"https:\/\/davidsarsanedas.com\/es\/wp-json\/wp\/v2\/users\/3"}],"replies":[{"embeddable":true,"href":"https:\/\/davidsarsanedas.com\/es\/wp-json\/wp\/v2\/comments?post=739"}],"version-history":[{"count":5,"href":"https:\/\/davidsarsanedas.com\/es\/wp-json\/wp\/v2\/pages\/739\/revisions"}],"predecessor-version":[{"id":915,"href":"https:\/\/davidsarsanedas.com\/es\/wp-json\/wp\/v2\/pages\/739\/revisions\/915"}],"up":[{"embeddable":true,"href":"https:\/\/davidsarsanedas.com\/es\/wp-json\/wp\/v2\/pages\/737"}],"wp:attachment":[{"href":"https:\/\/davidsarsanedas.com\/es\/wp-json\/wp\/v2\/media?parent=739"}],"curies":[{"name":"wp","href":"https:\/\/api.w.org\/{rel}","templated":true}]}}