{"id":738,"date":"2024-10-29T09:46:11","date_gmt":"2024-10-29T09:46:11","guid":{"rendered":"https:\/david-sarsanedas\/"},"modified":"2026-02-07T16:55:43","modified_gmt":"2026-02-07T16:55:43","slug":"david-sarsanedas","status":"publish","type":"page","link":"https:\/\/davidsarsanedas.com\/es\/","title":{"rendered":"PORTADA"},"content":{"rendered":"\t\t<div data-elementor-type=\"wp-page\" data-elementor-id=\"738\" class=\"elementor elementor-738 elementor-51\" data-elementor-post-type=\"page\">\n\t\t\t\t<div class=\"elementor-element elementor-element-5c825dc e-con-full e-flex e-con e-parent\" data-id=\"5c825dc\" data-element_type=\"container\" data-e-type=\"container\">\n\t\t<div class=\"elementor-element elementor-element-24ef1e1 e-con-full e-flex e-con e-child\" data-id=\"24ef1e1\" data-element_type=\"container\" data-e-type=\"container\">\n\t\t\t\t<div class=\"elementor-element elementor-element-553da55 elementor-widget elementor-widget-heading\" data-id=\"553da55\" data-element_type=\"widget\" data-e-type=\"widget\" data-widget_type=\"heading.default\">\n\t\t\t\t<div class=\"elementor-widget-container\">\n\t\t\t\t\t<h2 class=\"elementor-heading-title elementor-size-default\"><a href=\"https:\/\/davidsarsanedas.com\/terapies-xineses\/\">Terapias chinas<\/a><\/h2>\t\t\t\t<\/div>\n\t\t\t\t<\/div>\n\t\t\t\t<div class=\"elementor-element elementor-element-43e0374 elementor-widget elementor-widget-heading\" data-id=\"43e0374\" data-element_type=\"widget\" data-e-type=\"widget\" data-widget_type=\"heading.default\">\n\t\t\t\t<div class=\"elementor-widget-container\">\n\t\t\t\t\t<h2 class=\"elementor-heading-title elementor-size-default\"><a href=\"https:\/\/davidsarsanedas.com\/tallers-ciencia-tecnologia\/\">Talleres de ciencia y tecnolog\u00eda<\/a><\/h2>\t\t\t\t<\/div>\n\t\t\t\t<\/div>\n\t\t\t\t<div class=\"elementor-element elementor-element-ef0fe16 elementor-widget elementor-widget-heading\" data-id=\"ef0fe16\" data-element_type=\"widget\" data-e-type=\"widget\" data-widget_type=\"heading.default\">\n\t\t\t\t<div class=\"elementor-widget-container\">\n\t\t\t\t\t<h2 class=\"elementor-heading-title elementor-size-default\"><a href=\"https:\/\/davidsarsanedas.com\/intel%c2%b7ligencia-artificial\/\">Inteligencia artificial<\/a><\/h2>\t\t\t\t<\/div>\n\t\t\t\t<\/div>\n\t\t\t\t<div class=\"elementor-element elementor-element-c8dc939 elementor-widget elementor-widget-heading\" data-id=\"c8dc939\" data-element_type=\"widget\" data-e-type=\"widget\" data-widget_type=\"heading.default\">\n\t\t\t\t<div class=\"elementor-widget-container\">\n\t\t\t\t\t<h2 class=\"elementor-heading-title elementor-size-default\"><a href=\"https:\/\/davidsarsanedas.com\/arts\/\">Artes<\/a><\/h2>\t\t\t\t<\/div>\n\t\t\t\t<\/div>\n\t\t\t\t<div class=\"elementor-element elementor-element-d8dd94f elementor-widget elementor-widget-heading\" data-id=\"d8dd94f\" data-element_type=\"widget\" data-e-type=\"widget\" data-widget_type=\"heading.default\">\n\t\t\t\t<div class=\"elementor-widget-container\">\n\t\t\t\t\t<h2 class=\"elementor-heading-title elementor-size-default\"><a href=\"https:\/\/davidsarsanedas.com\/agricultura\/\">Agricultura<\/a><\/h2>\t\t\t\t<\/div>\n\t\t\t\t<\/div>\n\t\t\t\t<div class=\"elementor-element elementor-element-e8344a2 elementor-widget elementor-widget-heading\" data-id=\"e8344a2\" data-element_type=\"widget\" data-e-type=\"widget\" data-widget_type=\"heading.default\">\n\t\t\t\t<div class=\"elementor-widget-container\">\n\t\t\t\t\t<h2 class=\"elementor-heading-title elementor-size-default\"><a href=\"https:\/\/davidsarsanedas.com\/fons-documental\/\">Fondo documental<\/a><\/h2>\t\t\t\t<\/div>\n\t\t\t\t<\/div>\n\t\t\t\t<\/div>\n\t\t<div class=\"elementor-element elementor-element-a87cbda e-con-full e-flex e-con e-child\" data-id=\"a87cbda\" data-element_type=\"container\" data-e-type=\"container\">\n\t\t\t\t<div class=\"elementor-element elementor-element-ea02a1c elementor-widget__width-initial elementor-widget elementor-widget-image\" data-id=\"ea02a1c\" data-element_type=\"widget\" data-e-type=\"widget\" data-widget_type=\"image.default\">\n\t\t\t\t<div class=\"elementor-widget-container\">\n\t\t\t\t\t\t\t\t\t\t\t\t\t\t\t<img fetchpriority=\"high\" decoding=\"async\" width=\"800\" height=\"532\" src=\"https:\/\/davidsarsanedas.com\/wp-content\/uploads\/2024\/11\/Generica-scaled-e1731929475677-1024x681.jpg\" class=\"attachment-large size-large wp-image-707\" alt=\"\" srcset=\"https:\/\/davidsarsanedas.com\/wp-content\/uploads\/2024\/11\/Generica-scaled-e1731929475677-1024x681.jpg 1024w, https:\/\/davidsarsanedas.com\/wp-content\/uploads\/2024\/11\/Generica-scaled-e1731929475677-300x199.jpg 300w, https:\/\/davidsarsanedas.com\/wp-content\/uploads\/2024\/11\/Generica-scaled-e1731929475677-768x511.jpg 768w, https:\/\/davidsarsanedas.com\/wp-content\/uploads\/2024\/11\/Generica-scaled-e1731929475677-1536x1021.jpg 1536w, https:\/\/davidsarsanedas.com\/wp-content\/uploads\/2024\/11\/Generica-scaled-e1731929475677-2048x1362.jpg 2048w\" sizes=\"(max-width: 800px) 100vw, 800px\" \/>\t\t\t\t\t\t\t\t\t\t\t\t\t\t\t<\/div>\n\t\t\t\t<\/div>\n\t\t\t\t<\/div>\n\t\t\t\t<\/div>\n\t\t\t\t<\/div>\n\t\t","protected":false},"excerpt":{"rendered":"<p>Terapias chinas Talleres de ciencia y tecnolog\u00eda Inteligencia artificial Artes Agricultura Fondo documental<\/p>\n","protected":false},"author":3,"featured_media":0,"parent":0,"menu_order":0,"comment_status":"closed","ping_status":"closed","template":"elementor_header_footer","meta":{"footnotes":""},"class_list":["post-738","page","type-page","status-publish","hentry"],"yoast_head":"<!-- This site is optimized with the Yoast SEO plugin v27.2 - https:\/\/yoast.com\/product\/yoast-seo-wordpress\/ -->\n<title>David Sarsanedas Serrat \u00b7 Portal Web<\/title>\n<meta name=\"description\" content=\"Bienvenido a la web de David Sarsanedas. Conoce su mundo de arte, tecnolog\u00eda, agricultura. creatividad e innovaci\u00f3n art\u00edstica.\" \/>\n<meta name=\"robots\" content=\"index, follow, max-snippet:-1, max-image-preview:large, max-video-preview:-1\" \/>\n<link rel=\"canonical\" href=\"https:\/\/davidsarsanedas.com\/es\/\" \/>\n<meta property=\"og:locale\" content=\"es_ES\" \/>\n<meta property=\"og:type\" content=\"article\" \/>\n<meta property=\"og:title\" content=\"David Sarsanedas Serrat \u00b7 Portal Web\" \/>\n<meta property=\"og:description\" content=\"Bienvenido a la web de David Sarsanedas. Conoce su mundo de arte, tecnolog\u00eda, agricultura. creatividad e innovaci\u00f3n art\u00edstica.\" \/>\n<meta property=\"og:url\" content=\"https:\/\/davidsarsanedas.com\/es\/\" \/>\n<meta property=\"og:site_name\" content=\"David Sarsanedas\" \/>\n<meta property=\"article:modified_time\" content=\"2026-02-07T16:55:43+00:00\" \/>\n<meta property=\"og:image\" content=\"https:\/\/davidsarsanedas.com\/wp-content\/uploads\/2024\/11\/Generica-scaled-e1731929475677.jpg\" \/>\n\t<meta property=\"og:image:width\" content=\"2534\" \/>\n\t<meta property=\"og:image:height\" content=\"1685\" \/>\n\t<meta property=\"og:image:type\" content=\"image\/jpeg\" \/>\n<meta name=\"twitter:card\" content=\"summary_large_image\" \/>\n<script type=\"application\/ld+json\" class=\"yoast-schema-graph\">{\"@context\":\"https:\/\/schema.org\",\"@graph\":[{\"@type\":\"WebPage\",\"@id\":\"https:\/\/davidsarsanedas.com\/es\/\",\"url\":\"https:\/\/davidsarsanedas.com\/es\/\",\"name\":\"David Sarsanedas Serrat \u00b7 Portal Web\",\"isPartOf\":{\"@id\":\"https:\/\/davidsarsanedas.com\/es\/#website\"},\"primaryImageOfPage\":{\"@id\":\"https:\/\/davidsarsanedas.com\/es\/#primaryimage\"},\"image\":{\"@id\":\"https:\/\/davidsarsanedas.com\/es\/#primaryimage\"},\"thumbnailUrl\":\"https:\/\/davidsarsanedas.com\/wp-content\/uploads\/2024\/11\/Generica-scaled-e1731929475677-1024x681.jpg\",\"datePublished\":\"2024-10-29T09:46:11+00:00\",\"dateModified\":\"2026-02-07T16:55:43+00:00\",\"description\":\"Bienvenido a la web de David Sarsanedas. Conoce su mundo de arte, tecnolog\u00eda, agricultura. creatividad e innovaci\u00f3n art\u00edstica.\",\"breadcrumb\":{\"@id\":\"https:\/\/davidsarsanedas.com\/es\/#breadcrumb\"},\"inLanguage\":\"es\",\"potentialAction\":[{\"@type\":\"ReadAction\",\"target\":[\"https:\/\/davidsarsanedas.com\/es\/\"]}]},{\"@type\":\"ImageObject\",\"inLanguage\":\"es\",\"@id\":\"https:\/\/davidsarsanedas.com\/es\/#primaryimage\",\"url\":\"https:\/\/davidsarsanedas.com\/wp-content\/uploads\/2024\/11\/Generica-scaled-e1731929475677-1024x681.jpg\",\"contentUrl\":\"https:\/\/davidsarsanedas.com\/wp-content\/uploads\/2024\/11\/Generica-scaled-e1731929475677-1024x681.jpg\"},{\"@type\":\"BreadcrumbList\",\"@id\":\"https:\/\/davidsarsanedas.com\/es\/#breadcrumb\",\"itemListElement\":[{\"@type\":\"ListItem\",\"position\":1,\"name\":\"Portada\",\"item\":\"https:\/\/davidsarsanedas.com\/es\/david-sarsanedas\/\"},{\"@type\":\"ListItem\",\"position\":2,\"name\":\"PORTADA\"}]},{\"@type\":\"WebSite\",\"@id\":\"https:\/\/davidsarsanedas.com\/es\/#website\",\"url\":\"https:\/\/davidsarsanedas.com\/es\/\",\"name\":\"David Sarsanedas\",\"description\":\"Un espai de trobada entre ter\u00e0pies, art, natura i tecnologia\",\"potentialAction\":[{\"@type\":\"SearchAction\",\"target\":{\"@type\":\"EntryPoint\",\"urlTemplate\":\"https:\/\/davidsarsanedas.com\/es\/?s={search_term_string}\"},\"query-input\":{\"@type\":\"PropertyValueSpecification\",\"valueRequired\":true,\"valueName\":\"search_term_string\"}}],\"inLanguage\":\"es\"}]}<\/script>\n<!-- \/ Yoast SEO plugin. -->","yoast_head_json":{"title":"David Sarsanedas Serrat \u00b7 Portal Web","description":"Bienvenido a la web de David Sarsanedas. Conoce su mundo de arte, tecnolog\u00eda, agricultura. creatividad e innovaci\u00f3n art\u00edstica.","robots":{"index":"index","follow":"follow","max-snippet":"max-snippet:-1","max-image-preview":"max-image-preview:large","max-video-preview":"max-video-preview:-1"},"canonical":"https:\/\/davidsarsanedas.com\/es\/","og_locale":"es_ES","og_type":"article","og_title":"David Sarsanedas Serrat \u00b7 Portal Web","og_description":"Bienvenido a la web de David Sarsanedas. Conoce su mundo de arte, tecnolog\u00eda, agricultura. creatividad e innovaci\u00f3n art\u00edstica.","og_url":"https:\/\/davidsarsanedas.com\/es\/","og_site_name":"David Sarsanedas","article_modified_time":"2026-02-07T16:55:43+00:00","og_image":[{"width":2534,"height":1685,"url":"https:\/\/davidsarsanedas.com\/wp-content\/uploads\/2024\/11\/Generica-scaled-e1731929475677.jpg","type":"image\/jpeg"}],"twitter_card":"summary_large_image","schema":{"@context":"https:\/\/schema.org","@graph":[{"@type":"WebPage","@id":"https:\/\/davidsarsanedas.com\/es\/","url":"https:\/\/davidsarsanedas.com\/es\/","name":"David Sarsanedas Serrat \u00b7 Portal Web","isPartOf":{"@id":"https:\/\/davidsarsanedas.com\/es\/#website"},"primaryImageOfPage":{"@id":"https:\/\/davidsarsanedas.com\/es\/#primaryimage"},"image":{"@id":"https:\/\/davidsarsanedas.com\/es\/#primaryimage"},"thumbnailUrl":"https:\/\/davidsarsanedas.com\/wp-content\/uploads\/2024\/11\/Generica-scaled-e1731929475677-1024x681.jpg","datePublished":"2024-10-29T09:46:11+00:00","dateModified":"2026-02-07T16:55:43+00:00","description":"Bienvenido a la web de David Sarsanedas. Conoce su mundo de arte, tecnolog\u00eda, agricultura. creatividad e innovaci\u00f3n art\u00edstica.","breadcrumb":{"@id":"https:\/\/davidsarsanedas.com\/es\/#breadcrumb"},"inLanguage":"es","potentialAction":[{"@type":"ReadAction","target":["https:\/\/davidsarsanedas.com\/es\/"]}]},{"@type":"ImageObject","inLanguage":"es","@id":"https:\/\/davidsarsanedas.com\/es\/#primaryimage","url":"https:\/\/davidsarsanedas.com\/wp-content\/uploads\/2024\/11\/Generica-scaled-e1731929475677-1024x681.jpg","contentUrl":"https:\/\/davidsarsanedas.com\/wp-content\/uploads\/2024\/11\/Generica-scaled-e1731929475677-1024x681.jpg"},{"@type":"BreadcrumbList","@id":"https:\/\/davidsarsanedas.com\/es\/#breadcrumb","itemListElement":[{"@type":"ListItem","position":1,"name":"Portada","item":"https:\/\/davidsarsanedas.com\/es\/david-sarsanedas\/"},{"@type":"ListItem","position":2,"name":"PORTADA"}]},{"@type":"WebSite","@id":"https:\/\/davidsarsanedas.com\/es\/#website","url":"https:\/\/davidsarsanedas.com\/es\/","name":"David Sarsanedas","description":"Un espai de trobada entre ter\u00e0pies, art, natura i tecnologia","potentialAction":[{"@type":"SearchAction","target":{"@type":"EntryPoint","urlTemplate":"https:\/\/davidsarsanedas.com\/es\/?s={search_term_string}"},"query-input":{"@type":"PropertyValueSpecification","valueRequired":true,"valueName":"search_term_string"}}],"inLanguage":"es"}]}},"_links":{"self":[{"href":"https:\/\/davidsarsanedas.com\/es\/wp-json\/wp\/v2\/pages\/738","targetHints":{"allow":["GET"]}}],"collection":[{"href":"https:\/\/davidsarsanedas.com\/es\/wp-json\/wp\/v2\/pages"}],"about":[{"href":"https:\/\/davidsarsanedas.com\/es\/wp-json\/wp\/v2\/types\/page"}],"author":[{"embeddable":true,"href":"https:\/\/davidsarsanedas.com\/es\/wp-json\/wp\/v2\/users\/3"}],"replies":[{"embeddable":true,"href":"https:\/\/davidsarsanedas.com\/es\/wp-json\/wp\/v2\/comments?post=738"}],"version-history":[{"count":13,"href":"https:\/\/davidsarsanedas.com\/es\/wp-json\/wp\/v2\/pages\/738\/revisions"}],"predecessor-version":[{"id":970,"href":"https:\/\/davidsarsanedas.com\/es\/wp-json\/wp\/v2\/pages\/738\/revisions\/970"}],"wp:attachment":[{"href":"https:\/\/davidsarsanedas.com\/es\/wp-json\/wp\/v2\/media?parent=738"}],"curies":[{"name":"wp","href":"https:\/\/api.w.org\/{rel}","templated":true}]}}