{"id":735,"date":"2024-11-03T18:14:08","date_gmt":"2024-11-03T18:14:08","guid":{"rendered":"https:\/musica\/"},"modified":"2024-11-25T08:59:34","modified_gmt":"2024-11-25T08:59:34","slug":"musica","status":"publish","type":"page","link":"https:\/\/davidsarsanedas.com\/es\/artes\/musica\/","title":{"rendered":"M\u00daSICA"},"content":{"rendered":"\t\t<div data-elementor-type=\"wp-page\" data-elementor-id=\"735\" class=\"elementor elementor-735 elementor-225\" data-elementor-post-type=\"page\">\n\t\t\t\t\t\t<section class=\"elementor-section elementor-top-section elementor-element elementor-element-8dff37d elementor-section-boxed elementor-section-height-default elementor-section-height-default\" data-id=\"8dff37d\" data-element_type=\"section\" data-e-type=\"section\">\n\t\t\t\t\t\t<div class=\"elementor-container elementor-column-gap-wide\">\n\t\t\t\t\t<div class=\"elementor-column elementor-col-100 elementor-top-column elementor-element elementor-element-87d720a\" data-id=\"87d720a\" data-element_type=\"column\" data-e-type=\"column\">\n\t\t\t<div class=\"elementor-widget-wrap elementor-element-populated\">\n\t\t\t\t\t\t<div class=\"elementor-element elementor-element-1950601 elementor-widget elementor-widget-heading\" data-id=\"1950601\" data-element_type=\"widget\" data-e-type=\"widget\" data-widget_type=\"heading.default\">\n\t\t\t\t<div class=\"elementor-widget-container\">\n\t\t\t\t\t<h1 class=\"elementor-heading-title elementor-size-default\">M\u00fasica<\/h1>\t\t\t\t<\/div>\n\t\t\t\t<\/div>\n\t\t\t\t\t<\/div>\n\t\t<\/div>\n\t\t\t\t\t<\/div>\n\t\t<\/section>\n\t\t\t\t<section class=\"elementor-section elementor-top-section elementor-element elementor-element-c6d7071 elementor-section-boxed elementor-section-height-default elementor-section-height-default\" data-id=\"c6d7071\" data-element_type=\"section\" data-e-type=\"section\">\n\t\t\t\t\t\t<div class=\"elementor-container elementor-column-gap-wide\">\n\t\t\t\t\t<div class=\"elementor-column elementor-col-50 elementor-top-column elementor-element elementor-element-3880a8a\" data-id=\"3880a8a\" data-element_type=\"column\" data-e-type=\"column\">\n\t\t\t<div class=\"elementor-widget-wrap elementor-element-populated\">\n\t\t\t\t\t\t<div class=\"elementor-element elementor-element-a49d16b elementor-widget elementor-widget-text-editor\" data-id=\"a49d16b\" data-element_type=\"widget\" data-e-type=\"widget\" data-widget_type=\"text-editor.default\">\n\t\t\t\t<div class=\"elementor-widget-container\">\n\t\t\t\t\t\t\t\t\t<p>A pesar de no tener ritmo, ni o\u00eddo, ni paciencia a la hora de practicar, he tocado en grupos de m\u00fasica desde 1993. Actualmente, formo parte de la Orchestra Fireluche y Xacam. Por el camino ha habido Dudu, Xiao, Aquitamx\u00e9, Santos Inocentes, \u00be de 7h, Ubi Sunt y El Rey de las Galletas.<\/p>\n\t\t\t\t\t\t\t\t<\/div>\n\t\t\t\t<\/div>\n\t\t\t\t\t<\/div>\n\t\t<\/div>\n\t\t\t\t<div class=\"elementor-column elementor-col-50 elementor-top-column elementor-element elementor-element-16da811\" data-id=\"16da811\" data-element_type=\"column\" data-e-type=\"column\">\n\t\t\t<div class=\"elementor-widget-wrap\">\n\t\t\t\t\t\t\t<\/div>\n\t\t<\/div>\n\t\t\t\t\t<\/div>\n\t\t<\/section>\n\t\t<div class=\"elementor-element elementor-element-aa83958 e-flex e-con-boxed e-con e-parent\" data-id=\"aa83958\" data-element_type=\"container\" data-e-type=\"container\">\n\t\t\t\t\t<div class=\"e-con-inner\">\n\t\t<div class=\"elementor-element elementor-element-e531f08 e-con-full e-flex e-con e-child\" data-id=\"e531f08\" data-element_type=\"container\" data-e-type=\"container\">\n\t\t\t\t<div class=\"elementor-element elementor-element-6f1d984 elementor-widget elementor-widget-heading\" data-id=\"6f1d984\" data-element_type=\"widget\" data-e-type=\"widget\" data-widget_type=\"heading.default\">\n\t\t\t\t<div class=\"elementor-widget-container\">\n\t\t\t\t\t<h3 class=\"elementor-heading-title elementor-size-default\"><a href=\"https:\/\/orchestrafireluche.cat\">Orchestra Fireluche<\/a><\/h3>\t\t\t\t<\/div>\n\t\t\t\t<\/div>\n\t\t\t\t<div class=\"elementor-element elementor-element-a9f7955 elementor-widget elementor-widget-image\" data-id=\"a9f7955\" data-element_type=\"widget\" data-e-type=\"widget\" data-widget_type=\"image.default\">\n\t\t\t\t<div class=\"elementor-widget-container\">\n\t\t\t\t\t\t\t\t\t\t\t\t\t\t\t<img fetchpriority=\"high\" decoding=\"async\" width=\"780\" height=\"780\" src=\"https:\/\/davidsarsanedas.com\/wp-content\/uploads\/2024\/11\/Orchestra-Fireluche.jpeg\" class=\"attachment-large size-large wp-image-722\" alt=\"\" srcset=\"https:\/\/davidsarsanedas.com\/wp-content\/uploads\/2024\/11\/Orchestra-Fireluche.jpeg 780w, https:\/\/davidsarsanedas.com\/wp-content\/uploads\/2024\/11\/Orchestra-Fireluche-300x300.jpeg 300w, https:\/\/davidsarsanedas.com\/wp-content\/uploads\/2024\/11\/Orchestra-Fireluche-150x150.jpeg 150w, https:\/\/davidsarsanedas.com\/wp-content\/uploads\/2024\/11\/Orchestra-Fireluche-768x768.jpeg 768w\" sizes=\"(max-width: 780px) 100vw, 780px\" \/>\t\t\t\t\t\t\t\t\t\t\t\t\t\t\t<\/div>\n\t\t\t\t<\/div>\n\t\t\t\t<div class=\"elementor-element elementor-element-b6c68e2 elementor-widget__width-initial elementor-widget elementor-widget-text-editor\" data-id=\"b6c68e2\" data-element_type=\"widget\" data-e-type=\"widget\" data-widget_type=\"text-editor.default\">\n\t\t\t\t<div class=\"elementor-widget-container\">\n\t\t\t\t\t\t\t\t\tOrchestra Fireluche es un grupo que hace m\u00fasica con instrumentos de juguete, cl\u00e1sicos y poco\n habituales. Ha grabado nueve discos, dos de ellos con Pau Riba.\t\t\t\t\t\t\t\t<\/div>\n\t\t\t\t<\/div>\n\t\t\t\t<div class=\"elementor-element elementor-element-8124b41 elementor-widget elementor-widget-heading\" data-id=\"8124b41\" data-element_type=\"widget\" data-e-type=\"widget\" data-widget_type=\"heading.default\">\n\t\t\t\t<div class=\"elementor-widget-container\">\n\t\t\t\t\t<p class=\"elementor-heading-title elementor-size-default\"><a href=\"https:\/\/orchestrafireluche.cat\">VER OBRA<\/a><\/p>\t\t\t\t<\/div>\n\t\t\t\t<\/div>\n\t\t\t\t<\/div>\n\t\t<div class=\"elementor-element elementor-element-d531d47 e-con-full e-flex e-con e-child\" data-id=\"d531d47\" data-element_type=\"container\" data-e-type=\"container\">\n\t\t\t\t<div class=\"elementor-element elementor-element-a7ef31e elementor-widget elementor-widget-heading\" data-id=\"a7ef31e\" data-element_type=\"widget\" data-e-type=\"widget\" data-widget_type=\"heading.default\">\n\t\t\t\t<div class=\"elementor-widget-container\">\n\t\t\t\t\t<h3 class=\"elementor-heading-title elementor-size-default\"><a href=\"https:\/\/escenacellera.tumblr.com\/xacamdterraixacam\">Jacam<\/a><\/h3>\t\t\t\t<\/div>\n\t\t\t\t<\/div>\n\t\t\t\t<div class=\"elementor-element elementor-element-2111a02 elementor-widget elementor-widget-image\" data-id=\"2111a02\" data-element_type=\"widget\" data-e-type=\"widget\" data-widget_type=\"image.default\">\n\t\t\t\t<div class=\"elementor-widget-container\">\n\t\t\t\t\t\t\t\t\t\t\t\t\t\t\t<img decoding=\"async\" width=\"800\" height=\"599\" src=\"https:\/\/davidsarsanedas.com\/wp-content\/uploads\/2024\/11\/Xacam-1024x767.jpeg\" class=\"attachment-large size-large wp-image-724\" alt=\"\" srcset=\"https:\/\/davidsarsanedas.com\/wp-content\/uploads\/2024\/11\/Xacam-1024x767.jpeg 1024w, https:\/\/davidsarsanedas.com\/wp-content\/uploads\/2024\/11\/Xacam-300x225.jpeg 300w, https:\/\/davidsarsanedas.com\/wp-content\/uploads\/2024\/11\/Xacam-768x575.jpeg 768w, https:\/\/davidsarsanedas.com\/wp-content\/uploads\/2024\/11\/Xacam-1536x1150.jpeg 1536w, https:\/\/davidsarsanedas.com\/wp-content\/uploads\/2024\/11\/Xacam.jpeg 1600w\" sizes=\"(max-width: 800px) 100vw, 800px\" \/>\t\t\t\t\t\t\t\t\t\t\t\t\t\t\t<\/div>\n\t\t\t\t<\/div>\n\t\t\t\t<div class=\"elementor-element elementor-element-73e126c elementor-widget__width-initial elementor-widget elementor-widget-text-editor\" data-id=\"73e126c\" data-element_type=\"widget\" data-e-type=\"widget\" data-widget_type=\"text-editor.default\">\n\t\t\t\t<div class=\"elementor-widget-container\">\n\t\t\t\t\t\t\t\t\tJacam es un grupo de metal y postpunk. Ofrece conciertos espor\u00e1dicos. Ha grabado dos\n maquetas autoeditadas: Poes\u00eda para ni\u00f1os y Jacam.\t\t\t\t\t\t\t\t<\/div>\n\t\t\t\t<\/div>\n\t\t\t\t<div class=\"elementor-element elementor-element-bbc33b9 elementor-widget elementor-widget-heading\" data-id=\"bbc33b9\" data-element_type=\"widget\" data-e-type=\"widget\" data-widget_type=\"heading.default\">\n\t\t\t\t<div class=\"elementor-widget-container\">\n\t\t\t\t\t<p class=\"elementor-heading-title elementor-size-default\"><a href=\"https:\/\/escenacellera.tumblr.com\/xacamdterraixacam\">VER OBRA<\/a><\/p>\t\t\t\t<\/div>\n\t\t\t\t<\/div>\n\t\t\t\t<\/div>\n\t\t\t\t\t<\/div>\n\t\t\t\t<\/div>\n\t\t\t\t<\/div>\n\t\t","protected":false},"excerpt":{"rendered":"<p>M\u00fasica A pesar de no tener ritmo, ni o\u00eddo, ni paciencia a la hora de practicar, he tocado en grupos de m\u00fasica desde 1993. Actualmente, formo parte de la Orchestra Fireluche y Xacam. Por el camino ha habido Dudu, Xiao, Aquitamx\u00e9, Santos Inocentes, \u00be de 7h, Ubi Sunt y El Rey de las Galletas. Orchestra [&hellip;]<\/p>\n","protected":false},"author":3,"featured_media":0,"parent":737,"menu_order":0,"comment_status":"closed","ping_status":"closed","template":"","meta":{"footnotes":""},"class_list":["post-735","page","type-page","status-publish","hentry"],"yoast_head":"<!-- This site is optimized with the Yoast SEO plugin v27.2 - https:\/\/yoast.com\/product\/yoast-seo-wordpress\/ -->\n<title>M\u00daSICA - David Sarsanedas<\/title>\n<meta name=\"description\" content=\"Descubre la conexi\u00f3n entre m\u00fasica y arte en los proyectos de David Sarsanedas, un viaje sonoro \u00fanico. M\u00daSICA\" \/>\n<meta name=\"robots\" content=\"index, follow, max-snippet:-1, max-image-preview:large, max-video-preview:-1\" \/>\n<link rel=\"canonical\" href=\"https:\/\/davidsarsanedas.com\/es\/artes\/musica\/\" \/>\n<meta property=\"og:locale\" content=\"es_ES\" \/>\n<meta property=\"og:type\" content=\"article\" \/>\n<meta property=\"og:title\" content=\"M\u00daSICA - David Sarsanedas\" \/>\n<meta property=\"og:description\" content=\"Descubre la conexi\u00f3n entre m\u00fasica y arte en los proyectos de David Sarsanedas, un viaje sonoro \u00fanico. M\u00daSICA\" \/>\n<meta property=\"og:url\" content=\"https:\/\/davidsarsanedas.com\/es\/artes\/musica\/\" \/>\n<meta property=\"og:site_name\" content=\"David Sarsanedas\" \/>\n<meta property=\"article:modified_time\" content=\"2024-11-25T08:59:34+00:00\" \/>\n<meta property=\"og:image\" content=\"http:\/\/davidsarsanedas.com\/wp-content\/uploads\/2024\/11\/Orchestra-Fireluche.jpeg\" \/>\n<meta name=\"twitter:card\" content=\"summary_large_image\" \/>\n<meta name=\"twitter:label1\" content=\"Tiempo de lectura\" \/>\n\t<meta name=\"twitter:data1\" content=\"1 minuto\" \/>\n<script type=\"application\/ld+json\" class=\"yoast-schema-graph\">{\"@context\":\"https:\/\/schema.org\",\"@graph\":[{\"@type\":\"WebPage\",\"@id\":\"https:\/\/davidsarsanedas.com\/es\/artes\/musica\/\",\"url\":\"https:\/\/davidsarsanedas.com\/es\/artes\/musica\/\",\"name\":\"M\u00daSICA - David Sarsanedas\",\"isPartOf\":{\"@id\":\"https:\/\/davidsarsanedas.com\/es\/#website\"},\"primaryImageOfPage\":{\"@id\":\"https:\/\/davidsarsanedas.com\/es\/artes\/musica\/#primaryimage\"},\"image\":{\"@id\":\"https:\/\/davidsarsanedas.com\/es\/artes\/musica\/#primaryimage\"},\"thumbnailUrl\":\"http:\/\/davidsarsanedas.com\/wp-content\/uploads\/2024\/11\/Orchestra-Fireluche.jpeg\",\"datePublished\":\"2024-11-03T18:14:08+00:00\",\"dateModified\":\"2024-11-25T08:59:34+00:00\",\"description\":\"Descubre la conexi\u00f3n entre m\u00fasica y arte en los proyectos de David Sarsanedas, un viaje sonoro \u00fanico. M\u00daSICA\",\"breadcrumb\":{\"@id\":\"https:\/\/davidsarsanedas.com\/es\/artes\/musica\/#breadcrumb\"},\"inLanguage\":\"es\",\"potentialAction\":[{\"@type\":\"ReadAction\",\"target\":[\"https:\/\/davidsarsanedas.com\/es\/artes\/musica\/\"]}]},{\"@type\":\"ImageObject\",\"inLanguage\":\"es\",\"@id\":\"https:\/\/davidsarsanedas.com\/es\/artes\/musica\/#primaryimage\",\"url\":\"http:\/\/davidsarsanedas.com\/wp-content\/uploads\/2024\/11\/Orchestra-Fireluche.jpeg\",\"contentUrl\":\"http:\/\/davidsarsanedas.com\/wp-content\/uploads\/2024\/11\/Orchestra-Fireluche.jpeg\"},{\"@type\":\"BreadcrumbList\",\"@id\":\"https:\/\/davidsarsanedas.com\/es\/artes\/musica\/#breadcrumb\",\"itemListElement\":[{\"@type\":\"ListItem\",\"position\":1,\"name\":\"Portada\",\"item\":\"https:\/\/davidsarsanedas.com\/es\/david-sarsanedas\/\"},{\"@type\":\"ListItem\",\"position\":2,\"name\":\"ARTES\",\"item\":\"https:\/\/davidsarsanedas.com\/es\/artes\/\"},{\"@type\":\"ListItem\",\"position\":3,\"name\":\"M\u00daSICA\"}]},{\"@type\":\"WebSite\",\"@id\":\"https:\/\/davidsarsanedas.com\/es\/#website\",\"url\":\"https:\/\/davidsarsanedas.com\/es\/\",\"name\":\"David Sarsanedas\",\"description\":\"Un espai de trobada entre ter\u00e0pies, art, natura i tecnologia\",\"potentialAction\":[{\"@type\":\"SearchAction\",\"target\":{\"@type\":\"EntryPoint\",\"urlTemplate\":\"https:\/\/davidsarsanedas.com\/es\/?s={search_term_string}\"},\"query-input\":{\"@type\":\"PropertyValueSpecification\",\"valueRequired\":true,\"valueName\":\"search_term_string\"}}],\"inLanguage\":\"es\"}]}<\/script>\n<!-- \/ Yoast SEO plugin. -->","yoast_head_json":{"title":"M\u00daSICA - David Sarsanedas","description":"Descubre la conexi\u00f3n entre m\u00fasica y arte en los proyectos de David Sarsanedas, un viaje sonoro \u00fanico. M\u00daSICA","robots":{"index":"index","follow":"follow","max-snippet":"max-snippet:-1","max-image-preview":"max-image-preview:large","max-video-preview":"max-video-preview:-1"},"canonical":"https:\/\/davidsarsanedas.com\/es\/artes\/musica\/","og_locale":"es_ES","og_type":"article","og_title":"M\u00daSICA - David Sarsanedas","og_description":"Descubre la conexi\u00f3n entre m\u00fasica y arte en los proyectos de David Sarsanedas, un viaje sonoro \u00fanico. M\u00daSICA","og_url":"https:\/\/davidsarsanedas.com\/es\/artes\/musica\/","og_site_name":"David Sarsanedas","article_modified_time":"2024-11-25T08:59:34+00:00","og_image":[{"url":"http:\/\/davidsarsanedas.com\/wp-content\/uploads\/2024\/11\/Orchestra-Fireluche.jpeg","type":"","width":"","height":""}],"twitter_card":"summary_large_image","twitter_misc":{"Tiempo de lectura":"1 minuto"},"schema":{"@context":"https:\/\/schema.org","@graph":[{"@type":"WebPage","@id":"https:\/\/davidsarsanedas.com\/es\/artes\/musica\/","url":"https:\/\/davidsarsanedas.com\/es\/artes\/musica\/","name":"M\u00daSICA - David Sarsanedas","isPartOf":{"@id":"https:\/\/davidsarsanedas.com\/es\/#website"},"primaryImageOfPage":{"@id":"https:\/\/davidsarsanedas.com\/es\/artes\/musica\/#primaryimage"},"image":{"@id":"https:\/\/davidsarsanedas.com\/es\/artes\/musica\/#primaryimage"},"thumbnailUrl":"http:\/\/davidsarsanedas.com\/wp-content\/uploads\/2024\/11\/Orchestra-Fireluche.jpeg","datePublished":"2024-11-03T18:14:08+00:00","dateModified":"2024-11-25T08:59:34+00:00","description":"Descubre la conexi\u00f3n entre m\u00fasica y arte en los proyectos de David Sarsanedas, un viaje sonoro \u00fanico. M\u00daSICA","breadcrumb":{"@id":"https:\/\/davidsarsanedas.com\/es\/artes\/musica\/#breadcrumb"},"inLanguage":"es","potentialAction":[{"@type":"ReadAction","target":["https:\/\/davidsarsanedas.com\/es\/artes\/musica\/"]}]},{"@type":"ImageObject","inLanguage":"es","@id":"https:\/\/davidsarsanedas.com\/es\/artes\/musica\/#primaryimage","url":"http:\/\/davidsarsanedas.com\/wp-content\/uploads\/2024\/11\/Orchestra-Fireluche.jpeg","contentUrl":"http:\/\/davidsarsanedas.com\/wp-content\/uploads\/2024\/11\/Orchestra-Fireluche.jpeg"},{"@type":"BreadcrumbList","@id":"https:\/\/davidsarsanedas.com\/es\/artes\/musica\/#breadcrumb","itemListElement":[{"@type":"ListItem","position":1,"name":"Portada","item":"https:\/\/davidsarsanedas.com\/es\/david-sarsanedas\/"},{"@type":"ListItem","position":2,"name":"ARTES","item":"https:\/\/davidsarsanedas.com\/es\/artes\/"},{"@type":"ListItem","position":3,"name":"M\u00daSICA"}]},{"@type":"WebSite","@id":"https:\/\/davidsarsanedas.com\/es\/#website","url":"https:\/\/davidsarsanedas.com\/es\/","name":"David Sarsanedas","description":"Un espai de trobada entre ter\u00e0pies, art, natura i tecnologia","potentialAction":[{"@type":"SearchAction","target":{"@type":"EntryPoint","urlTemplate":"https:\/\/davidsarsanedas.com\/es\/?s={search_term_string}"},"query-input":{"@type":"PropertyValueSpecification","valueRequired":true,"valueName":"search_term_string"}}],"inLanguage":"es"}]}},"_links":{"self":[{"href":"https:\/\/davidsarsanedas.com\/es\/wp-json\/wp\/v2\/pages\/735","targetHints":{"allow":["GET"]}}],"collection":[{"href":"https:\/\/davidsarsanedas.com\/es\/wp-json\/wp\/v2\/pages"}],"about":[{"href":"https:\/\/davidsarsanedas.com\/es\/wp-json\/wp\/v2\/types\/page"}],"author":[{"embeddable":true,"href":"https:\/\/davidsarsanedas.com\/es\/wp-json\/wp\/v2\/users\/3"}],"replies":[{"embeddable":true,"href":"https:\/\/davidsarsanedas.com\/es\/wp-json\/wp\/v2\/comments?post=735"}],"version-history":[{"count":1,"href":"https:\/\/davidsarsanedas.com\/es\/wp-json\/wp\/v2\/pages\/735\/revisions"}],"predecessor-version":[{"id":736,"href":"https:\/\/davidsarsanedas.com\/es\/wp-json\/wp\/v2\/pages\/735\/revisions\/736"}],"up":[{"embeddable":true,"href":"https:\/\/davidsarsanedas.com\/es\/wp-json\/wp\/v2\/pages\/737"}],"wp:attachment":[{"href":"https:\/\/davidsarsanedas.com\/es\/wp-json\/wp\/v2\/media?parent=735"}],"curies":[{"name":"wp","href":"https:\/\/api.w.org\/{rel}","templated":true}]}}