{"id":730,"date":"2024-11-10T22:29:29","date_gmt":"2024-11-10T22:29:29","guid":{"rendered":"https:\/inteligencia-artificial\/"},"modified":"2024-11-25T08:59:32","modified_gmt":"2024-11-25T08:59:32","slug":"inteligencia-artificial","status":"publish","type":"page","link":"https:\/\/davidsarsanedas.com\/es\/inteligencia-artificial\/","title":{"rendered":"INTELIGENCIA ARTIFICIAL"},"content":{"rendered":"\t\t<div data-elementor-type=\"wp-page\" data-elementor-id=\"730\" class=\"elementor elementor-730 elementor-306\" data-elementor-post-type=\"page\">\n\t\t\t\t\t\t<section class=\"elementor-section elementor-top-section elementor-element elementor-element-800dab7 elementor-section-boxed elementor-section-height-default elementor-section-height-default\" data-id=\"800dab7\" data-element_type=\"section\" data-e-type=\"section\">\n\t\t\t\t\t\t<div class=\"elementor-container elementor-column-gap-wide\">\n\t\t\t\t\t<div class=\"elementor-column elementor-col-100 elementor-top-column elementor-element elementor-element-a2a2029\" data-id=\"a2a2029\" data-element_type=\"column\" data-e-type=\"column\">\n\t\t\t<div class=\"elementor-widget-wrap elementor-element-populated\">\n\t\t\t\t\t\t<div class=\"elementor-element elementor-element-89622d5 elementor-widget elementor-widget-heading\" data-id=\"89622d5\" data-element_type=\"widget\" data-e-type=\"widget\" data-widget_type=\"heading.default\">\n\t\t\t\t<div class=\"elementor-widget-container\">\n\t\t\t\t\t<h1 class=\"elementor-heading-title elementor-size-default\">Inteligencia artificial<\/h1>\t\t\t\t<\/div>\n\t\t\t\t<\/div>\n\t\t\t\t\t<\/div>\n\t\t<\/div>\n\t\t\t\t\t<\/div>\n\t\t<\/section>\n\t\t\t\t<section class=\"elementor-section elementor-top-section elementor-element elementor-element-85a0cfd elementor-section-boxed elementor-section-height-default elementor-section-height-default\" data-id=\"85a0cfd\" data-element_type=\"section\" data-e-type=\"section\">\n\t\t\t\t\t\t<div class=\"elementor-container elementor-column-gap-wide\">\n\t\t\t\t\t<div class=\"elementor-column elementor-col-50 elementor-top-column elementor-element elementor-element-97b5c24\" data-id=\"97b5c24\" data-element_type=\"column\" data-e-type=\"column\">\n\t\t\t<div class=\"elementor-widget-wrap elementor-element-populated\">\n\t\t\t\t\t\t<div class=\"elementor-element elementor-element-bd5a835 elementor-widget__width-initial elementor-widget elementor-widget-text-editor\" data-id=\"bd5a835\" data-element_type=\"widget\" data-e-type=\"widget\" data-widget_type=\"text-editor.default\">\n\t\t\t\t<div class=\"elementor-widget-container\">\n\t\t\t\t\t\t\t\t\t<p>Desde el a\u00f1o 2019 Intento estar al d\u00eda de la evoluci\u00f3n de la IA y sus consecuencias a nivel social y medioambiental. He ofrecido charlas en centros educativos para alumnos, docentes y familias; he participado en laboratorios de creaci\u00f3n art\u00edstica con inteligencia artificial generativa y he trabajado de colaborador docente en el grado de Artes de la UOC. Estudio de forma autodidacta.<\/p>\n\t\t\t\t\t\t\t\t<\/div>\n\t\t\t\t<\/div>\n\t\t\t\t\t<\/div>\n\t\t<\/div>\n\t\t\t\t<div class=\"elementor-column elementor-col-50 elementor-top-column elementor-element elementor-element-fe47a61\" data-id=\"fe47a61\" data-element_type=\"column\" data-e-type=\"column\">\n\t\t\t<div class=\"elementor-widget-wrap elementor-element-populated\">\n\t\t\t\t\t\t<div class=\"elementor-element elementor-element-f6263df elementor-widget elementor-widget-image\" data-id=\"f6263df\" data-element_type=\"widget\" data-e-type=\"widget\" data-widget_type=\"image.default\">\n\t\t\t\t<div class=\"elementor-widget-container\">\n\t\t\t\t\t\t\t\t\t\t\t\t\t\t\t<img fetchpriority=\"high\" decoding=\"async\" width=\"800\" height=\"539\" src=\"https:\/\/davidsarsanedas.com\/wp-content\/uploads\/2024\/11\/Intel\u252cAlige\u2560Cncia-artificial-1024x690.webp\" class=\"attachment-large size-large wp-image-711\" alt=\"\" srcset=\"https:\/\/davidsarsanedas.com\/wp-content\/uploads\/2024\/11\/Intel\u252cAlige\u2560Cncia-artificial-1024x690.webp 1024w, https:\/\/davidsarsanedas.com\/wp-content\/uploads\/2024\/11\/Intel\u252cAlige\u2560Cncia-artificial-300x202.webp 300w, https:\/\/davidsarsanedas.com\/wp-content\/uploads\/2024\/11\/Intel\u252cAlige\u2560Cncia-artificial-768x518.webp 768w, https:\/\/davidsarsanedas.com\/wp-content\/uploads\/2024\/11\/Intel\u252cAlige\u2560Cncia-artificial.webp 1068w\" sizes=\"(max-width: 800px) 100vw, 800px\" \/>\t\t\t\t\t\t\t\t\t\t\t\t\t\t\t<\/div>\n\t\t\t\t<\/div>\n\t\t\t\t\t<\/div>\n\t\t<\/div>\n\t\t\t\t\t<\/div>\n\t\t<\/section>\n\t\t<div class=\"elementor-element elementor-element-5ae0a57 e-flex e-con-boxed e-con e-parent\" data-id=\"5ae0a57\" data-element_type=\"container\" data-e-type=\"container\">\n\t\t\t\t\t<div class=\"e-con-inner\">\n\t\t\t\t<div class=\"elementor-element elementor-element-7efde8c elementor-widget elementor-widget-heading\" data-id=\"7efde8c\" data-element_type=\"widget\" data-e-type=\"widget\" data-widget_type=\"heading.default\">\n\t\t\t\t<div class=\"elementor-widget-container\">\n\t\t\t\t\t<h3 class=\"elementor-heading-title elementor-size-default\">Charlas y talleres<\/h3>\t\t\t\t<\/div>\n\t\t\t\t<\/div>\n\t\t\t\t\t<\/div>\n\t\t\t\t<\/div>\n\t\t\t\t<section class=\"elementor-section elementor-top-section elementor-element elementor-element-897ab75 elementor-section-boxed elementor-section-height-default elementor-section-height-default\" data-id=\"897ab75\" data-element_type=\"section\" data-e-type=\"section\">\n\t\t\t\t\t\t<div class=\"elementor-container elementor-column-gap-wide\">\n\t\t\t\t\t<div class=\"elementor-column elementor-col-100 elementor-top-column elementor-element elementor-element-8f5a4a8\" data-id=\"8f5a4a8\" data-element_type=\"column\" data-e-type=\"column\">\n\t\t\t<div class=\"elementor-widget-wrap elementor-element-populated\">\n\t\t\t\t<div class=\"elementor-element elementor-element-7ecd2ee e-flex e-con-boxed e-con e-parent\" data-id=\"7ecd2ee\" data-element_type=\"container\" data-e-type=\"container\">\n\t\t\t\t\t<div class=\"e-con-inner\">\n\t\t<div class=\"elementor-element elementor-element-1c1cedc e-con-full e-flex e-con e-child\" data-id=\"1c1cedc\" data-element_type=\"container\" data-e-type=\"container\">\n\t\t\t\t<div class=\"elementor-element elementor-element-6d65a21 elementor-widget elementor-widget-text-editor\" data-id=\"6d65a21\" data-element_type=\"widget\" data-e-type=\"widget\" data-widget_type=\"text-editor.default\">\n\t\t\t\t<div class=\"elementor-widget-container\">\n\t\t\t\t\t\t\t\t\t<p><strong>\u00bfQu\u00e9 es la inteligencia artificial?<\/strong><\/p>\n<p>Charla divulgativa sobre inteligencia artificial, especialmente sus aplicaciones a nivel did\u00e1ctico, creativo, cient\u00edfico y los retos que comporta a nivel social y ecol\u00f3gico.<\/p>\n\t\t\t\t\t\t\t\t<\/div>\n\t\t\t\t<\/div>\n\t\t\t\t<\/div>\n\t\t<div class=\"elementor-element elementor-element-c9dceb7 e-con-full e-flex e-con e-child\" data-id=\"c9dceb7\" data-element_type=\"container\" data-e-type=\"container\">\n\t\t\t\t<div class=\"elementor-element elementor-element-a4090a0 elementor-widget elementor-widget-text-editor\" data-id=\"a4090a0\" data-element_type=\"widget\" data-e-type=\"widget\" data-widget_type=\"text-editor.default\">\n\t\t\t\t<div class=\"elementor-widget-container\">\n\t\t\t\t\t\t\t\t\t<p><strong>Inteligencia artificial generativa: herramientas y aplicaciones<\/strong><\/p>\n<p>Taller pr\u00e1ctico de uso de aplicaciones para estudiar, ilustrar, hacer v\u00eddeo, componer m\u00fasica e interactuar con herramientas de inteligencia artificial.<\/p>\n\t\t\t\t\t\t\t\t<\/div>\n\t\t\t\t<\/div>\n\t\t\t\t<\/div>\n\t\t<div class=\"elementor-element elementor-element-eb4fd70 e-con-full e-flex e-con e-child\" data-id=\"eb4fd70\" data-element_type=\"container\" data-e-type=\"container\">\n\t\t\t\t<div class=\"elementor-element elementor-element-159cb4b elementor-widget elementor-widget-text-editor\" data-id=\"159cb4b\" data-element_type=\"widget\" data-e-type=\"widget\" data-widget_type=\"text-editor.default\">\n\t\t\t\t<div class=\"elementor-widget-container\">\n\t\t\t\t\t\t\t\t\t<p><strong>Creaci\u00f3n de mapping con inteligencia artificial<\/strong><\/p>\n<p>El curso profundiza en el uso de herramientas de generaci\u00f3n de imagen, v\u00eddeo y m\u00fasica basadas en inteligencia artificial para crear un espect\u00e1culo de mapping de gran formato.<\/p>\n\t\t\t\t\t\t\t\t<\/div>\n\t\t\t\t<\/div>\n\t\t\t\t<\/div>\n\t\t\t\t\t<\/div>\n\t\t\t\t<\/div>\n\t\t<div class=\"elementor-element elementor-element-a6767e4 e-flex e-con-boxed e-con e-parent\" data-id=\"a6767e4\" data-element_type=\"container\" data-e-type=\"container\">\n\t\t\t\t\t<div class=\"e-con-inner\">\n\t\t<div class=\"elementor-element elementor-element-367bcb0 e-con-full e-flex e-con e-child\" data-id=\"367bcb0\" data-element_type=\"container\" data-e-type=\"container\">\n\t\t\t\t<div class=\"elementor-element elementor-element-4b509db elementor-widget elementor-widget-text-editor\" data-id=\"4b509db\" data-element_type=\"widget\" data-e-type=\"widget\" data-widget_type=\"text-editor.default\">\n\t\t\t\t<div class=\"elementor-widget-container\">\n\t\t\t\t\t\t\t\t\t<p><strong>Quien no tiene ay tiene cebollas<\/strong><\/p>\n<p>\u00c9ste quiere ser un futuro espacio dedicado al estudio colaborativo ya la divulgaci\u00f3n sobre las inteligencias artificiales. Estamos trabajando en ello<\/p>\n\t\t\t\t\t\t\t\t<\/div>\n\t\t\t\t<\/div>\n\t\t\t\t<\/div>\n\t\t<div class=\"elementor-element elementor-element-50dc245 e-con-full e-flex e-con e-child\" data-id=\"50dc245\" data-element_type=\"container\" data-e-type=\"container\">\n\t\t\t\t<\/div>\n\t\t<div class=\"elementor-element elementor-element-8a64f46 e-con-full e-flex e-con e-child\" data-id=\"8a64f46\" data-element_type=\"container\" data-e-type=\"container\">\n\t\t\t\t<\/div>\n\t\t\t\t\t<\/div>\n\t\t\t\t<\/div>\n\t\t\t\t\t<\/div>\n\t\t<\/div>\n\t\t\t\t\t<\/div>\n\t\t<\/section>\n\t\t\t\t<\/div>\n\t\t","protected":false},"excerpt":{"rendered":"<p>Inteligencia artificial Desde el a\u00f1o 2019 Intento estar al d\u00eda de la evoluci\u00f3n de la IA y sus consecuencias a nivel social y medioambiental. He ofrecido charlas en centros educativos para alumnos, docentes y familias; he participado en laboratorios de creaci\u00f3n art\u00edstica con inteligencia artificial generativa y he trabajado de colaborador docente en el grado [&hellip;]<\/p>\n","protected":false},"author":3,"featured_media":0,"parent":0,"menu_order":0,"comment_status":"closed","ping_status":"closed","template":"","meta":{"footnotes":""},"class_list":["post-730","page","type-page","status-publish","hentry"],"yoast_head":"<!-- This site is optimized with the Yoast SEO plugin v27.2 - https:\/\/yoast.com\/product\/yoast-seo-wordpress\/ -->\n<title>INTELIGENCIA ARTIFICIAL - David Sarsanedas<\/title>\n<meta name=\"description\" content=\"Descubre c\u00f3mo David Sarsanedas integra la inteligencia artificial en el arte, creando obras \u00fanicas e innovadoras.\" \/>\n<meta name=\"robots\" content=\"index, follow, max-snippet:-1, max-image-preview:large, max-video-preview:-1\" \/>\n<link rel=\"canonical\" href=\"https:\/\/davidsarsanedas.com\/es\/inteligencia-artificial\/\" \/>\n<meta property=\"og:locale\" content=\"es_ES\" \/>\n<meta property=\"og:type\" content=\"article\" \/>\n<meta property=\"og:title\" content=\"INTELIGENCIA ARTIFICIAL - David Sarsanedas\" \/>\n<meta property=\"og:description\" content=\"Descubre c\u00f3mo David Sarsanedas integra la inteligencia artificial en el arte, creando obras \u00fanicas e innovadoras.\" \/>\n<meta property=\"og:url\" content=\"https:\/\/davidsarsanedas.com\/es\/inteligencia-artificial\/\" \/>\n<meta property=\"og:site_name\" content=\"David Sarsanedas\" \/>\n<meta property=\"article:modified_time\" content=\"2024-11-25T08:59:32+00:00\" \/>\n<meta name=\"twitter:card\" content=\"summary_large_image\" \/>\n<meta name=\"twitter:label1\" content=\"Tiempo de lectura\" \/>\n\t<meta name=\"twitter:data1\" content=\"1 minuto\" \/>\n<script type=\"application\/ld+json\" class=\"yoast-schema-graph\">{\"@context\":\"https:\/\/schema.org\",\"@graph\":[{\"@type\":\"WebPage\",\"@id\":\"https:\/\/davidsarsanedas.com\/es\/inteligencia-artificial\/\",\"url\":\"https:\/\/davidsarsanedas.com\/es\/inteligencia-artificial\/\",\"name\":\"INTELIGENCIA ARTIFICIAL - David Sarsanedas\",\"isPartOf\":{\"@id\":\"https:\/\/davidsarsanedas.com\/es\/#website\"},\"datePublished\":\"2024-11-10T22:29:29+00:00\",\"dateModified\":\"2024-11-25T08:59:32+00:00\",\"description\":\"Descubre c\u00f3mo David Sarsanedas integra la inteligencia artificial en el arte, creando obras \u00fanicas e innovadoras.\",\"breadcrumb\":{\"@id\":\"https:\/\/davidsarsanedas.com\/es\/inteligencia-artificial\/#breadcrumb\"},\"inLanguage\":\"es\",\"potentialAction\":[{\"@type\":\"ReadAction\",\"target\":[\"https:\/\/davidsarsanedas.com\/es\/inteligencia-artificial\/\"]}]},{\"@type\":\"BreadcrumbList\",\"@id\":\"https:\/\/davidsarsanedas.com\/es\/inteligencia-artificial\/#breadcrumb\",\"itemListElement\":[{\"@type\":\"ListItem\",\"position\":1,\"name\":\"Portada\",\"item\":\"https:\/\/davidsarsanedas.com\/es\/david-sarsanedas\/\"},{\"@type\":\"ListItem\",\"position\":2,\"name\":\"INTELIGENCIA ARTIFICIAL\"}]},{\"@type\":\"WebSite\",\"@id\":\"https:\/\/davidsarsanedas.com\/es\/#website\",\"url\":\"https:\/\/davidsarsanedas.com\/es\/\",\"name\":\"David Sarsanedas\",\"description\":\"Un espai de trobada entre ter\u00e0pies, art, natura i tecnologia\",\"potentialAction\":[{\"@type\":\"SearchAction\",\"target\":{\"@type\":\"EntryPoint\",\"urlTemplate\":\"https:\/\/davidsarsanedas.com\/es\/?s={search_term_string}\"},\"query-input\":{\"@type\":\"PropertyValueSpecification\",\"valueRequired\":true,\"valueName\":\"search_term_string\"}}],\"inLanguage\":\"es\"}]}<\/script>\n<!-- \/ Yoast SEO plugin. -->","yoast_head_json":{"title":"INTELIGENCIA ARTIFICIAL - David Sarsanedas","description":"Descubre c\u00f3mo David Sarsanedas integra la inteligencia artificial en el arte, creando obras \u00fanicas e innovadoras.","robots":{"index":"index","follow":"follow","max-snippet":"max-snippet:-1","max-image-preview":"max-image-preview:large","max-video-preview":"max-video-preview:-1"},"canonical":"https:\/\/davidsarsanedas.com\/es\/inteligencia-artificial\/","og_locale":"es_ES","og_type":"article","og_title":"INTELIGENCIA ARTIFICIAL - David Sarsanedas","og_description":"Descubre c\u00f3mo David Sarsanedas integra la inteligencia artificial en el arte, creando obras \u00fanicas e innovadoras.","og_url":"https:\/\/davidsarsanedas.com\/es\/inteligencia-artificial\/","og_site_name":"David Sarsanedas","article_modified_time":"2024-11-25T08:59:32+00:00","twitter_card":"summary_large_image","twitter_misc":{"Tiempo de lectura":"1 minuto"},"schema":{"@context":"https:\/\/schema.org","@graph":[{"@type":"WebPage","@id":"https:\/\/davidsarsanedas.com\/es\/inteligencia-artificial\/","url":"https:\/\/davidsarsanedas.com\/es\/inteligencia-artificial\/","name":"INTELIGENCIA ARTIFICIAL - David Sarsanedas","isPartOf":{"@id":"https:\/\/davidsarsanedas.com\/es\/#website"},"datePublished":"2024-11-10T22:29:29+00:00","dateModified":"2024-11-25T08:59:32+00:00","description":"Descubre c\u00f3mo David Sarsanedas integra la inteligencia artificial en el arte, creando obras \u00fanicas e innovadoras.","breadcrumb":{"@id":"https:\/\/davidsarsanedas.com\/es\/inteligencia-artificial\/#breadcrumb"},"inLanguage":"es","potentialAction":[{"@type":"ReadAction","target":["https:\/\/davidsarsanedas.com\/es\/inteligencia-artificial\/"]}]},{"@type":"BreadcrumbList","@id":"https:\/\/davidsarsanedas.com\/es\/inteligencia-artificial\/#breadcrumb","itemListElement":[{"@type":"ListItem","position":1,"name":"Portada","item":"https:\/\/davidsarsanedas.com\/es\/david-sarsanedas\/"},{"@type":"ListItem","position":2,"name":"INTELIGENCIA ARTIFICIAL"}]},{"@type":"WebSite","@id":"https:\/\/davidsarsanedas.com\/es\/#website","url":"https:\/\/davidsarsanedas.com\/es\/","name":"David Sarsanedas","description":"Un espai de trobada entre ter\u00e0pies, art, natura i tecnologia","potentialAction":[{"@type":"SearchAction","target":{"@type":"EntryPoint","urlTemplate":"https:\/\/davidsarsanedas.com\/es\/?s={search_term_string}"},"query-input":{"@type":"PropertyValueSpecification","valueRequired":true,"valueName":"search_term_string"}}],"inLanguage":"es"}]}},"_links":{"self":[{"href":"https:\/\/davidsarsanedas.com\/es\/wp-json\/wp\/v2\/pages\/730","targetHints":{"allow":["GET"]}}],"collection":[{"href":"https:\/\/davidsarsanedas.com\/es\/wp-json\/wp\/v2\/pages"}],"about":[{"href":"https:\/\/davidsarsanedas.com\/es\/wp-json\/wp\/v2\/types\/page"}],"author":[{"embeddable":true,"href":"https:\/\/davidsarsanedas.com\/es\/wp-json\/wp\/v2\/users\/3"}],"replies":[{"embeddable":true,"href":"https:\/\/davidsarsanedas.com\/es\/wp-json\/wp\/v2\/comments?post=730"}],"version-history":[{"count":1,"href":"https:\/\/davidsarsanedas.com\/es\/wp-json\/wp\/v2\/pages\/730\/revisions"}],"predecessor-version":[{"id":734,"href":"https:\/\/davidsarsanedas.com\/es\/wp-json\/wp\/v2\/pages\/730\/revisions\/734"}],"wp:attachment":[{"href":"https:\/\/davidsarsanedas.com\/es\/wp-json\/wp\/v2\/media?parent=730"}],"curies":[{"name":"wp","href":"https:\/\/api.w.org\/{rel}","templated":true}]}}