{"id":729,"date":"2024-10-29T11:15:11","date_gmt":"2024-10-29T11:15:11","guid":{"rendered":"https:\/blog\/"},"modified":"2024-11-25T08:59:32","modified_gmt":"2024-11-25T08:59:32","slug":"blog","status":"publish","type":"page","link":"https:\/\/davidsarsanedas.com\/es\/blog\/","title":{"rendered":"BLOG"},"content":{"rendered":"\t\t<div data-elementor-type=\"wp-page\" data-elementor-id=\"729\" class=\"elementor elementor-729 elementor-114\" data-elementor-post-type=\"page\">\n\t\t\t\t\t\t<section class=\"elementor-section elementor-top-section elementor-element elementor-element-56564eb4 elementor-section-boxed elementor-section-height-default elementor-section-height-default\" data-id=\"56564eb4\" data-element_type=\"section\" data-e-type=\"section\">\n\t\t\t\t\t\t<div class=\"elementor-container elementor-column-gap-wide\">\n\t\t\t\t\t<div class=\"elementor-column elementor-col-100 elementor-top-column elementor-element elementor-element-d719667\" data-id=\"d719667\" data-element_type=\"column\" data-e-type=\"column\">\n\t\t\t<div class=\"elementor-widget-wrap elementor-element-populated\">\n\t\t\t\t\t\t<div class=\"elementor-element elementor-element-4a49c7aa elementor-grid-3 elementor-grid-tablet-2 elementor-grid-mobile-1 elementor-posts--thumbnail-top elementor-posts--show-avatar elementor-posts__hover-gradient elementor-widget elementor-widget-posts\" data-id=\"4a49c7aa\" data-element_type=\"widget\" data-e-type=\"widget\" data-settings=\"{&quot;pagination_type&quot;:&quot;numbers_and_prev_next&quot;,&quot;cards_columns&quot;:&quot;3&quot;,&quot;cards_columns_tablet&quot;:&quot;2&quot;,&quot;cards_columns_mobile&quot;:&quot;1&quot;,&quot;cards_row_gap&quot;:{&quot;unit&quot;:&quot;px&quot;,&quot;size&quot;:35,&quot;sizes&quot;:[]},&quot;cards_row_gap_tablet&quot;:{&quot;unit&quot;:&quot;px&quot;,&quot;size&quot;:&quot;&quot;,&quot;sizes&quot;:[]},&quot;cards_row_gap_mobile&quot;:{&quot;unit&quot;:&quot;px&quot;,&quot;size&quot;:&quot;&quot;,&quot;sizes&quot;:[]}}\" data-widget_type=\"posts.cards\">\n\t\t\t\t<div class=\"elementor-widget-container\">\n\t\t\t\t\t\t\t<div class=\"elementor-posts-container elementor-posts elementor-posts--skin-cards elementor-grid\" role=\"list\">\n\t\t\t\t<article class=\"elementor-post elementor-grid-item post-747 post type-post status-publish format-standard has-post-thumbnail hentry category-medicina-china\" role=\"listitem\">\n\t\t\t<div class=\"elementor-post__card\">\n\t\t\t\t<a class=\"elementor-post__thumbnail__link\" href=\"https:\/\/davidsarsanedas.com\/es\/la-medicina-en-china-algo-de-historia-y-contexto\/\" tabindex=\"-1\" ><div class=\"elementor-post__thumbnail\"><img fetchpriority=\"high\" decoding=\"async\" width=\"300\" height=\"200\" src=\"https:\/\/davidsarsanedas.com\/wp-content\/uploads\/2024\/10\/Afegeix-un-subtitol-1-300x200.jpg\" class=\"attachment-medium size-medium wp-image-685\" alt=\"\" srcset=\"https:\/\/davidsarsanedas.com\/wp-content\/uploads\/2024\/10\/Afegeix-un-subtitol-1-300x200.jpg 300w, https:\/\/davidsarsanedas.com\/wp-content\/uploads\/2024\/10\/Afegeix-un-subtitol-1-1024x683.jpg 1024w, https:\/\/davidsarsanedas.com\/wp-content\/uploads\/2024\/10\/Afegeix-un-subtitol-1-768x512.jpg 768w, https:\/\/davidsarsanedas.com\/wp-content\/uploads\/2024\/10\/Afegeix-un-subtitol-1-1536x1024.jpg 1536w, https:\/\/davidsarsanedas.com\/wp-content\/uploads\/2024\/10\/Afegeix-un-subtitol-1-2048x1366.jpg 2048w\" sizes=\"(max-width: 300px) 100vw, 300px\" \/><\/div><\/a>\n\t\t\t\t<div class=\"elementor-post__badge\">medicina china<\/div>\n\t\t\t\t<div class=\"elementor-post__avatar\">\n\t\t\t\t\t<\/div>\n\t\t\t\t<div class=\"elementor-post__text\">\n\t\t\t\t<h3 class=\"elementor-post__title\">\n\t\t\t<a href=\"https:\/\/davidsarsanedas.com\/es\/la-medicina-en-china-algo-de-historia-y-contexto\/\" >\n\t\t\t\tLa medicina en China, algo de historia y contexto\t\t\t<\/a>\n\t\t<\/h3>\n\t\t\t\t<div class=\"elementor-post__excerpt\">\n\t\t\t<p>La medicina china ha evolucionado a lo largo de los a\u00f1os, desde sus ra\u00edces tradicionales hasta la creaci\u00f3n de la Medicina Tradicional China moderna. Descubre su historia y el actual resurgimiento de las pr\u00e1cticas cl\u00e1sicas.<\/p>\n\t\t<\/div>\n\t\t\n\t\t<a class=\"elementor-post__read-more\" href=\"https:\/\/davidsarsanedas.com\/es\/la-medicina-en-china-algo-de-historia-y-contexto\/\" aria-label=\"M\u00e1s informaci\u00f3n sobre La medicina en China, algo de historia y contexto\" tabindex=\"-1\" >\n\t\t\tLeer Art\u00edculo &gt;&gt;\t\t<\/a>\n\n\t\t\t\t<\/div>\n\t\t\t\t\t<\/div>\n\t\t<\/article>\n\t\t\t\t<article class=\"elementor-post elementor-grid-item post-725 post type-post status-publish format-standard has-post-thumbnail hentry category-medicina-china\" role=\"listitem\">\n\t\t\t<div class=\"elementor-post__card\">\n\t\t\t\t<a class=\"elementor-post__thumbnail__link\" href=\"https:\/\/davidsarsanedas.com\/es\/como-estudiar-medicina-china\/\" tabindex=\"-1\" ><div class=\"elementor-post__thumbnail\"><img decoding=\"async\" width=\"300\" height=\"200\" src=\"https:\/\/davidsarsanedas.com\/wp-content\/uploads\/2024\/10\/Afegeix-un-subtitol-1-300x200.png\" class=\"attachment-medium size-medium wp-image-684\" alt=\"\" srcset=\"https:\/\/davidsarsanedas.com\/wp-content\/uploads\/2024\/10\/Afegeix-un-subtitol-1-300x200.png 300w, https:\/\/davidsarsanedas.com\/wp-content\/uploads\/2024\/10\/Afegeix-un-subtitol-1-1024x683.png 1024w, https:\/\/davidsarsanedas.com\/wp-content\/uploads\/2024\/10\/Afegeix-un-subtitol-1-768x512.png 768w, https:\/\/davidsarsanedas.com\/wp-content\/uploads\/2024\/10\/Afegeix-un-subtitol-1-1536x1024.png 1536w, https:\/\/davidsarsanedas.com\/wp-content\/uploads\/2024\/10\/Afegeix-un-subtitol-1-2048x1366.png 2048w\" sizes=\"(max-width: 300px) 100vw, 300px\" \/><\/div><\/a>\n\t\t\t\t<div class=\"elementor-post__badge\">medicina china<\/div>\n\t\t\t\t<div class=\"elementor-post__avatar\">\n\t\t\t\t\t<\/div>\n\t\t\t\t<div class=\"elementor-post__text\">\n\t\t\t\t<h3 class=\"elementor-post__title\">\n\t\t\t<a href=\"https:\/\/davidsarsanedas.com\/es\/como-estudiar-medicina-china\/\" >\n\t\t\t\t\u00bfC\u00f3mo estudiar medicina china?\t\t\t<\/a>\n\t\t<\/h3>\n\t\t\t\t<div class=\"elementor-post__excerpt\">\n\t\t\t<p>Formarse en medicina china en Catalu\u00f1a requiere precauci\u00f3n, puesto que la mayor\u00eda de cursos no tienen validez acad\u00e9mica oficial. Te explico c\u00f3mo identificar formaciones de calidad para garantizar un buen aprendizaje.<\/p>\n\t\t<\/div>\n\t\t\n\t\t<a class=\"elementor-post__read-more\" href=\"https:\/\/davidsarsanedas.com\/es\/como-estudiar-medicina-china\/\" aria-label=\"M\u00e1s informaci\u00f3n sobre \u00bfC\u00f3mo estudiar medicina china?\" tabindex=\"-1\" >\n\t\t\tLeer Art\u00edculo &gt;&gt;\t\t<\/a>\n\n\t\t\t\t<\/div>\n\t\t\t\t\t<\/div>\n\t\t<\/article>\n\t\t\t\t<article class=\"elementor-post elementor-grid-item post-751 post type-post status-publish format-standard has-post-thumbnail hentry category-agricultura-es\" role=\"listitem\">\n\t\t\t<div class=\"elementor-post__card\">\n\t\t\t\t<a class=\"elementor-post__thumbnail__link\" href=\"https:\/\/davidsarsanedas.com\/es\/preparando-la-tierra-que-plantar-a-finales-de-octubre\/\" tabindex=\"-1\" ><div class=\"elementor-post__thumbnail\"><img decoding=\"async\" width=\"300\" height=\"200\" src=\"https:\/\/davidsarsanedas.com\/wp-content\/uploads\/2024\/10\/Afegeix-un-subtitol-7-300x200.jpg\" class=\"attachment-medium size-medium wp-image-695\" alt=\"\" srcset=\"https:\/\/davidsarsanedas.com\/wp-content\/uploads\/2024\/10\/Afegeix-un-subtitol-7-300x200.jpg 300w, https:\/\/davidsarsanedas.com\/wp-content\/uploads\/2024\/10\/Afegeix-un-subtitol-7-1024x683.jpg 1024w, https:\/\/davidsarsanedas.com\/wp-content\/uploads\/2024\/10\/Afegeix-un-subtitol-7-768x512.jpg 768w, https:\/\/davidsarsanedas.com\/wp-content\/uploads\/2024\/10\/Afegeix-un-subtitol-7-1536x1024.jpg 1536w, https:\/\/davidsarsanedas.com\/wp-content\/uploads\/2024\/10\/Afegeix-un-subtitol-7-2048x1366.jpg 2048w\" sizes=\"(max-width: 300px) 100vw, 300px\" \/><\/div><\/a>\n\t\t\t\t<div class=\"elementor-post__badge\">agricultura<\/div>\n\t\t\t\t<div class=\"elementor-post__avatar\">\n\t\t\t\t\t<\/div>\n\t\t\t\t<div class=\"elementor-post__text\">\n\t\t\t\t<h3 class=\"elementor-post__title\">\n\t\t\t<a href=\"https:\/\/davidsarsanedas.com\/es\/preparando-la-tierra-que-plantar-a-finales-de-octubre\/\" >\n\t\t\t\tPreparando la tierra: \u00bfqu\u00e9 plantar a finales de octubre?\t\t\t<\/a>\n\t\t<\/h3>\n\t\t\t\t<div class=\"elementor-post__excerpt\">\n\t\t\t<p>Aunque es una \u00e9poca tranquila, ahora se pueden sembrar habas, guisantes, ajos, cebollas y escarolas. Lechugas y coles son tambi\u00e9n buenas opciones, ya que crecen casi todo el a\u00f1o. <\/p>\n\t\t<\/div>\n\t\t\n\t\t<a class=\"elementor-post__read-more\" href=\"https:\/\/davidsarsanedas.com\/es\/preparando-la-tierra-que-plantar-a-finales-de-octubre\/\" aria-label=\"M\u00e1s informaci\u00f3n sobre Preparando la tierra: \u00bfqu\u00e9 plantar a finales de octubre?\" tabindex=\"-1\" >\n\t\t\tLeer Art\u00edculo &gt;&gt;\t\t<\/a>\n\n\t\t\t\t<\/div>\n\t\t\t\t\t<\/div>\n\t\t<\/article>\n\t\t\t\t<\/div>\n\t\t\n\t\t\t\t\t\t<\/div>\n\t\t\t\t<\/div>\n\t\t\t\t\t<\/div>\n\t\t<\/div>\n\t\t\t\t\t<\/div>\n\t\t<\/section>\n\t\t\t\t<\/div>\n\t\t","protected":false},"excerpt":{"rendered":"","protected":false},"author":3,"featured_media":0,"parent":0,"menu_order":0,"comment_status":"closed","ping_status":"closed","template":"","meta":{"footnotes":""},"class_list":["post-729","page","type-page","status-publish","hentry"],"yoast_head":"<!-- This site is optimized with the Yoast SEO plugin v27.2 - https:\/\/yoast.com\/product\/yoast-seo-wordpress\/ -->\n<title>BLOG - David Sarsanedas<\/title>\n<meta name=\"description\" content=\"Descubre reflexiones, proyectos y novedades en el blog de David Sarsanedas. Inspiraci\u00f3n y conocimiento en cada entrada.\" \/>\n<meta name=\"robots\" content=\"index, follow, max-snippet:-1, max-image-preview:large, max-video-preview:-1\" \/>\n<link rel=\"canonical\" href=\"https:\/\/davidsarsanedas.com\/es\/blog\/\" \/>\n<meta property=\"og:locale\" content=\"es_ES\" \/>\n<meta property=\"og:type\" content=\"article\" \/>\n<meta property=\"og:title\" content=\"BLOG - David Sarsanedas\" \/>\n<meta property=\"og:description\" content=\"Descubre reflexiones, proyectos y novedades en el blog de David Sarsanedas. Inspiraci\u00f3n y conocimiento en cada entrada.\" \/>\n<meta property=\"og:url\" content=\"https:\/\/davidsarsanedas.com\/es\/blog\/\" \/>\n<meta property=\"og:site_name\" content=\"David Sarsanedas\" \/>\n<meta property=\"article:modified_time\" content=\"2024-11-25T08:59:32+00:00\" \/>\n<meta name=\"twitter:card\" content=\"summary_large_image\" \/>\n<script type=\"application\/ld+json\" class=\"yoast-schema-graph\">{\"@context\":\"https:\/\/schema.org\",\"@graph\":[{\"@type\":\"WebPage\",\"@id\":\"https:\/\/davidsarsanedas.com\/es\/blog\/\",\"url\":\"https:\/\/davidsarsanedas.com\/es\/blog\/\",\"name\":\"BLOG - David Sarsanedas\",\"isPartOf\":{\"@id\":\"https:\/\/davidsarsanedas.com\/es\/#website\"},\"datePublished\":\"2024-10-29T11:15:11+00:00\",\"dateModified\":\"2024-11-25T08:59:32+00:00\",\"description\":\"Descubre reflexiones, proyectos y novedades en el blog de David Sarsanedas. Inspiraci\u00f3n y conocimiento en cada entrada.\",\"breadcrumb\":{\"@id\":\"https:\/\/davidsarsanedas.com\/es\/blog\/#breadcrumb\"},\"inLanguage\":\"es\",\"potentialAction\":[{\"@type\":\"ReadAction\",\"target\":[\"https:\/\/davidsarsanedas.com\/es\/blog\/\"]}]},{\"@type\":\"BreadcrumbList\",\"@id\":\"https:\/\/davidsarsanedas.com\/es\/blog\/#breadcrumb\",\"itemListElement\":[{\"@type\":\"ListItem\",\"position\":1,\"name\":\"Portada\",\"item\":\"https:\/\/davidsarsanedas.com\/es\/david-sarsanedas\/\"},{\"@type\":\"ListItem\",\"position\":2,\"name\":\"BLOG\"}]},{\"@type\":\"WebSite\",\"@id\":\"https:\/\/davidsarsanedas.com\/es\/#website\",\"url\":\"https:\/\/davidsarsanedas.com\/es\/\",\"name\":\"David Sarsanedas\",\"description\":\"Un espai de trobada entre ter\u00e0pies, art, natura i tecnologia\",\"potentialAction\":[{\"@type\":\"SearchAction\",\"target\":{\"@type\":\"EntryPoint\",\"urlTemplate\":\"https:\/\/davidsarsanedas.com\/es\/?s={search_term_string}\"},\"query-input\":{\"@type\":\"PropertyValueSpecification\",\"valueRequired\":true,\"valueName\":\"search_term_string\"}}],\"inLanguage\":\"es\"}]}<\/script>\n<!-- \/ Yoast SEO plugin. -->","yoast_head_json":{"title":"BLOG - David Sarsanedas","description":"Descubre reflexiones, proyectos y novedades en el blog de David Sarsanedas. Inspiraci\u00f3n y conocimiento en cada entrada.","robots":{"index":"index","follow":"follow","max-snippet":"max-snippet:-1","max-image-preview":"max-image-preview:large","max-video-preview":"max-video-preview:-1"},"canonical":"https:\/\/davidsarsanedas.com\/es\/blog\/","og_locale":"es_ES","og_type":"article","og_title":"BLOG - David Sarsanedas","og_description":"Descubre reflexiones, proyectos y novedades en el blog de David Sarsanedas. Inspiraci\u00f3n y conocimiento en cada entrada.","og_url":"https:\/\/davidsarsanedas.com\/es\/blog\/","og_site_name":"David Sarsanedas","article_modified_time":"2024-11-25T08:59:32+00:00","twitter_card":"summary_large_image","schema":{"@context":"https:\/\/schema.org","@graph":[{"@type":"WebPage","@id":"https:\/\/davidsarsanedas.com\/es\/blog\/","url":"https:\/\/davidsarsanedas.com\/es\/blog\/","name":"BLOG - David Sarsanedas","isPartOf":{"@id":"https:\/\/davidsarsanedas.com\/es\/#website"},"datePublished":"2024-10-29T11:15:11+00:00","dateModified":"2024-11-25T08:59:32+00:00","description":"Descubre reflexiones, proyectos y novedades en el blog de David Sarsanedas. Inspiraci\u00f3n y conocimiento en cada entrada.","breadcrumb":{"@id":"https:\/\/davidsarsanedas.com\/es\/blog\/#breadcrumb"},"inLanguage":"es","potentialAction":[{"@type":"ReadAction","target":["https:\/\/davidsarsanedas.com\/es\/blog\/"]}]},{"@type":"BreadcrumbList","@id":"https:\/\/davidsarsanedas.com\/es\/blog\/#breadcrumb","itemListElement":[{"@type":"ListItem","position":1,"name":"Portada","item":"https:\/\/davidsarsanedas.com\/es\/david-sarsanedas\/"},{"@type":"ListItem","position":2,"name":"BLOG"}]},{"@type":"WebSite","@id":"https:\/\/davidsarsanedas.com\/es\/#website","url":"https:\/\/davidsarsanedas.com\/es\/","name":"David Sarsanedas","description":"Un espai de trobada entre ter\u00e0pies, art, natura i tecnologia","potentialAction":[{"@type":"SearchAction","target":{"@type":"EntryPoint","urlTemplate":"https:\/\/davidsarsanedas.com\/es\/?s={search_term_string}"},"query-input":{"@type":"PropertyValueSpecification","valueRequired":true,"valueName":"search_term_string"}}],"inLanguage":"es"}]}},"_links":{"self":[{"href":"https:\/\/davidsarsanedas.com\/es\/wp-json\/wp\/v2\/pages\/729","targetHints":{"allow":["GET"]}}],"collection":[{"href":"https:\/\/davidsarsanedas.com\/es\/wp-json\/wp\/v2\/pages"}],"about":[{"href":"https:\/\/davidsarsanedas.com\/es\/wp-json\/wp\/v2\/types\/page"}],"author":[{"embeddable":true,"href":"https:\/\/davidsarsanedas.com\/es\/wp-json\/wp\/v2\/users\/3"}],"replies":[{"embeddable":true,"href":"https:\/\/davidsarsanedas.com\/es\/wp-json\/wp\/v2\/comments?post=729"}],"version-history":[{"count":1,"href":"https:\/\/davidsarsanedas.com\/es\/wp-json\/wp\/v2\/pages\/729\/revisions"}],"predecessor-version":[{"id":733,"href":"https:\/\/davidsarsanedas.com\/es\/wp-json\/wp\/v2\/pages\/729\/revisions\/733"}],"wp:attachment":[{"href":"https:\/\/davidsarsanedas.com\/es\/wp-json\/wp\/v2\/media?parent=729"}],"curies":[{"name":"wp","href":"https:\/\/api.w.org\/{rel}","templated":true}]}}