{"id":728,"date":"2024-11-03T18:21:18","date_gmt":"2024-11-03T18:21:18","guid":{"rendered":"https:\/dibujo-y-grabado\/"},"modified":"2024-12-16T12:51:04","modified_gmt":"2024-12-16T12:51:04","slug":"dibujo-y-grabado","status":"publish","type":"page","link":"https:\/\/davidsarsanedas.com\/es\/artes\/dibujo-y-grabado\/","title":{"rendered":"DIBUJO Y GRABADO"},"content":{"rendered":"\t\t<div data-elementor-type=\"wp-page\" data-elementor-id=\"728\" class=\"elementor elementor-728 elementor-231\" data-elementor-post-type=\"page\">\n\t\t\t\t\t\t<section class=\"elementor-section elementor-top-section elementor-element elementor-element-033f752 elementor-section-boxed elementor-section-height-default elementor-section-height-default\" data-id=\"033f752\" data-element_type=\"section\" data-e-type=\"section\">\n\t\t\t\t\t\t<div class=\"elementor-container elementor-column-gap-wide\">\n\t\t\t\t\t<div class=\"elementor-column elementor-col-100 elementor-top-column elementor-element elementor-element-abc5893\" data-id=\"abc5893\" data-element_type=\"column\" data-e-type=\"column\">\n\t\t\t<div class=\"elementor-widget-wrap elementor-element-populated\">\n\t\t\t\t\t\t<div class=\"elementor-element elementor-element-d83b02e elementor-widget elementor-widget-heading\" data-id=\"d83b02e\" data-element_type=\"widget\" data-e-type=\"widget\" data-widget_type=\"heading.default\">\n\t\t\t\t<div class=\"elementor-widget-container\">\n\t\t\t\t\t<h1 class=\"elementor-heading-title elementor-size-default\">Dibujo y grabado<\/h1>\t\t\t\t<\/div>\n\t\t\t\t<\/div>\n\t\t\t\t\t<\/div>\n\t\t<\/div>\n\t\t\t\t\t<\/div>\n\t\t<\/section>\n\t\t\t\t<section class=\"elementor-section elementor-top-section elementor-element elementor-element-de0f9a9 elementor-section-boxed elementor-section-height-default elementor-section-height-default\" data-id=\"de0f9a9\" data-element_type=\"section\" data-e-type=\"section\">\n\t\t\t\t\t\t<div class=\"elementor-container elementor-column-gap-wide\">\n\t\t\t\t\t<div class=\"elementor-column elementor-col-100 elementor-top-column elementor-element elementor-element-cf21c53\" data-id=\"cf21c53\" data-element_type=\"column\" data-e-type=\"column\">\n\t\t\t<div class=\"elementor-widget-wrap elementor-element-populated\">\n\t\t\t\t\t\t<div class=\"elementor-element elementor-element-6131587 elementor-widget elementor-widget-gallery\" data-id=\"6131587\" data-element_type=\"widget\" data-e-type=\"widget\" data-settings=\"{&quot;gallery_layout&quot;:&quot;masonry&quot;,&quot;lazyload&quot;:&quot;yes&quot;,&quot;columns&quot;:4,&quot;columns_tablet&quot;:2,&quot;columns_mobile&quot;:1,&quot;gap&quot;:{&quot;unit&quot;:&quot;px&quot;,&quot;size&quot;:10,&quot;sizes&quot;:[]},&quot;gap_tablet&quot;:{&quot;unit&quot;:&quot;px&quot;,&quot;size&quot;:10,&quot;sizes&quot;:[]},&quot;gap_mobile&quot;:{&quot;unit&quot;:&quot;px&quot;,&quot;size&quot;:10,&quot;sizes&quot;:[]},&quot;link_to&quot;:&quot;file&quot;,&quot;overlay_background&quot;:&quot;yes&quot;,&quot;content_hover_animation&quot;:&quot;fade-in&quot;}\" data-widget_type=\"gallery.default\">\n\t\t\t\t<div class=\"elementor-widget-container\">\n\t\t\t\t\t\t\t<div class=\"elementor-gallery__container\">\n\t\t\t\t\t\t\t<a class=\"e-gallery-item elementor-gallery-item elementor-animated-content\" href=\"https:\/\/davidsarsanedas.com\/wp-content\/uploads\/2024\/11\/Dibuix-i-gravat-scaled.jpg\" data-elementor-open-lightbox=\"yes\" data-elementor-lightbox-slideshow=\"6131587\" data-elementor-lightbox-title=\"Dibuix i gravat\" data-e-action-hash=\"#elementor-action%3Aaction%3Dlightbox%26settings%3DeyJpZCI6NzEwLCJ1cmwiOiJodHRwczpcL1wvZGF2aWRzYXJzYW5lZGFzLmNvbVwvd3AtY29udGVudFwvdXBsb2Fkc1wvMjAyNFwvMTFcL0RpYnVpeC1pLWdyYXZhdC1zY2FsZWQuanBnIiwic2xpZGVzaG93IjoiNjEzMTU4NyJ9\">\n\t\t\t\t\t<div class=\"e-gallery-image elementor-gallery-item__image\" data-thumbnail=\"https:\/\/davidsarsanedas.com\/wp-content\/uploads\/2024\/11\/Dibuix-i-gravat-scaled.jpg\" data-width=\"1779\" data-height=\"2560\" aria-label=\"Dibuix de David Sarsanedas\" role=\"img\" ><\/div>\n\t\t\t\t\t\t\t\t\t\t\t<div class=\"elementor-gallery-item__overlay\"><\/div>\n\t\t\t\t\t\t\t\t\t\t\t\t\t\t<\/a>\n\t\t\t\t\t<\/div>\n\t\t\t\t\t<\/div>\n\t\t\t\t<\/div>\n\t\t\t\t\t<\/div>\n\t\t<\/div>\n\t\t\t\t\t<\/div>\n\t\t<\/section>\n\t\t\t\t<\/div>\n\t\t","protected":false},"excerpt":{"rendered":"<p>Dibujo y grabado<\/p>\n","protected":false},"author":3,"featured_media":0,"parent":737,"menu_order":0,"comment_status":"closed","ping_status":"closed","template":"","meta":{"footnotes":""},"class_list":["post-728","page","type-page","status-publish","hentry"],"yoast_head":"<!-- This site is optimized with the Yoast SEO plugin v27.2 - https:\/\/yoast.com\/product\/yoast-seo-wordpress\/ -->\n<title>DIBUJO Y GRABADO - David Sarsanedas<\/title>\n<meta name=\"description\" content=\"Ad\u00e9ntrate en las t\u00e9cnicas de dibujo y grabado de David Sarsanedas. Tradici\u00f3n y modernidad unidas en el arte. DIBUJO Y GRABADO\" \/>\n<meta name=\"robots\" content=\"index, follow, max-snippet:-1, max-image-preview:large, max-video-preview:-1\" \/>\n<link rel=\"canonical\" href=\"https:\/\/davidsarsanedas.com\/es\/artes\/dibujo-y-grabado\/\" \/>\n<meta property=\"og:locale\" content=\"es_ES\" \/>\n<meta property=\"og:type\" content=\"article\" \/>\n<meta property=\"og:title\" content=\"DIBUJO Y GRABADO - David Sarsanedas\" \/>\n<meta property=\"og:description\" content=\"Ad\u00e9ntrate en las t\u00e9cnicas de dibujo y grabado de David Sarsanedas. Tradici\u00f3n y modernidad unidas en el arte. DIBUJO Y GRABADO\" \/>\n<meta property=\"og:url\" content=\"https:\/\/davidsarsanedas.com\/es\/artes\/dibujo-y-grabado\/\" \/>\n<meta property=\"og:site_name\" content=\"David Sarsanedas\" \/>\n<meta property=\"article:modified_time\" content=\"2024-12-16T12:51:04+00:00\" \/>\n<meta name=\"twitter:card\" content=\"summary_large_image\" \/>\n<script type=\"application\/ld+json\" class=\"yoast-schema-graph\">{\"@context\":\"https:\/\/schema.org\",\"@graph\":[{\"@type\":\"WebPage\",\"@id\":\"https:\/\/davidsarsanedas.com\/es\/artes\/dibujo-y-grabado\/\",\"url\":\"https:\/\/davidsarsanedas.com\/es\/artes\/dibujo-y-grabado\/\",\"name\":\"DIBUJO Y GRABADO - David Sarsanedas\",\"isPartOf\":{\"@id\":\"https:\/\/davidsarsanedas.com\/es\/#website\"},\"datePublished\":\"2024-11-03T18:21:18+00:00\",\"dateModified\":\"2024-12-16T12:51:04+00:00\",\"description\":\"Ad\u00e9ntrate en las t\u00e9cnicas de dibujo y grabado de David Sarsanedas. Tradici\u00f3n y modernidad unidas en el arte. DIBUJO Y GRABADO\",\"breadcrumb\":{\"@id\":\"https:\/\/davidsarsanedas.com\/es\/artes\/dibujo-y-grabado\/#breadcrumb\"},\"inLanguage\":\"es\",\"potentialAction\":[{\"@type\":\"ReadAction\",\"target\":[\"https:\/\/davidsarsanedas.com\/es\/artes\/dibujo-y-grabado\/\"]}]},{\"@type\":\"BreadcrumbList\",\"@id\":\"https:\/\/davidsarsanedas.com\/es\/artes\/dibujo-y-grabado\/#breadcrumb\",\"itemListElement\":[{\"@type\":\"ListItem\",\"position\":1,\"name\":\"Portada\",\"item\":\"https:\/\/davidsarsanedas.com\/es\/david-sarsanedas\/\"},{\"@type\":\"ListItem\",\"position\":2,\"name\":\"ARTES\",\"item\":\"https:\/\/davidsarsanedas.com\/es\/artes\/\"},{\"@type\":\"ListItem\",\"position\":3,\"name\":\"DIBUJO Y GRABADO\"}]},{\"@type\":\"WebSite\",\"@id\":\"https:\/\/davidsarsanedas.com\/es\/#website\",\"url\":\"https:\/\/davidsarsanedas.com\/es\/\",\"name\":\"David Sarsanedas\",\"description\":\"Un espai de trobada entre ter\u00e0pies, art, natura i tecnologia\",\"potentialAction\":[{\"@type\":\"SearchAction\",\"target\":{\"@type\":\"EntryPoint\",\"urlTemplate\":\"https:\/\/davidsarsanedas.com\/es\/?s={search_term_string}\"},\"query-input\":{\"@type\":\"PropertyValueSpecification\",\"valueRequired\":true,\"valueName\":\"search_term_string\"}}],\"inLanguage\":\"es\"}]}<\/script>\n<!-- \/ Yoast SEO plugin. -->","yoast_head_json":{"title":"DIBUJO Y GRABADO - David Sarsanedas","description":"Ad\u00e9ntrate en las t\u00e9cnicas de dibujo y grabado de David Sarsanedas. Tradici\u00f3n y modernidad unidas en el arte. DIBUJO Y GRABADO","robots":{"index":"index","follow":"follow","max-snippet":"max-snippet:-1","max-image-preview":"max-image-preview:large","max-video-preview":"max-video-preview:-1"},"canonical":"https:\/\/davidsarsanedas.com\/es\/artes\/dibujo-y-grabado\/","og_locale":"es_ES","og_type":"article","og_title":"DIBUJO Y GRABADO - David Sarsanedas","og_description":"Ad\u00e9ntrate en las t\u00e9cnicas de dibujo y grabado de David Sarsanedas. Tradici\u00f3n y modernidad unidas en el arte. DIBUJO Y GRABADO","og_url":"https:\/\/davidsarsanedas.com\/es\/artes\/dibujo-y-grabado\/","og_site_name":"David Sarsanedas","article_modified_time":"2024-12-16T12:51:04+00:00","twitter_card":"summary_large_image","schema":{"@context":"https:\/\/schema.org","@graph":[{"@type":"WebPage","@id":"https:\/\/davidsarsanedas.com\/es\/artes\/dibujo-y-grabado\/","url":"https:\/\/davidsarsanedas.com\/es\/artes\/dibujo-y-grabado\/","name":"DIBUJO Y GRABADO - David Sarsanedas","isPartOf":{"@id":"https:\/\/davidsarsanedas.com\/es\/#website"},"datePublished":"2024-11-03T18:21:18+00:00","dateModified":"2024-12-16T12:51:04+00:00","description":"Ad\u00e9ntrate en las t\u00e9cnicas de dibujo y grabado de David Sarsanedas. Tradici\u00f3n y modernidad unidas en el arte. DIBUJO Y GRABADO","breadcrumb":{"@id":"https:\/\/davidsarsanedas.com\/es\/artes\/dibujo-y-grabado\/#breadcrumb"},"inLanguage":"es","potentialAction":[{"@type":"ReadAction","target":["https:\/\/davidsarsanedas.com\/es\/artes\/dibujo-y-grabado\/"]}]},{"@type":"BreadcrumbList","@id":"https:\/\/davidsarsanedas.com\/es\/artes\/dibujo-y-grabado\/#breadcrumb","itemListElement":[{"@type":"ListItem","position":1,"name":"Portada","item":"https:\/\/davidsarsanedas.com\/es\/david-sarsanedas\/"},{"@type":"ListItem","position":2,"name":"ARTES","item":"https:\/\/davidsarsanedas.com\/es\/artes\/"},{"@type":"ListItem","position":3,"name":"DIBUJO Y GRABADO"}]},{"@type":"WebSite","@id":"https:\/\/davidsarsanedas.com\/es\/#website","url":"https:\/\/davidsarsanedas.com\/es\/","name":"David Sarsanedas","description":"Un espai de trobada entre ter\u00e0pies, art, natura i tecnologia","potentialAction":[{"@type":"SearchAction","target":{"@type":"EntryPoint","urlTemplate":"https:\/\/davidsarsanedas.com\/es\/?s={search_term_string}"},"query-input":{"@type":"PropertyValueSpecification","valueRequired":true,"valueName":"search_term_string"}}],"inLanguage":"es"}]}},"_links":{"self":[{"href":"https:\/\/davidsarsanedas.com\/es\/wp-json\/wp\/v2\/pages\/728","targetHints":{"allow":["GET"]}}],"collection":[{"href":"https:\/\/davidsarsanedas.com\/es\/wp-json\/wp\/v2\/pages"}],"about":[{"href":"https:\/\/davidsarsanedas.com\/es\/wp-json\/wp\/v2\/types\/page"}],"author":[{"embeddable":true,"href":"https:\/\/davidsarsanedas.com\/es\/wp-json\/wp\/v2\/users\/3"}],"replies":[{"embeddable":true,"href":"https:\/\/davidsarsanedas.com\/es\/wp-json\/wp\/v2\/comments?post=728"}],"version-history":[{"count":2,"href":"https:\/\/davidsarsanedas.com\/es\/wp-json\/wp\/v2\/pages\/728\/revisions"}],"predecessor-version":[{"id":923,"href":"https:\/\/davidsarsanedas.com\/es\/wp-json\/wp\/v2\/pages\/728\/revisions\/923"}],"up":[{"embeddable":true,"href":"https:\/\/davidsarsanedas.com\/es\/wp-json\/wp\/v2\/pages\/737"}],"wp:attachment":[{"href":"https:\/\/davidsarsanedas.com\/es\/wp-json\/wp\/v2\/media?parent=728"}],"curies":[{"name":"wp","href":"https:\/\/api.w.org\/{rel}","templated":true}]}}